{"id":100027374,"date":"2024-10-27T11:11:53","date_gmt":"2024-10-27T11:11:53","guid":{"rendered":"https:\/\/www.onlinepanel.net\/impressao\/"},"modified":"2024-10-27T11:11:53","modified_gmt":"2024-10-27T11:11:53","slug":"impressao","status":"publish","type":"page","link":"https:\/\/www.onlinepanel.net\/pt-br\/impressao\/","title":{"rendered":"Impress\u00e3o"},"content":{"rendered":"<p>[vc_row][vc_column][vc_column_text bb_tab_container=&#8221;&#8221;]The Survey Scientists, a editora do Online Panel NET, \u00e9 uma marca de servi\u00e7os de pesquisa de mercado de Alexander Raulfs, um pioneiro l\u00edder em pesquisa de mercado on-line da Alemanha, com mais de 27 anos de experi\u00eancia em pesquisa internacional.<\/p>\n<p>The Survey Scientists<br \/>\nAlexander Raulfs, M.A.<br \/>\nCarrer Esglesia 4, 08712 Sant Marti de Tous &#8211; Barcelona, Espanha<\/p>\n<p>Telefone: 0034-938096331<br \/>\nE-mail: <span \n                data-original-string='mbSwtAjvazrHcRIFDmIltA==a793+9Hby64zE7okvXYP1OPaXdltoWgmVZnuC5h4SZmkjc='\n                class='apbct-email-encoder'\n                title='This contact has been encoded by Anti-Spam by CleanTalk. Click to decode. To finish the decoding make sure that JavaScript is enabled in your browser.'>in<span class=\"apbct-blur\">**<\/span>@<span class=\"apbct-blur\">**************<\/span>ts.com<\/span><br \/>\nWeb: www.surveyscientists.com<br \/>\nN\u00famero de identifica\u00e7\u00e3o do IVA: ESZ0748764G<\/p>\n<p>Responsabilidade pelo conte\u00fado<\/p>\n<p>O conte\u00fado de nossas p\u00e1ginas foi criado com o maior cuidado. No entanto, n\u00e3o podemos aceitar nenhuma responsabilidade pela precis\u00e3o, integridade e atualidade do conte\u00fado. Como provedor de servi\u00e7os, somos respons\u00e1veis por nosso pr\u00f3prio conte\u00fado nessas p\u00e1ginas, de acordo com o \u00a7 7 (1) da DDG e a legisla\u00e7\u00e3o geral. De acordo com os \u00a7\u00a7 8 a 10 da DDG, no entanto, n\u00e3o somos obrigados, como provedor de servi\u00e7os, a monitorar informa\u00e7\u00f5es transmitidas ou armazenadas de terceiros ou a investigar circunst\u00e2ncias que indiquem atividade ilegal. As obriga\u00e7\u00f5es de remover ou bloquear o uso de informa\u00e7\u00f5es de acordo com a legisla\u00e7\u00e3o geral n\u00e3o s\u00e3o afetadas por esse fato. Entretanto, a responsabilidade a esse respeito s\u00f3 \u00e9 poss\u00edvel a partir do momento em que se tem conhecimento de uma infra\u00e7\u00e3o espec\u00edfica. Assim que tomarmos conhecimento de tais infra\u00e7\u00f5es, removeremos esse conte\u00fado imediatamente.<\/p>\n<p>Responsabilidade por links<\/p>\n<p>Nosso site cont\u00e9m links para sites externos de terceiros sobre cujo conte\u00fado n\u00e3o temos influ\u00eancia. Portanto, n\u00e3o podemos aceitar nenhuma responsabilidade por esse conte\u00fado de terceiros. O respectivo provedor ou operador das p\u00e1ginas \u00e9 sempre respons\u00e1vel pelo conte\u00fado das p\u00e1ginas vinculadas. As p\u00e1ginas vinculadas foram verificadas quanto a poss\u00edveis viola\u00e7\u00f5es legais no momento da vincula\u00e7\u00e3o. O conte\u00fado ilegal n\u00e3o foi reconhecido no momento da vincula\u00e7\u00e3o. Entretanto, o monitoramento permanente do conte\u00fado das p\u00e1ginas vinculadas n\u00e3o \u00e9 razo\u00e1vel sem evid\u00eancias concretas de uma infra\u00e7\u00e3o. Se tomarmos conhecimento de qualquer infra\u00e7\u00e3o legal, removeremos esses links imediatamente.<\/p>\n<p>Direitos autorais<\/p>\n<p>O conte\u00fado e os trabalhos criados pelos operadores do site nessas p\u00e1ginas est\u00e3o sujeitos \u00e0 legisla\u00e7\u00e3o europeia de direitos autorais. A duplica\u00e7\u00e3o, o processamento, a distribui\u00e7\u00e3o e qualquer forma de comercializa\u00e7\u00e3o desse material al\u00e9m do escopo da lei de direitos autorais exigir\u00e3o o consentimento pr\u00e9vio por escrito de seu respectivo autor ou criador. Downloads e c\u00f3pias deste site s\u00e3o permitidos somente para uso privado e n\u00e3o comercial. Na medida em que o conte\u00fado deste site n\u00e3o foi criado pelo operador, os direitos autorais de terceiros s\u00e3o respeitados. Em particular, o conte\u00fado de terceiros \u00e9 identificado como tal. Se, mesmo assim, voc\u00ea tomar conhecimento de uma viola\u00e7\u00e3o de direitos autorais, informe-nos adequadamente. Se tomarmos conhecimento de qualquer infra\u00e7\u00e3o, removeremos esse conte\u00fado imediatamente.<\/p>\n<p>Prote\u00e7\u00e3o de dados<\/p>\n<p>O uso de nosso site geralmente \u00e9 poss\u00edvel sem o fornecimento de dados pessoais. Na medida em que dados pessoais (por exemplo, nome, endere\u00e7o ou endere\u00e7os de e-mail) s\u00e3o coletados em nossas p\u00e1ginas, isso \u00e9 sempre feito de forma volunt\u00e1ria, na medida do poss\u00edvel. Esses dados n\u00e3o ser\u00e3o repassados a terceiros sem seu consentimento expresso.<br \/>\nGostar\u00edamos de salientar que a transmiss\u00e3o de dados pela Internet (por exemplo, ao se comunicar por e-mail) pode estar sujeita a vulnerabilidades de seguran\u00e7a. A prote\u00e7\u00e3o completa dos dados contra o acesso de terceiros n\u00e3o \u00e9 poss\u00edvel.<br \/>\nPor meio deste documento, proibimos expressamente o uso de dados de contato publicados no escopo da obriga\u00e7\u00e3o de impress\u00e3o por terceiros para o envio de material publicit\u00e1rio e informativo n\u00e3o solicitado. Os operadores deste site se reservam expressamente o direito de tomar medidas legais no caso de envio n\u00e3o solicitado de informa\u00e7\u00f5es publicit\u00e1rias, como e-mails de spam.[\/vc_column_text][\/vc_column][\/vc_row]<\/p>\n","protected":false},"excerpt":{"rendered":"<p>[vc_row][vc_column][vc_column_text bb_tab_container=&#8221;&#8221;]The Survey Scientists, a editora do Online Panel NET, \u00e9 uma marca de servi\u00e7os de pesquisa de mercado de Alexander Raulfs, um pioneiro l\u00edder em pesquisa de mercado on-line da Alemanha, com mais de 27 anos de experi\u00eancia em pesquisa internacional. The Survey Scientists Alexander Raulfs, M.A. Carrer Esglesia 4, 08712 Sant Marti de Tous &#8211; Barcelona, Espanha Telefone: 0034-938096331 E-mail: in**@**************ts.com Web: www.surveyscientists.com N\u00famero de identifica\u00e7\u00e3o do IVA: ESZ0748764G Responsabilidade pelo conte\u00fado O conte\u00fado de nossas p\u00e1ginas foi criado com o maior cuidado. No entanto, n\u00e3o podemos aceitar nenhuma responsabilidade pela precis\u00e3o, integridade e atualidade do conte\u00fado. Como provedor de servi\u00e7os, somos respons\u00e1veis por nosso pr\u00f3prio conte\u00fado nessas p\u00e1ginas, de acordo com o \u00a7 7 (1) da DDG e a legisla\u00e7\u00e3o geral. De acordo com os \u00a7\u00a7 8 a 10 da DDG, no entanto, n\u00e3o somos obrigados, como provedor de servi\u00e7os, a monitorar informa\u00e7\u00f5es transmitidas ou armazenadas de terceiros ou a investigar circunst\u00e2ncias que indiquem atividade ilegal. As obriga\u00e7\u00f5es de remover ou bloquear o uso de informa\u00e7\u00f5es de acordo com a legisla\u00e7\u00e3o geral n\u00e3o s\u00e3o afetadas por esse fato. Entretanto, a responsabilidade a esse respeito s\u00f3 \u00e9 poss\u00edvel a partir do momento em que se tem conhecimento de uma infra\u00e7\u00e3o espec\u00edfica. Assim que tomarmos conhecimento de tais infra\u00e7\u00f5es, removeremos esse conte\u00fado imediatamente. Responsabilidade por links Nosso site cont\u00e9m links para sites externos de terceiros sobre cujo conte\u00fado n\u00e3o temos influ\u00eancia. Portanto, n\u00e3o podemos aceitar nenhuma responsabilidade por esse conte\u00fado de terceiros. O respectivo provedor ou operador das p\u00e1ginas \u00e9 sempre respons\u00e1vel pelo conte\u00fado das p\u00e1ginas vinculadas. As p\u00e1ginas vinculadas foram verificadas quanto a poss\u00edveis viola\u00e7\u00f5es legais no momento da vincula\u00e7\u00e3o. O conte\u00fado ilegal n\u00e3o foi reconhecido no momento da vincula\u00e7\u00e3o. Entretanto, o monitoramento permanente do conte\u00fado das p\u00e1ginas vinculadas n\u00e3o \u00e9 razo\u00e1vel sem evid\u00eancias concretas de uma infra\u00e7\u00e3o. Se tomarmos conhecimento de qualquer infra\u00e7\u00e3o legal, removeremos esses links imediatamente. Direitos autorais O conte\u00fado e os trabalhos criados pelos operadores do site nessas p\u00e1ginas est\u00e3o sujeitos \u00e0 legisla\u00e7\u00e3o europeia de direitos autorais. A duplica\u00e7\u00e3o, o processamento, a distribui\u00e7\u00e3o e qualquer forma de comercializa\u00e7\u00e3o desse material al\u00e9m do escopo da lei de direitos autorais exigir\u00e3o o consentimento pr\u00e9vio por escrito de seu respectivo autor ou criador. Downloads e c\u00f3pias deste site s\u00e3o permitidos somente para uso privado e n\u00e3o comercial. Na medida em que o conte\u00fado deste site n\u00e3o foi criado pelo operador, os direitos autorais de terceiros s\u00e3o respeitados. Em particular, o conte\u00fado de terceiros \u00e9 identificado como tal. Se, mesmo assim, voc\u00ea tomar conhecimento de uma viola\u00e7\u00e3o de direitos autorais, informe-nos adequadamente. Se tomarmos conhecimento de qualquer infra\u00e7\u00e3o, removeremos esse conte\u00fado imediatamente. Prote\u00e7\u00e3o de dados O uso de nosso site geralmente \u00e9 poss\u00edvel sem o fornecimento de dados pessoais. Na medida em que dados pessoais (por exemplo, nome, endere\u00e7o ou endere\u00e7os de e-mail) s\u00e3o coletados em nossas p\u00e1ginas, isso \u00e9 sempre feito de forma volunt\u00e1ria, na medida do poss\u00edvel. Esses dados n\u00e3o ser\u00e3o repassados a terceiros sem seu consentimento expresso. Gostar\u00edamos de salientar que a transmiss\u00e3o de dados pela Internet (por exemplo, ao se comunicar por e-mail) pode estar sujeita a vulnerabilidades de seguran\u00e7a. A prote\u00e7\u00e3o completa dos dados contra o acesso de terceiros n\u00e3o \u00e9 poss\u00edvel. Por meio deste documento, proibimos expressamente o uso de dados de contato publicados no escopo da obriga\u00e7\u00e3o de impress\u00e3o por terceiros para o envio de material publicit\u00e1rio e informativo n\u00e3o solicitado. Os operadores deste site se reservam expressamente o direito de tomar medidas legais no caso de envio n\u00e3o solicitado de informa\u00e7\u00f5es publicit\u00e1rias, como e-mails de spam.[\/vc_column_text][\/vc_column][\/vc_row]<\/p>\n","protected":false},"author":1,"featured_media":0,"parent":0,"menu_order":0,"comment_status":"closed","ping_status":"closed","template":"","meta":{"_bbp_topic_count":0,"_bbp_reply_count":0,"_bbp_total_topic_count":0,"_bbp_total_reply_count":0,"_bbp_voice_count":0,"_bbp_anonymous_reply_count":0,"_bbp_topic_count_hidden":0,"_bbp_reply_count_hidden":0,"_bbp_forum_subforum_count":0},"_links":{"self":[{"href":"https:\/\/www.onlinepanel.net\/pt-br\/wp-json\/wp\/v2\/pages\/100027374"}],"collection":[{"href":"https:\/\/www.onlinepanel.net\/pt-br\/wp-json\/wp\/v2\/pages"}],"about":[{"href":"https:\/\/www.onlinepanel.net\/pt-br\/wp-json\/wp\/v2\/types\/page"}],"author":[{"embeddable":true,"href":"https:\/\/www.onlinepanel.net\/pt-br\/wp-json\/wp\/v2\/users\/1"}],"replies":[{"embeddable":true,"href":"https:\/\/www.onlinepanel.net\/pt-br\/wp-json\/wp\/v2\/comments?post=100027374"}],"version-history":[{"count":2,"href":"https:\/\/www.onlinepanel.net\/pt-br\/wp-json\/wp\/v2\/pages\/100027374\/revisions"}],"predecessor-version":[{"id":100027376,"href":"https:\/\/www.onlinepanel.net\/pt-br\/wp-json\/wp\/v2\/pages\/100027374\/revisions\/100027376"}],"wp:attachment":[{"href":"https:\/\/www.onlinepanel.net\/pt-br\/wp-json\/wp\/v2\/media?parent=100027374"}],"curies":[{"name":"wp","href":"https:\/\/api.w.org\/{rel}","templated":true}]}}