{"id":100020413,"date":"2021-09-22T11:00:05","date_gmt":"2021-09-22T11:00:05","guid":{"rendered":"https:\/\/www.onlinepanel.net\/pesquisas-moveis\/"},"modified":"2022-03-06T10:00:55","modified_gmt":"2022-03-06T10:00:55","slug":"pesquisas-moveis","status":"publish","type":"page","link":"https:\/\/www.onlinepanel.net\/pt-br\/pesquisas-moveis\/","title":{"rendered":"Pesquisas moveis"},"content":{"rendered":"<p>[vc_row equal_height=&#8221;yes&#8221; content_placement=&#8221;middle&#8221;][vc_column width=&#8221;5\/6&#8243;][vc_message message_box_color=&#8221;white&#8221; icon_fontawesome=&#8221;fas fa-chart-bar&#8221; bb_tab_container=&#8221;&#8221;]<\/p>\n<h3><a href=\"https:\/\/rewardtk.com\/click.php?aff=6180&amp;camp=4970890&amp;sub1=0\" target=\"_blank\" rel=\"noopener\">Research on Mobile Brasil<\/a><\/h3>\n<p><span style=\"color: #808080;\">Seja pago por pesquisas com a Research on Mobile Brasil. Com cada pesquisa conclu\u00edda, voc\u00ea sempre coleta 230 pontos, com at\u00e9 3 pesquisas por dia. Estas pesquisas s\u00e3o apenas para usu\u00e1rios m\u00f3veis com Smartphone ou Tablet. Abra, preencha uma pesquisa e ganhe recompensa com sempre 230 pontos. Somente para usu\u00e1rios na Brasil e m\u00f3veis. <\/span>[\/vc_message][\/vc_column][vc_column width=&#8221;1\/6&#8243;][vc_message message_box_color=&#8221;white&#8221; icon_fontawesome=&#8221;fas fa-edit&#8221; bb_tab_container=&#8221;&#8221;]<\/p>\n<p>&nbsp;<\/p>\n<h1><span style=\"color: #ffffff;\"><a href=\"https:\/\/rewardtk.com\/click.php?aff=6180&amp;camp=4970890&amp;sub1=0\" target=\"_blank\" rel=\"noopener\">230<\/a><\/span><\/h1>\n<p>&nbsp;<\/p>\n<p>[\/vc_message][\/vc_column][\/vc_row][vc_row equal_height=&#8221;yes&#8221; content_placement=&#8221;middle&#8221;][vc_column width=&#8221;5\/6&#8243;][vc_message message_box_color=&#8221;white&#8221; icon_fontawesome=&#8221;fas fa-chart-bar&#8221; bb_tab_container=&#8221;&#8221;]<\/p>\n<h3><a href=\"https:\/\/rewardtk.com\/click.php?aff=6180&amp;camp=4971506&amp;sub1=0\" target=\"_blank\" rel=\"noopener\">Research on Mobile Portugal<\/a><\/h3>\n<p><span style=\"color: #808080;\">Ser pago por inqu\u00e9ritos com Research on Mobile Portugal. Com cada inqu\u00e9rito conclu\u00eddo, recolhe sempre 400 pontos, com um m\u00e1ximo de 3 inqu\u00e9ritos por dia. Estes inqu\u00e9ritos s\u00e3o apenas para utilizadores m\u00f3veis com Smartphone ou Tablet. Abra, complete um inqu\u00e9rito e seja recompensado com sempre 400 pontos. Apenas para Portugal e utilizadores de telem\u00f3veis. <\/span>[\/vc_message][\/vc_column][vc_column width=&#8221;1\/6&#8243;][vc_message message_box_color=&#8221;grey&#8221; icon_fontawesome=&#8221;fas fa-edit&#8221; bb_tab_container=&#8221;&#8221;]<\/p>\n<p>&nbsp;<\/p>\n<h1><span style=\"color: #ffffff;\"><a href=\"https:\/\/rewardtk.com\/click.php?aff=6180&amp;camp=4971506&amp;sub1=0\" target=\"_blank\" rel=\"noopener\">400<\/a><\/span><\/h1>\n<p>&nbsp;<\/p>\n<p>[\/vc_message][\/vc_column][\/vc_row][vc_row][vc_column][vc_column_text]<br \/>\n[\/vc_column_text][\/vc_column][\/vc_row]<\/p>\n","protected":false},"excerpt":{"rendered":"<p>[vc_row equal_height=&#8221;yes&#8221; content_placement=&#8221;middle&#8221;][vc_column width=&#8221;5\/6&#8243;][vc_message message_box_color=&#8221;white&#8221; icon_fontawesome=&#8221;fas fa-chart-bar&#8221; bb_tab_container=&#8221;&#8221;] Research on Mobile Brasil Seja pago por pesquisas com a Research on Mobile Brasil. Com cada pesquisa conclu\u00edda, voc\u00ea sempre coleta 230 pontos, com at\u00e9 3 pesquisas por dia. Estas pesquisas s\u00e3o apenas para usu\u00e1rios m\u00f3veis com Smartphone ou Tablet. Abra, preencha uma pesquisa e ganhe recompensa com sempre 230 pontos. Somente para usu\u00e1rios na Brasil e m\u00f3veis. [\/vc_message][\/vc_column][vc_column width=&#8221;1\/6&#8243;][vc_message message_box_color=&#8221;white&#8221; icon_fontawesome=&#8221;fas fa-edit&#8221; bb_tab_container=&#8221;&#8221;] &nbsp; 230 &nbsp; [\/vc_message][\/vc_column][\/vc_row][vc_row equal_height=&#8221;yes&#8221; content_placement=&#8221;middle&#8221;][vc_column width=&#8221;5\/6&#8243;][vc_message message_box_color=&#8221;white&#8221; icon_fontawesome=&#8221;fas fa-chart-bar&#8221; bb_tab_container=&#8221;&#8221;] Research on Mobile Portugal Ser pago por inqu\u00e9ritos com Research on Mobile Portugal. Com cada inqu\u00e9rito conclu\u00eddo, recolhe sempre 400 pontos, com um m\u00e1ximo de 3 inqu\u00e9ritos por dia. Estes inqu\u00e9ritos s\u00e3o apenas para utilizadores m\u00f3veis com Smartphone ou Tablet. Abra, complete um inqu\u00e9rito e seja recompensado com sempre 400 pontos. Apenas para Portugal e utilizadores de telem\u00f3veis. [\/vc_message][\/vc_column][vc_column width=&#8221;1\/6&#8243;][vc_message message_box_color=&#8221;grey&#8221; icon_fontawesome=&#8221;fas fa-edit&#8221; bb_tab_container=&#8221;&#8221;] &nbsp; 400 &nbsp; [\/vc_message][\/vc_column][\/vc_row][vc_row][vc_column][vc_column_text] [\/vc_column_text][\/vc_column][\/vc_row]<\/p>\n","protected":false},"author":1,"featured_media":0,"parent":0,"menu_order":0,"comment_status":"closed","ping_status":"closed","template":"","meta":{"_bbp_topic_count":0,"_bbp_reply_count":0,"_bbp_total_topic_count":0,"_bbp_total_reply_count":0,"_bbp_voice_count":0,"_bbp_anonymous_reply_count":0,"_bbp_topic_count_hidden":0,"_bbp_reply_count_hidden":0,"_bbp_forum_subforum_count":0},"_links":{"self":[{"href":"https:\/\/www.onlinepanel.net\/pt-br\/wp-json\/wp\/v2\/pages\/100020413"}],"collection":[{"href":"https:\/\/www.onlinepanel.net\/pt-br\/wp-json\/wp\/v2\/pages"}],"about":[{"href":"https:\/\/www.onlinepanel.net\/pt-br\/wp-json\/wp\/v2\/types\/page"}],"author":[{"embeddable":true,"href":"https:\/\/www.onlinepanel.net\/pt-br\/wp-json\/wp\/v2\/users\/1"}],"replies":[{"embeddable":true,"href":"https:\/\/www.onlinepanel.net\/pt-br\/wp-json\/wp\/v2\/comments?post=100020413"}],"version-history":[{"count":9,"href":"https:\/\/www.onlinepanel.net\/pt-br\/wp-json\/wp\/v2\/pages\/100020413\/revisions"}],"predecessor-version":[{"id":100021058,"href":"https:\/\/www.onlinepanel.net\/pt-br\/wp-json\/wp\/v2\/pages\/100020413\/revisions\/100021058"}],"wp:attachment":[{"href":"https:\/\/www.onlinepanel.net\/pt-br\/wp-json\/wp\/v2\/media?parent=100020413"}],"curies":[{"name":"wp","href":"https:\/\/api.w.org\/{rel}","templated":true}]}}