{"id":100000693,"date":"2018-03-31T09:39:59","date_gmt":"2018-03-31T09:39:59","guid":{"rendered":"https:\/\/onlinepanel.net\/pesquisas\/"},"modified":"2025-01-14T10:12:58","modified_gmt":"2025-01-14T10:12:58","slug":"pesquisas","status":"publish","type":"page","link":"https:\/\/www.onlinepanel.net\/pt-br\/pesquisas\/","title":{"rendered":"Pesquisas"},"content":{"rendered":"<p>[vc_row equal_height=&#8221;yes&#8221; content_placement=&#8221;middle&#8221;][vc_column width=&#8221;5\/6&#8243;][vc_message message_box_color=&#8221;grey&#8221; icon_fontawesome=&#8221;fas fa-chart-bar&#8221; bb_tab_container=&#8221;&#8221;]<\/p>\n<h3><a href=\"https:\/\/www.bigcattracks.com\/aff_c?offer_id=15821&amp;aff_id=22764&amp;aff_sub5=0\" target=\"_blank\" rel=\"noopener\">Dynata Pesquisas Brasil<\/a><\/h3>\n<p><span style=\"color: #808080;\">Seja pago por pesquisas com a Dynata Surveys Brasil. Com cada pesquisa conclu\u00edda, voc\u00ea sempre coleta 400 pontos, com at\u00e9 3 pesquisas por dia. Voc\u00ea pode realmente participar de novas pesquisas di\u00e1rias. Usu\u00e1rios de todos os pa\u00edses s\u00e3o convidados a participar de pesquisas em seu idioma. Abra, preencha uma pesquisa e ganhe recompensa com sempre 400 pontos.<\/span>[\/vc_message][\/vc_column][vc_column width=&#8221;1\/6&#8243;][vc_message message_box_color=&#8221;grey&#8221; icon_fontawesome=&#8221;fas fa-edit&#8221; bb_tab_container=&#8221;&#8221;]<\/p>\n<p>&nbsp;<\/p>\n<h1><span style=\"color: #ffffff;\"><a href=\"https:\/\/www.bigcattracks.com\/aff_c?offer_id=15821&amp;aff_id=22764&amp;aff_sub5=0\" target=\"_blank\" rel=\"noopener\">400<\/a><\/span><\/h1>\n<p>&nbsp;<\/p>\n<p>[\/vc_message][\/vc_column][\/vc_row]<\/p>\n","protected":false},"excerpt":{"rendered":"<p>[vc_row equal_height=&#8221;yes&#8221; content_placement=&#8221;middle&#8221;][vc_column width=&#8221;5\/6&#8243;][vc_message message_box_color=&#8221;grey&#8221; icon_fontawesome=&#8221;fas fa-chart-bar&#8221; bb_tab_container=&#8221;&#8221;] Dynata Pesquisas Brasil Seja pago por pesquisas com a Dynata Surveys Brasil. Com cada pesquisa conclu\u00edda, voc\u00ea sempre coleta 400 pontos, com at\u00e9 3 pesquisas por dia. Voc\u00ea pode realmente participar de novas pesquisas di\u00e1rias. Usu\u00e1rios de todos os pa\u00edses s\u00e3o convidados a participar de pesquisas em seu idioma. Abra, preencha uma pesquisa e ganhe recompensa com sempre 400 pontos.[\/vc_message][\/vc_column][vc_column width=&#8221;1\/6&#8243;][vc_message message_box_color=&#8221;grey&#8221; icon_fontawesome=&#8221;fas fa-edit&#8221; bb_tab_container=&#8221;&#8221;] &nbsp; 400 &nbsp; [\/vc_message][\/vc_column][\/vc_row]<\/p>\n","protected":false},"author":1,"featured_media":0,"parent":0,"menu_order":0,"comment_status":"closed","ping_status":"closed","template":"","meta":{"_bbp_topic_count":0,"_bbp_reply_count":0,"_bbp_total_topic_count":0,"_bbp_total_reply_count":0,"_bbp_voice_count":0,"_bbp_anonymous_reply_count":0,"_bbp_topic_count_hidden":0,"_bbp_reply_count_hidden":0,"_bbp_forum_subforum_count":0},"_links":{"self":[{"href":"https:\/\/www.onlinepanel.net\/pt-br\/wp-json\/wp\/v2\/pages\/100000693"}],"collection":[{"href":"https:\/\/www.onlinepanel.net\/pt-br\/wp-json\/wp\/v2\/pages"}],"about":[{"href":"https:\/\/www.onlinepanel.net\/pt-br\/wp-json\/wp\/v2\/types\/page"}],"author":[{"embeddable":true,"href":"https:\/\/www.onlinepanel.net\/pt-br\/wp-json\/wp\/v2\/users\/1"}],"replies":[{"embeddable":true,"href":"https:\/\/www.onlinepanel.net\/pt-br\/wp-json\/wp\/v2\/comments?post=100000693"}],"version-history":[{"count":33,"href":"https:\/\/www.onlinepanel.net\/pt-br\/wp-json\/wp\/v2\/pages\/100000693\/revisions"}],"predecessor-version":[{"id":100027976,"href":"https:\/\/www.onlinepanel.net\/pt-br\/wp-json\/wp\/v2\/pages\/100000693\/revisions\/100027976"}],"wp:attachment":[{"href":"https:\/\/www.onlinepanel.net\/pt-br\/wp-json\/wp\/v2\/media?parent=100000693"}],"curies":[{"name":"wp","href":"https:\/\/api.w.org\/{rel}","templated":true}]}}