{"id":100027371,"date":"2024-10-27T11:11:11","date_gmt":"2024-10-27T11:11:11","guid":{"rendered":"https:\/\/www.onlinepanel.net\/impronta\/"},"modified":"2024-10-27T11:11:11","modified_gmt":"2024-10-27T11:11:11","slug":"impronta","status":"publish","type":"page","link":"https:\/\/www.onlinepanel.net\/it\/impronta\/","title":{"rendered":"Impronta"},"content":{"rendered":"<p>[vc_row][vc_column][vc_column_text bb_tab_container=&#8221;&#8221;]The Survey Scientists, l&#8217;editore di Online Panel NET, \u00e8 un marchio per i servizi di ricerca di mercato di Alexander Raulfs, un pioniere leader nella ricerca di mercato online dalla Germania, con oltre 27 anni di esperienza nella ricerca internazionale.<\/p>\n<p>The Survey Scientists<br \/>\nAlexander Raulfs, M.A.<br \/>\nCarrer Esglesia 4, 08712 Sant Marti de Tous &#8211; Barcellona, Spagna<\/p>\n<p>Telefono: 0034-938096331<br \/>\nEmail: <span \n                data-original-string='ANizKbAeamDAMCzZKCsmbg==a79EIKT26J46CoWBNwB1VLd5vRKP1axSBqIwP+\/XfBCabM='\n                class='apbct-email-encoder'\n                title='This contact has been encoded by Anti-Spam by CleanTalk. Click to decode. To finish the decoding make sure that JavaScript is enabled in your browser.'>in<span class=\"apbct-blur\">**<\/span>@<span class=\"apbct-blur\">**************<\/span>ts.com<\/span><br \/>\nWeb: www.surveyscientists.com<br \/>\nNumero di identificazione IVA: ESZ0748764G<\/p>\n<p>Responsabilit\u00e0 per i contenuti<\/p>\n<p>I contenuti delle nostre pagine sono stati creati con la massima cura. Tuttavia, non possiamo assumerci alcuna responsabilit\u00e0 per l&#8217;accuratezza, la completezza e l&#8217;attualit\u00e0 dei contenuti. In qualit\u00e0 di fornitore di servizi, siamo responsabili dei nostri contenuti su queste pagine ai sensi del \u00a7 7 (1) DDG e della legislazione generale. Ai sensi dei \u00a7\u00a7 8-10 DDG, tuttavia, non siamo obbligati, in qualit\u00e0 di fornitori di servizi, a controllare le informazioni trasmesse o memorizzate da terzi o a indagare su circostanze che indicano un&#8217;attivit\u00e0 illegale. L&#8217;obbligo di rimuovere o bloccare l&#8217;uso delle informazioni in conformit\u00e0 alla legislazione generale rimane inalterato. Tuttavia, la responsabilit\u00e0 in questo senso \u00e8 possibile solo a partire dal momento in cui si viene a conoscenza di una specifica violazione. Non appena verremo a conoscenza di tali violazioni, provvederemo a rimuovere immediatamente tali contenuti.<\/p>\n<p>Responsabilit\u00e0 per i link<\/p>\n<p>Il nostro sito web contiene link a siti esterni di terzi sui cui contenuti non abbiamo alcuna influenza. Pertanto, non ci assumiamo alcuna responsabilit\u00e0 per questi contenuti di terzi. Il rispettivo fornitore o gestore delle pagine \u00e8 sempre responsabile del contenuto delle pagine collegate. Le pagine collegate sono state controllate per verificare la presenza di eventuali violazioni legali al momento del collegamento. Al momento del collegamento non sono stati individuati contenuti illegali. Tuttavia, un controllo permanente del contenuto delle pagine collegate non \u00e8 ragionevole senza prove concrete di una violazione. Nel caso in cui venissimo a conoscenza di violazioni legali, provvederemo a rimuovere immediatamente tali link.<\/p>\n<p>Copyright<\/p>\n<p>I contenuti e le opere create dagli operatori del sito su queste pagine sono soggetti alla legge europea sul copyright. La duplicazione, l&#8217;elaborazione, la distribuzione e qualsiasi forma di commercializzazione di tale materiale al di fuori dell&#8217;ambito di applicazione della legge sul copyright richiede il previo consenso scritto del rispettivo autore o creatore. Download e copie di questo sito sono consentiti solo per uso privato e non commerciale. Nella misura in cui i contenuti di questo sito non sono stati creati dal gestore, vengono rispettati i diritti d&#8217;autore di terzi. In particolare, i contenuti di terzi sono identificati come tali. Se tuttavia doveste venire a conoscenza di una violazione del copyright, siete pregati di informarci. Qualora venissimo a conoscenza di violazioni, provvederemo a rimuovere immediatamente tali contenuti.<\/p>\n<p>Protezione dei dati<\/p>\n<p>L&#8217;utilizzo del nostro sito web \u00e8 generalmente possibile senza fornire dati personali. Se sulle nostre pagine vengono raccolti dati personali (ad es. nome, indirizzo o indirizzo e-mail), ci\u00f2 avviene sempre, per quanto possibile, su base volontaria. Questi dati non saranno trasmessi a terzi senza il vostro esplicito consenso.<br \/>\nDesideriamo sottolineare che la trasmissione di dati su Internet (ad esempio, quando si comunica via e-mail) pu\u00f2 essere soggetta a vulnerabilit\u00e0 di sicurezza. Non \u00e8 possibile proteggere completamente i dati dall&#8217;accesso di terzi.<br \/>\nCon la presente si vieta espressamente l&#8217;utilizzo dei dati di contatto pubblicati nell&#8217;ambito dell&#8217;obbligo di imprinting da parte di terzi per l&#8217;invio di materiale pubblicitario e informativo non richiesto. I gestori di questo sito web si riservano espressamente il diritto di intraprendere azioni legali in caso di invio non richiesto di informazioni pubblicitarie, come ad esempio le e-mail di spam.[\/vc_column_text][\/vc_column][\/vc_row]<\/p>\n","protected":false},"excerpt":{"rendered":"<p>[vc_row][vc_column][vc_column_text bb_tab_container=&#8221;&#8221;]The Survey Scientists, l&#8217;editore di Online Panel NET, \u00e8 un marchio per i servizi di ricerca di mercato di Alexander Raulfs, un pioniere leader nella ricerca di mercato online dalla Germania, con oltre 27 anni di esperienza nella ricerca internazionale. The Survey Scientists Alexander Raulfs, M.A. Carrer Esglesia 4, 08712 Sant Marti de Tous &#8211; Barcellona, Spagna Telefono: 0034-938096331 Email: in**@**************ts.com Web: www.surveyscientists.com Numero di identificazione IVA: ESZ0748764G Responsabilit\u00e0 per i contenuti I contenuti delle nostre pagine sono stati creati con la massima cura. Tuttavia, non possiamo assumerci alcuna responsabilit\u00e0 per l&#8217;accuratezza, la completezza e l&#8217;attualit\u00e0 dei contenuti. In qualit\u00e0 di fornitore di servizi, siamo responsabili dei nostri contenuti su queste pagine ai sensi del \u00a7 7 (1) DDG e della legislazione generale. Ai sensi dei \u00a7\u00a7 8-10 DDG, tuttavia, non siamo obbligati, in qualit\u00e0 di fornitori di servizi, a controllare le informazioni trasmesse o memorizzate da terzi o a indagare su circostanze che indicano un&#8217;attivit\u00e0 illegale. L&#8217;obbligo di rimuovere o bloccare l&#8217;uso delle informazioni in conformit\u00e0 alla legislazione generale rimane inalterato. Tuttavia, la responsabilit\u00e0 in questo senso \u00e8 possibile solo a partire dal momento in cui si viene a conoscenza di una specifica violazione. Non appena verremo a conoscenza di tali violazioni, provvederemo a rimuovere immediatamente tali contenuti. Responsabilit\u00e0 per i link Il nostro sito web contiene link a siti esterni di terzi sui cui contenuti non abbiamo alcuna influenza. Pertanto, non ci assumiamo alcuna responsabilit\u00e0 per questi contenuti di terzi. Il rispettivo fornitore o gestore delle pagine \u00e8 sempre responsabile del contenuto delle pagine collegate. Le pagine collegate sono state controllate per verificare la presenza di eventuali violazioni legali al momento del collegamento. Al momento del collegamento non sono stati individuati contenuti illegali. Tuttavia, un controllo permanente del contenuto delle pagine collegate non \u00e8 ragionevole senza prove concrete di una violazione. Nel caso in cui venissimo a conoscenza di violazioni legali, provvederemo a rimuovere immediatamente tali link. Copyright I contenuti e le opere create dagli operatori del sito su queste pagine sono soggetti alla legge europea sul copyright. La duplicazione, l&#8217;elaborazione, la distribuzione e qualsiasi forma di commercializzazione di tale materiale al di fuori dell&#8217;ambito di applicazione della legge sul copyright richiede il previo consenso scritto del rispettivo autore o creatore. Download e copie di questo sito sono consentiti solo per uso privato e non commerciale. Nella misura in cui i contenuti di questo sito non sono stati creati dal gestore, vengono rispettati i diritti d&#8217;autore di terzi. In particolare, i contenuti di terzi sono identificati come tali. Se tuttavia doveste venire a conoscenza di una violazione del copyright, siete pregati di informarci. Qualora venissimo a conoscenza di violazioni, provvederemo a rimuovere immediatamente tali contenuti. Protezione dei dati L&#8217;utilizzo del nostro sito web \u00e8 generalmente possibile senza fornire dati personali. Se sulle nostre pagine vengono raccolti dati personali (ad es. nome, indirizzo o indirizzo e-mail), ci\u00f2 avviene sempre, per quanto possibile, su base volontaria. Questi dati non saranno trasmessi a terzi senza il vostro esplicito consenso. Desideriamo sottolineare che la trasmissione di dati su Internet (ad esempio, quando si comunica via e-mail) pu\u00f2 essere soggetta a vulnerabilit\u00e0 di sicurezza. Non \u00e8 possibile proteggere completamente i dati dall&#8217;accesso di terzi. Con la presente si vieta espressamente l&#8217;utilizzo dei dati di contatto pubblicati nell&#8217;ambito dell&#8217;obbligo di imprinting da parte di terzi per l&#8217;invio di materiale pubblicitario e informativo non richiesto. I gestori di questo sito web si riservano espressamente il diritto di intraprendere azioni legali in caso di invio non richiesto di informazioni pubblicitarie, come ad esempio le e-mail di spam.[\/vc_column_text][\/vc_column][\/vc_row]<\/p>\n","protected":false},"author":1,"featured_media":0,"parent":0,"menu_order":0,"comment_status":"closed","ping_status":"closed","template":"","meta":{"_bbp_topic_count":0,"_bbp_reply_count":0,"_bbp_total_topic_count":0,"_bbp_total_reply_count":0,"_bbp_voice_count":0,"_bbp_anonymous_reply_count":0,"_bbp_topic_count_hidden":0,"_bbp_reply_count_hidden":0,"_bbp_forum_subforum_count":0},"_links":{"self":[{"href":"https:\/\/www.onlinepanel.net\/it\/wp-json\/wp\/v2\/pages\/100027371"}],"collection":[{"href":"https:\/\/www.onlinepanel.net\/it\/wp-json\/wp\/v2\/pages"}],"about":[{"href":"https:\/\/www.onlinepanel.net\/it\/wp-json\/wp\/v2\/types\/page"}],"author":[{"embeddable":true,"href":"https:\/\/www.onlinepanel.net\/it\/wp-json\/wp\/v2\/users\/1"}],"replies":[{"embeddable":true,"href":"https:\/\/www.onlinepanel.net\/it\/wp-json\/wp\/v2\/comments?post=100027371"}],"version-history":[{"count":2,"href":"https:\/\/www.onlinepanel.net\/it\/wp-json\/wp\/v2\/pages\/100027371\/revisions"}],"predecessor-version":[{"id":100027373,"href":"https:\/\/www.onlinepanel.net\/it\/wp-json\/wp\/v2\/pages\/100027371\/revisions\/100027373"}],"wp:attachment":[{"href":"https:\/\/www.onlinepanel.net\/it\/wp-json\/wp\/v2\/media?parent=100027371"}],"curies":[{"name":"wp","href":"https:\/\/api.w.org\/{rel}","templated":true}]}}