{"id":100000401,"date":"2018-03-25T11:40:50","date_gmt":"2018-03-25T11:40:50","guid":{"rendered":"https:\/\/onlinepanel.net\/home-it\/"},"modified":"2024-09-22T09:11:25","modified_gmt":"2024-09-22T09:11:25","slug":"home-it","status":"publish","type":"page","link":"https:\/\/www.onlinepanel.net\/it\/","title":{"rendered":"Home IT"},"content":{"rendered":"<p>[vc_row full_width=&#8221;stretch_row&#8221; equal_height=&#8221;yes&#8221; css_animation=&#8221;fadeIn&#8221; animated_bg=&#8221;true&#8221; animated_bg_type=&#8221;gp-scrolling-image&#8221; gradient_style=&#8221;custom-gradient&#8221; custom_gradient_css=&#8221;background: -moz-linear-gradient(45deg, rgba(0,0,0,1) 0%, rgba(0,0,0,0.82) 41%, rgba(54,149,156,0.47) 67%, rgba(0,220,255,0.36) 75%, rgba(195,195,195,0.6) 100%);background: -webkit-linear-gradient(45deg, rgba(0,0,0,1) 0%,rgba(0,0,0,0.82) 41%,rgba(54,149,156,0.47) 67%,rgba(0,220,255,0.36) 75%,rgba(195,195,195,0.6) 100%);background: linear-gradient(45deg, rgba(0,0,0,1) 0%,rgba(0,0,0,0.82) 41%,rgba(54,149,156,0.47) 67%,rgba(0,220,255,0.36) 75%,rgba(195,195,195,0.6) 100%);&#8221; gradient_bg=&#8221;true&#8221; css=&#8221;.vc_custom_1726996281217{background-image: url(https:\/\/www.onlinepanel.net\/wp-content\/uploads\/2021\/03\/surveysworldwide.jpg?id=100019879) !important;background-position: center !important;background-repeat: no-repeat !important;background-size: cover !important;}&#8221; bbvcedo_small_css=&#8221;.vc_custom_1514739063126{padding-right: 50px !important;padding-left: 50px !important;}&#8221; bbvcedo_x_small_css=&#8221;.vc_custom_1514739063127{padding-right: 1px !important;padding-left: 1px !important;}&#8221; bb_tab_container=&#8221;&#8221;][vc_column css_animation=&#8221;none&#8221; background_position=&#8221;right center&#8221; css=&#8221;.vc_custom_1514801972051{padding-top: 0px !important;background-position: center !important;background-repeat: no-repeat !important;background-size: contain !important;}&#8221; bbvcedo_x_large_csstypo=&#8221;.bb_custom_1514801968618{background-image:url(&#8216;https:\/\/onlinepanel.net\/wp-content\/uploads\/2018\/03\/paid-surveys-members.png&#8217;)!important;}&#8221; bbvcedo_small_csstypo=&#8221;.bb_custom_1514801968618{background-image:url(&#8216;https:\/\/onlinepanel.net\/wp-content\/uploads\/2017\/12\/blank.gif&#8217;)!important;}&#8221; bbvcedo_small_css=&#8221;.vc_custom_1514801972055{padding-top: 40px !important;padding-bottom: 40px !important;}&#8221; bbvcedo_x_large_css=&#8221;.vc_custom_1514801972053{padding-top: 80px !important;padding-bottom: 80px !important;}&#8221;][vc_custom_heading text=&#8221;Dite la vostra&#8230;&#8221; font_container=&#8221;tag:div|font_size:40px|text_align:left|color:%23ffffff|line_height:60px&#8221; google_fonts=&#8221;font_family:Roboto%3A100%2C100italic%2C300%2C300italic%2Cregular%2Citalic%2C500%2C500italic%2C700%2C700italic%2C900%2C900italic|font_style:300%20light%20regular%3A300%3Anormal&#8221; css_animation=&#8221;none&#8221; bbvcedo_x_large_csstypo=&#8221;.bb_custom_1518353660203{line-height:40px!important;letter-spacing:-1px!important;font-size:40px!important;}&#8221; bbvcedo_x_large_css=&#8221;.vc_custom_1518353671340{margin-bottom: 5px !important;}&#8221;][vc_custom_heading text=&#8221;Unisciti al club sondaggi&#8221; font_container=&#8221;tag:div|font_size:50px|text_align:left|color:%2339c8df|line_height:75px&#8221; google_fonts=&#8221;font_family:Roboto%3A100%2C100italic%2C300%2C300italic%2Cregular%2Citalic%2C500%2C500italic%2C700%2C700italic%2C900%2C900italic|font_style:300%20light%20regular%3A300%3Anormal&#8221; css_animation=&#8221;none&#8221; bbvcedo_x_large_csstypo=&#8221;.bb_custom_1518349424446{letter-spacing:-3.0px!important;}&#8221; bbvcedo_small_csstypo=&#8221;.bb_custom_1518349424448{color:#ffffff!important;line-height:42px!important;font-size:42px!important;}&#8221; bbvcedo_x_large_css=&#8221;.vc_custom_1518349432555{margin-bottom: 30px !important;margin-left: 20px !important;}&#8221;][vc_custom_heading text=&#8221;Guadagna fino a 3 Euro per sondaggio&#8221; font_container=&#8221;tag:p|font_size:20px|text_align:left|color:%23ffffff|line_height:30px&#8221; use_theme_fonts=&#8221;yes&#8221; css_animation=&#8221;none&#8221; el_class=&#8221;fa-circle-o gp-green&#8221; bbvcedo_x_large_csstypo=&#8221;.bb_custom_1523183301732{font-weight:400!important;}&#8221;][vc_custom_heading text=&#8221;Incassare da 8 Euro tramite PayPal&#8221; font_container=&#8221;tag:p|font_size:20px|text_align:left|color:%23ffffff|line_height:30px&#8221; use_theme_fonts=&#8221;yes&#8221; el_class=&#8221;fa-circle-o gp-green&#8221; bbvcedo_x_large_csstypo=&#8221;.bb_custom_1518349465084{font-weight:400!important;}&#8221;][vc_custom_heading text=&#8221;Accesso mondiale ai sondaggi giornalieri&#8221; font_container=&#8221;tag:p|font_size:20px|text_align:left|color:%23ffffff|line_height:30px&#8221; use_theme_fonts=&#8221;yes&#8221; el_class=&#8221;fa-circle-o gp-green&#8221; bbvcedo_x_large_csstypo=&#8221;.bb_custom_1518349479922{font-weight:400!important;}&#8221;][vc_custom_heading text=&#8221;Compiti, micro lavori e molti altri&#8221; font_container=&#8221;tag:p|font_size:20px|text_align:left|color:%23ffffff|line_height:30px&#8221; use_theme_fonts=&#8221;yes&#8221; el_class=&#8221;fa-circle-o gp-green&#8221; bbvcedo_x_large_csstypo=&#8221;.bb_custom_1518349494460{font-weight:400!important;}&#8221;][vc_btn title=&#8221;Iscriviti gratuitamente ora&#8221; style=&#8221;gradient-custom&#8221; gradient_custom_color_1=&#8221;#00a0e3&#8243; gradient_custom_color_2=&#8221;#39c8df&#8221; size=&#8221;lg&#8221; align=&#8221;left&#8221; css=&#8221;.vc_custom_1614864131954{margin-top: 30px !important;margin-bottom: 0px !important;}&#8221; bbvcedo_x_large_csstypo=&#8221;.bb_custom_1614250898034{line-height:1!important;font-size:18px!important;}&#8221; link=&#8221;url:https%3A%2F%2Fwww.onlinepanel.net%2Fit%2Fregister%2F&#8221; bbvcedo_small_csstypo=&#8221;.bb_custom_1614250898036{text-align:center!important;}&#8221;][\/vc_column][\/vc_row][vc_row full_width=&#8221;stretch_row&#8221; css=&#8221;.vc_custom_1506940850543{padding-top: 80px !important;padding-bottom: 80px !important;background-color: #ffffff !important;}&#8221; bbvcedo_x_large_css=&#8221;.vc_custom_1506940850545{background-color: #ffffff !important;}&#8221;][vc_column css=&#8221;.vc_custom_1506938780687{padding-top: 0px !important;padding-bottom: 0px !important;}&#8221;][vc_custom_heading text=&#8221;Vengono pagati per sondaggi&#8221; font_container=&#8221;tag:div|font_size:36px|text_align:center|color:%23232323|line_height:36px&#8221; google_fonts=&#8221;font_family:Roboto%3A100%2C100italic%2C300%2C300italic%2Cregular%2Citalic%2C500%2C500italic%2C700%2C700italic%2C900%2C900italic|font_style:700%20bold%20regular%3A700%3Anormal&#8221; bbvcedo_x_large_csstypo=&#8221;.bb_custom_1518349856405{letter-spacing:-1px!important;}&#8221; css=&#8221;.vc_custom_1518349862043{margin-bottom: 10px !important;}&#8221;][vc_custom_heading text=&#8221;Vasta gamma di offerte per sfruttare i tuoi guadagni, tutti a portata di mano&#8221; font_container=&#8221;tag:div|text_align:center|color:%23999999&#8243; use_theme_fonts=&#8221;yes&#8221; href=&#8221;&#8220;https:\/\/www.paidmembershipspro.com\/&#8220;&#8221; bbvcedo_x_large_csstypo=&#8221;.bb_custom_1521113317446{line-height:30px!important;font-size:20px!important;font-weight:400!important;}&#8221; css=&#8221;.vc_custom_1521113328730{margin-bottom: 40px !important;}&#8221; bbvcedo_x_large_css=&#8221;.vc_custom_1521113328735{padding-right: 140px !important;padding-left: 140px !important;}&#8221; bbvcedo_medium_css=&#8221;.vc_custom_1521113328743{padding-right: 0px !important;padding-left: 0px !important;}&#8221;][vc_row_inner equal_height=&#8221;yes&#8221; gap=&#8221;5&#8243;][vc_column_inner el_class=&#8221;gp-flex-column&#8221; width=&#8221;1\/3&#8243;][vc_icon type=&#8221;material&#8221; icon_material=&#8221;vc-material vc-material-lock_outline&#8221; color=&#8221;custom&#8221; size=&#8221;lg&#8221; custom_color=&#8221;#39c8df&#8221; css=&#8221;.vc_custom_1511093525775{margin-top: 0px !important;margin-right: 0px !important;margin-bottom: 0px !important;margin-left: 0px !important;padding-top: 0px !important;padding-right: 0px !important;padding-bottom: 0px !important;padding-left: 0px !important;}&#8221;][vc_column_text]<span style=\"color: #232323; font-size: 20px; line-height: 20px;\"><strong>100% gratis, sicuro e giusto<\/strong><\/span><\/p>\n<p><span style=\"color: #999999; font-size: 16px; line-height: 24px;\">L&#8217;utilizzo di questo club di sondaggi \u00e8 gratuito al 100%! Non ti addebitiamo mai una commissione. Le tue informazioni personali non verranno mai divulgate ad altri e conservate in modo sicuro. Puoi facilmente annullare l&#8217;iscrizione in qualsiasi momento con un clic. In cima, abbiamo una pratica di pagamento equo.<\/span>[\/vc_column_text][\/vc_column_inner][vc_column_inner el_class=&#8221;gp-flex-column&#8221; width=&#8221;1\/3&#8243;][vc_icon icon_fontawesome=&#8221;fa fa-pie-chart&#8221; color=&#8221;custom&#8221; size=&#8221;lg&#8221; custom_color=&#8221;#39c8df&#8221;][vc_column_text]<span style=\"color: #232323; font-size: 20px; line-height: 20px;\"><strong>Prendi sondaggi ogni giorno<\/strong><\/span><\/p>\n<p><span style=\"color: #999999; font-size: 16px; line-height: 24px;\">Sei un membro del club, che condivide quotidianamente la sua opinione sui sondaggi online. Per ciascuna delle tue partecipazioni a un sondaggio, ti pagheremo di conseguenza. Ogni attivit\u00e0 completata verr\u00e0 premiata con denaro contante. Ricevi fino a 3 Euros per sondaggio o attivit\u00e0 completata.<\/span>[\/vc_column_text][\/vc_column_inner][vc_column_inner el_class=&#8221;gp-flex-column&#8221; width=&#8221;1\/3&#8243;][vc_icon icon_fontawesome=&#8221;fa fa-credit-card&#8221; color=&#8221;custom&#8221; size=&#8221;lg&#8221; custom_color=&#8221;#39c8df&#8221; css=&#8221;.vc_custom_1511093541053{margin-top: 0px !important;margin-right: 0px !important;margin-bottom: 0px !important;margin-left: 0px !important;padding-top: 0px !important;padding-right: 0px !important;padding-bottom: 0px !important;padding-left: 0px !important;}&#8221;][vc_column_text]<span style=\"color: #232323; font-size: 20px; line-height: 20px;\"><strong>Incassare da 8 Euros solo<\/strong><\/span><\/p>\n<p><span style=\"color: #999999; font-size: 16px; line-height: 24px;\">Puoi guadagnare soldi! Una volta che hai segnato il limite di pagamento che \u00e8 di 10.000 punti, equivalente a 8 Euros o convertito nella valuta del tuo paese, ad es. US$, ricevi automaticamente il pagamento. \u00c8 necessario un account PayPal per ottenere il pagamento.<\/span>[\/vc_column_text][\/vc_column_inner][\/vc_row_inner][vc_row_inner equal_height=&#8221;yes&#8221; gap=&#8221;5&#8243;][vc_column_inner el_class=&#8221;gp-flex-column&#8221; width=&#8221;1\/3&#8243;][vc_icon icon_fontawesome=&#8221;fa fa-globe&#8221; color=&#8221;custom&#8221; size=&#8221;lg&#8221; custom_color=&#8221;#39c8df&#8221; css=&#8221;.vc_custom_1518350018412{margin-top: 0px !important;margin-right: 0px !important;margin-bottom: 0px !important;margin-left: 0px !important;padding-top: 0px !important;padding-right: 0px !important;padding-bottom: 0px !important;padding-left: 0px !important;}&#8221;][vc_column_text]<span style=\"color: #232323; font-size: 20px; line-height: 20px;\"><strong>Benvenuti agli utenti del mondo<\/strong><\/span><\/p>\n<p><span style=\"color: #999999; font-size: 16px; line-height: 24px;\">Fai parte del sito pi\u00f9 affidabile per le offerte di attivit\u00e0 a pagamento nella tua lingua e nel tuo paese. Abbiamo istituito sondaggi multilingue, ad esempio per gli Stati Uniti, l&#8217;Australia, il Regno Unito, la Germania, il Brasile, il Canada, la Francia i l&#8217;Italia.<\/span>[\/vc_column_text][\/vc_column_inner][vc_column_inner el_class=&#8221;gp-flex-column&#8221; width=&#8221;1\/3&#8243;][vc_icon icon_fontawesome=&#8221;fa fa-laptop&#8221; color=&#8221;custom&#8221; size=&#8221;lg&#8221; custom_color=&#8221;#39c8df&#8221; css=&#8221;.vc_custom_1518350045002{margin-top: 0px !important;margin-right: 0px !important;margin-bottom: 0px !important;margin-left: 0px !important;padding-top: 0px !important;padding-right: 0px !important;padding-bottom: 0px !important;padding-left: 0px !important;}&#8221;][vc_column_text]<span style=\"color: #232323; font-size: 20px; line-height: 20px;\"><strong>Un conto per tutti i sondaggi<\/strong><\/span><\/p>\n<p><span style=\"color: #999999; font-size: 16px; line-height: 24px;\">Vuoi guadagnare pi\u00f9 soldi con i sondaggi retribuiti? Qui avete entrambi, o completi i sondaggi del club e \/ o ti iscrivi a un numero di sondaggi forniti da noti panel di sondaggi. Con il tuo account, hai accesso alla maggior parte dei sondaggi di sempre. <\/span>[\/vc_column_text][\/vc_column_inner][vc_column_inner el_class=&#8221;gp-flex-column&#8221; width=&#8221;1\/3&#8243;][vc_icon icon_fontawesome=&#8221;fa fa-plus-square-o&#8221; color=&#8221;custom&#8221; size=&#8221;lg&#8221; custom_color=&#8221;#39c8df&#8221; css=&#8221;.vc_custom_1511093557287{margin-top: 0px !important;margin-right: 0px !important;margin-bottom: 0px !important;margin-left: 0px !important;padding-top: 0px !important;padding-right: 0px !important;padding-bottom: 0px !important;padding-left: 0px !important;}&#8221;][vc_column_text]<span style=\"color: #232323; font-size: 20px; line-height: 20px;\"><strong>Micro lavori, compiti e altro <\/strong><\/span><\/p>\n<p><span style=\"color: #999999; font-size: 16px; line-height: 24px;\">Il club dei sondaggi offre numerose attivit\u00e0 interessanti e stimolanti da utilizzare e per essere pagato nella tua lingua, come ad esempio: completare compiti, provare app, scoprire offerte e molto altro. Ogni compito e offerta completati saranno premiati!<\/span>[\/vc_column_text][\/vc_column_inner][\/vc_row_inner][\/vc_column][\/vc_row]<\/p>\n","protected":false},"excerpt":{"rendered":"<p>[vc_row full_width=&#8221;stretch_row&#8221; equal_height=&#8221;yes&#8221; css_animation=&#8221;fadeIn&#8221; animated_bg=&#8221;true&#8221; animated_bg_type=&#8221;gp-scrolling-image&#8221; gradient_style=&#8221;custom-gradient&#8221; custom_gradient_css=&#8221;background: -moz-linear-gradient(45deg, rgba(0,0,0,1) 0%, rgba(0,0,0,0.82) 41%, rgba(54,149,156,0.47) 67%, rgba(0,220,255,0.36) 75%, rgba(195,195,195,0.6) 100%);background: -webkit-linear-gradient(45deg, rgba(0,0,0,1) 0%,rgba(0,0,0,0.82) 41%,rgba(54,149,156,0.47) 67%,rgba(0,220,255,0.36) 75%,rgba(195,195,195,0.6) 100%);background: linear-gradient(45deg, rgba(0,0,0,1) 0%,rgba(0,0,0,0.82) 41%,rgba(54,149,156,0.47) 67%,rgba(0,220,255,0.36) 75%,rgba(195,195,195,0.6) 100%);&#8221; gradient_bg=&#8221;true&#8221; css=&#8221;.vc_custom_1726996281217{background-image: url(https:\/\/www.onlinepanel.net\/wp-content\/uploads\/2021\/03\/surveysworldwide.jpg?id=100019879) !important;background-position: center !important;background-repeat: no-repeat !important;background-size: cover !important;}&#8221; bbvcedo_small_css=&#8221;.vc_custom_1514739063126{padding-right: 50px !important;padding-left: 50px !important;}&#8221; bbvcedo_x_small_css=&#8221;.vc_custom_1514739063127{padding-right: 1px !important;padding-left: 1px !important;}&#8221; bb_tab_container=&#8221;&#8221;][vc_column css_animation=&#8221;none&#8221; background_position=&#8221;right center&#8221; css=&#8221;.vc_custom_1514801972051{padding-top: 0px !important;background-position: center !important;background-repeat: no-repeat !important;background-size: contain !important;}&#8221; bbvcedo_x_large_csstypo=&#8221;.bb_custom_1514801968618{background-image:url(&#8216;https:\/\/onlinepanel.net\/wp-content\/uploads\/2018\/03\/paid-surveys-members.png&#8217;)!important;}&#8221; bbvcedo_small_csstypo=&#8221;.bb_custom_1514801968618{background-image:url(&#8216;https:\/\/onlinepanel.net\/wp-content\/uploads\/2017\/12\/blank.gif&#8217;)!important;}&#8221; bbvcedo_small_css=&#8221;.vc_custom_1514801972055{padding-top: 40px !important;padding-bottom: 40px !important;}&#8221; bbvcedo_x_large_css=&#8221;.vc_custom_1514801972053{padding-top: 80px !important;padding-bottom: 80px !important;}&#8221;][vc_custom_heading text=&#8221;Dite la vostra&#8230;&#8221; font_container=&#8221;tag:div|font_size:40px|text_align:left|color:%23ffffff|line_height:60px&#8221; google_fonts=&#8221;font_family:Roboto%3A100%2C100italic%2C300%2C300italic%2Cregular%2Citalic%2C500%2C500italic%2C700%2C700italic%2C900%2C900italic|font_style:300%20light%20regular%3A300%3Anormal&#8221; css_animation=&#8221;none&#8221; bbvcedo_x_large_csstypo=&#8221;.bb_custom_1518353660203{line-height:40px!important;letter-spacing:-1px!important;font-size:40px!important;}&#8221; bbvcedo_x_large_css=&#8221;.vc_custom_1518353671340{margin-bottom: 5px !important;}&#8221;][vc_custom_heading text=&#8221;Unisciti al club sondaggi&#8221; font_container=&#8221;tag:div|font_size:50px|text_align:left|color:%2339c8df|line_height:75px&#8221; google_fonts=&#8221;font_family:Roboto%3A100%2C100italic%2C300%2C300italic%2Cregular%2Citalic%2C500%2C500italic%2C700%2C700italic%2C900%2C900italic|font_style:300%20light%20regular%3A300%3Anormal&#8221; css_animation=&#8221;none&#8221; bbvcedo_x_large_csstypo=&#8221;.bb_custom_1518349424446{letter-spacing:-3.0px!important;}&#8221; bbvcedo_small_csstypo=&#8221;.bb_custom_1518349424448{color:#ffffff!important;line-height:42px!important;font-size:42px!important;}&#8221; bbvcedo_x_large_css=&#8221;.vc_custom_1518349432555{margin-bottom: 30px !important;margin-left: 20px !important;}&#8221;][vc_custom_heading text=&#8221;Guadagna fino a 3 Euro per sondaggio&#8221; font_container=&#8221;tag:p|font_size:20px|text_align:left|color:%23ffffff|line_height:30px&#8221; use_theme_fonts=&#8221;yes&#8221; css_animation=&#8221;none&#8221; el_class=&#8221;fa-circle-o gp-green&#8221; bbvcedo_x_large_csstypo=&#8221;.bb_custom_1523183301732{font-weight:400!important;}&#8221;][vc_custom_heading text=&#8221;Incassare da 8 Euro tramite PayPal&#8221; font_container=&#8221;tag:p|font_size:20px|text_align:left|color:%23ffffff|line_height:30px&#8221; use_theme_fonts=&#8221;yes&#8221; el_class=&#8221;fa-circle-o gp-green&#8221; bbvcedo_x_large_csstypo=&#8221;.bb_custom_1518349465084{font-weight:400!important;}&#8221;][vc_custom_heading text=&#8221;Accesso mondiale ai sondaggi giornalieri&#8221; font_container=&#8221;tag:p|font_size:20px|text_align:left|color:%23ffffff|line_height:30px&#8221; use_theme_fonts=&#8221;yes&#8221; el_class=&#8221;fa-circle-o gp-green&#8221; bbvcedo_x_large_csstypo=&#8221;.bb_custom_1518349479922{font-weight:400!important;}&#8221;][vc_custom_heading text=&#8221;Compiti, micro lavori e molti altri&#8221; font_container=&#8221;tag:p|font_size:20px|text_align:left|color:%23ffffff|line_height:30px&#8221; use_theme_fonts=&#8221;yes&#8221; el_class=&#8221;fa-circle-o gp-green&#8221; bbvcedo_x_large_csstypo=&#8221;.bb_custom_1518349494460{font-weight:400!important;}&#8221;][vc_btn title=&#8221;Iscriviti gratuitamente ora&#8221; style=&#8221;gradient-custom&#8221; gradient_custom_color_1=&#8221;#00a0e3&#8243; gradient_custom_color_2=&#8221;#39c8df&#8221; size=&#8221;lg&#8221; align=&#8221;left&#8221; css=&#8221;.vc_custom_1614864131954{margin-top: 30px !important;margin-bottom: 0px !important;}&#8221; bbvcedo_x_large_csstypo=&#8221;.bb_custom_1614250898034{line-height:1!important;font-size:18px!important;}&#8221; link=&#8221;url:https%3A%2F%2Fwww.onlinepanel.net%2Fit%2Fregister%2F&#8221; bbvcedo_small_csstypo=&#8221;.bb_custom_1614250898036{text-align:center!important;}&#8221;][\/vc_column][\/vc_row][vc_row full_width=&#8221;stretch_row&#8221; css=&#8221;.vc_custom_1506940850543{padding-top: 80px !important;padding-bottom: 80px !important;background-color: #ffffff !important;}&#8221; bbvcedo_x_large_css=&#8221;.vc_custom_1506940850545{background-color: #ffffff !important;}&#8221;][vc_column css=&#8221;.vc_custom_1506938780687{padding-top: 0px !important;padding-bottom: 0px !important;}&#8221;][vc_custom_heading text=&#8221;Vengono pagati per sondaggi&#8221; font_container=&#8221;tag:div|font_size:36px|text_align:center|color:%23232323|line_height:36px&#8221; google_fonts=&#8221;font_family:Roboto%3A100%2C100italic%2C300%2C300italic%2Cregular%2Citalic%2C500%2C500italic%2C700%2C700italic%2C900%2C900italic|font_style:700%20bold%20regular%3A700%3Anormal&#8221; bbvcedo_x_large_csstypo=&#8221;.bb_custom_1518349856405{letter-spacing:-1px!important;}&#8221; css=&#8221;.vc_custom_1518349862043{margin-bottom: 10px !important;}&#8221;][vc_custom_heading text=&#8221;Vasta gamma di offerte per sfruttare i tuoi guadagni, tutti a portata di mano&#8221; font_container=&#8221;tag:div|text_align:center|color:%23999999&#8243; use_theme_fonts=&#8221;yes&#8221; href=&#8221;&#8220;https:\/\/www.paidmembershipspro.com\/&#8220;&#8221; bbvcedo_x_large_csstypo=&#8221;.bb_custom_1521113317446{line-height:30px!important;font-size:20px!important;font-weight:400!important;}&#8221; css=&#8221;.vc_custom_1521113328730{margin-bottom: 40px !important;}&#8221; bbvcedo_x_large_css=&#8221;.vc_custom_1521113328735{padding-right: 140px !important;padding-left: 140px !important;}&#8221; bbvcedo_medium_css=&#8221;.vc_custom_1521113328743{padding-right: 0px !important;padding-left: 0px !important;}&#8221;][vc_row_inner equal_height=&#8221;yes&#8221; gap=&#8221;5&#8243;][vc_column_inner el_class=&#8221;gp-flex-column&#8221; width=&#8221;1\/3&#8243;][vc_icon type=&#8221;material&#8221; icon_material=&#8221;vc-material vc-material-lock_outline&#8221; color=&#8221;custom&#8221; size=&#8221;lg&#8221; custom_color=&#8221;#39c8df&#8221; css=&#8221;.vc_custom_1511093525775{margin-top: 0px !important;margin-right: 0px !important;margin-bottom: 0px !important;margin-left: 0px !important;padding-top: 0px !important;padding-right: 0px !important;padding-bottom: 0px !important;padding-left: 0px !important;}&#8221;][vc_column_text]100% gratis, sicuro e giusto L&#8217;utilizzo di questo club di sondaggi \u00e8 gratuito al 100%! Non ti addebitiamo mai una commissione. Le tue informazioni personali non verranno mai divulgate ad altri e conservate in modo sicuro. Puoi facilmente annullare l&#8217;iscrizione in qualsiasi momento con un clic. In cima, abbiamo una pratica di pagamento equo.[\/vc_column_text][\/vc_column_inner][vc_column_inner el_class=&#8221;gp-flex-column&#8221; width=&#8221;1\/3&#8243;][vc_icon icon_fontawesome=&#8221;fa fa-pie-chart&#8221; color=&#8221;custom&#8221; size=&#8221;lg&#8221; custom_color=&#8221;#39c8df&#8221;][vc_column_text]Prendi sondaggi ogni giorno Sei un membro del club, che condivide quotidianamente la sua opinione sui sondaggi online. Per ciascuna delle tue partecipazioni a un sondaggio, ti pagheremo di conseguenza. Ogni attivit\u00e0 completata verr\u00e0 premiata con denaro contante. Ricevi fino a 3 Euros per sondaggio o attivit\u00e0 completata.[\/vc_column_text][\/vc_column_inner][vc_column_inner el_class=&#8221;gp-flex-column&#8221; width=&#8221;1\/3&#8243;][vc_icon icon_fontawesome=&#8221;fa fa-credit-card&#8221; color=&#8221;custom&#8221; size=&#8221;lg&#8221; custom_color=&#8221;#39c8df&#8221; css=&#8221;.vc_custom_1511093541053{margin-top: 0px !important;margin-right: 0px !important;margin-bottom: 0px !important;margin-left: 0px !important;padding-top: 0px !important;padding-right: 0px !important;padding-bottom: 0px !important;padding-left: 0px !important;}&#8221;][vc_column_text]Incassare da 8 Euros solo Puoi guadagnare soldi! Una volta che hai segnato il limite di pagamento che \u00e8 di 10.000 punti, equivalente a 8 Euros o convertito nella valuta del tuo paese, ad es. US$, ricevi automaticamente il pagamento. \u00c8 necessario un account PayPal per ottenere il pagamento.[\/vc_column_text][\/vc_column_inner][\/vc_row_inner][vc_row_inner equal_height=&#8221;yes&#8221; gap=&#8221;5&#8243;][vc_column_inner el_class=&#8221;gp-flex-column&#8221; width=&#8221;1\/3&#8243;][vc_icon icon_fontawesome=&#8221;fa fa-globe&#8221; color=&#8221;custom&#8221; size=&#8221;lg&#8221; custom_color=&#8221;#39c8df&#8221; css=&#8221;.vc_custom_1518350018412{margin-top: 0px !important;margin-right: 0px !important;margin-bottom: 0px !important;margin-left: 0px !important;padding-top: 0px !important;padding-right: 0px !important;padding-bottom: 0px !important;padding-left: 0px !important;}&#8221;][vc_column_text]Benvenuti agli utenti del mondo Fai parte del sito pi\u00f9 affidabile per le offerte di attivit\u00e0 a pagamento nella tua lingua e nel tuo paese. Abbiamo istituito sondaggi multilingue, ad esempio per gli Stati Uniti, l&#8217;Australia, il Regno Unito, la Germania, il Brasile, il Canada, la Francia i l&#8217;Italia.[\/vc_column_text][\/vc_column_inner][vc_column_inner el_class=&#8221;gp-flex-column&#8221; width=&#8221;1\/3&#8243;][vc_icon icon_fontawesome=&#8221;fa fa-laptop&#8221; color=&#8221;custom&#8221; size=&#8221;lg&#8221; custom_color=&#8221;#39c8df&#8221; css=&#8221;.vc_custom_1518350045002{margin-top: 0px !important;margin-right: 0px !important;margin-bottom: 0px !important;margin-left: 0px !important;padding-top: 0px !important;padding-right: 0px !important;padding-bottom: 0px !important;padding-left: 0px !important;}&#8221;][vc_column_text]Un conto per tutti i sondaggi Vuoi guadagnare pi\u00f9 soldi con i sondaggi retribuiti? Qui avete entrambi, o completi i sondaggi del club e \/ o ti iscrivi a un numero di sondaggi forniti da noti panel di sondaggi. Con il tuo account, hai accesso alla maggior parte dei sondaggi di sempre. [\/vc_column_text][\/vc_column_inner][vc_column_inner el_class=&#8221;gp-flex-column&#8221; width=&#8221;1\/3&#8243;][vc_icon icon_fontawesome=&#8221;fa fa-plus-square-o&#8221; color=&#8221;custom&#8221; size=&#8221;lg&#8221; custom_color=&#8221;#39c8df&#8221; css=&#8221;.vc_custom_1511093557287{margin-top: 0px !important;margin-right: 0px !important;margin-bottom: 0px !important;margin-left: 0px !important;padding-top: 0px !important;padding-right: 0px !important;padding-bottom: 0px !important;padding-left: 0px !important;}&#8221;][vc_column_text]Micro lavori, compiti e altro Il club dei sondaggi offre numerose attivit\u00e0 interessanti e stimolanti da utilizzare e per essere pagato nella tua lingua, come ad esempio: completare compiti, provare app, scoprire offerte e molto altro. Ogni compito e offerta completati saranno premiati![\/vc_column_text][\/vc_column_inner][\/vc_row_inner][\/vc_column][\/vc_row]<\/p>\n","protected":false},"author":1,"featured_media":0,"parent":0,"menu_order":0,"comment_status":"closed","ping_status":"closed","template":"homepage-template.php","meta":{"_bbp_topic_count":0,"_bbp_reply_count":0,"_bbp_total_topic_count":0,"_bbp_total_reply_count":0,"_bbp_voice_count":0,"_bbp_anonymous_reply_count":0,"_bbp_topic_count_hidden":0,"_bbp_reply_count_hidden":0,"_bbp_forum_subforum_count":0},"_links":{"self":[{"href":"https:\/\/www.onlinepanel.net\/it\/wp-json\/wp\/v2\/pages\/100000401"}],"collection":[{"href":"https:\/\/www.onlinepanel.net\/it\/wp-json\/wp\/v2\/pages"}],"about":[{"href":"https:\/\/www.onlinepanel.net\/it\/wp-json\/wp\/v2\/types\/page"}],"author":[{"embeddable":true,"href":"https:\/\/www.onlinepanel.net\/it\/wp-json\/wp\/v2\/users\/1"}],"replies":[{"embeddable":true,"href":"https:\/\/www.onlinepanel.net\/it\/wp-json\/wp\/v2\/comments?post=100000401"}],"version-history":[{"count":11,"href":"https:\/\/www.onlinepanel.net\/it\/wp-json\/wp\/v2\/pages\/100000401\/revisions"}],"predecessor-version":[{"id":100027144,"href":"https:\/\/www.onlinepanel.net\/it\/wp-json\/wp\/v2\/pages\/100000401\/revisions\/100027144"}],"wp:attachment":[{"href":"https:\/\/www.onlinepanel.net\/it\/wp-json\/wp\/v2\/media?parent=100000401"}],"curies":[{"name":"wp","href":"https:\/\/api.w.org\/{rel}","templated":true}]}}