{"id":100027368,"date":"2024-10-27T11:10:24","date_gmt":"2024-10-27T11:10:24","guid":{"rendered":"https:\/\/www.onlinepanel.net\/mentions-legales\/"},"modified":"2024-10-27T11:10:24","modified_gmt":"2024-10-27T11:10:24","slug":"mentions-legales","status":"publish","type":"page","link":"https:\/\/www.onlinepanel.net\/fr\/mentions-legales\/","title":{"rendered":"Mentions l\u00e9gales"},"content":{"rendered":"<p>[vc_row][vc_column][vc_column_text bb_tab_container=\u00a0\u00bb\u00a0\u00bb]The Survey Scientists, l&rsquo;\u00e9diteur de Online Panel NET, est une marque de services d&rsquo;\u00e9tudes de march\u00e9 cr\u00e9\u00e9e par Alexander Raulfs, un pionnier allemand des \u00e9tudes de march\u00e9 en ligne, avec plus de 27 ans d&rsquo;exp\u00e9rience dans le domaine des \u00e9tudes internationales.<\/p>\n<p>The Survey Scientists<br \/>\nAlexander Raulfs, M.A.<br \/>\nCarrer Esglesia 4, 08712 Sant Marti de Tous &#8211; Barcelone, Espagne<\/p>\n<p>T\u00e9l\u00e9phone : 0034-938096331<br \/>\nCourriel : <span \n                data-original-string='d4JEroBuPt+FjWm\/Yc4QKg==a79HN3lZV4bjrmIi7fQf4+eePlD1FMq2nklarW5NJltHJc='\n                class='apbct-email-encoder'\n                title='This contact has been encoded by Anti-Spam by CleanTalk. Click to decode. To finish the decoding make sure that JavaScript is enabled in your browser.'>in<span class=\"apbct-blur\">**<\/span>@<span class=\"apbct-blur\">**************<\/span>ts.com<\/span><br \/>\nWeb : www.surveyscientists.com<br \/>\nNum\u00e9ro d&rsquo;identification TVA : ESZ0748764G<\/p>\n<p>Responsabilit\u00e9 du contenu<\/p>\n<p>Le contenu de nos pages a \u00e9t\u00e9 \u00e9labor\u00e9 avec le plus grand soin. Toutefois, nous ne pouvons \u00eatre tenus responsables de l&rsquo;exactitude, de l&rsquo;exhaustivit\u00e9 et de l&rsquo;actualit\u00e9 du contenu. En tant que prestataire de services, nous sommes responsables de nos propres contenus sur ces pages, conform\u00e9ment \u00e0 l&rsquo;article 7, paragraphe 1, de la loi allemande sur la protection des donn\u00e9es (DDG) et \u00e0 la l\u00e9gislation g\u00e9n\u00e9rale. Conform\u00e9ment aux articles 8 \u00e0 10 de la loi sur la protection des donn\u00e9es, nous ne sommes toutefois pas tenus, en tant que prestataire de services, de surveiller les informations transmises ou enregistr\u00e9es par des tiers, ni d&rsquo;enqu\u00eater sur des circonstances indiquant une activit\u00e9 ill\u00e9gale. Les obligations de supprimer ou de bloquer l&rsquo;utilisation des informations conform\u00e9ment \u00e0 la l\u00e9gislation g\u00e9n\u00e9rale n&rsquo;en sont pas affect\u00e9es. Toutefois, la responsabilit\u00e9 \u00e0 cet \u00e9gard n&rsquo;est possible qu&rsquo;\u00e0 partir du moment o\u00f9 l&rsquo;on a connaissance d&rsquo;une infraction sp\u00e9cifique. D\u00e8s que nous aurons connaissance d&rsquo;une telle infraction, nous retirerons imm\u00e9diatement ce contenu.<\/p>\n<p>Responsabilit\u00e9 pour les liens<\/p>\n<p>Notre site web contient des liens vers des sites web externes de tiers sur le contenu desquels nous n&rsquo;avons aucune influence. Nous ne pouvons donc pas \u00eatre tenus responsables du contenu de ces sites tiers. Le fournisseur ou l&rsquo;exploitant des pages est toujours responsable du contenu des pages li\u00e9es. Les pages li\u00e9es ont \u00e9t\u00e9 contr\u00f4l\u00e9es au moment de la mise en place des liens afin de d\u00e9tecter d&rsquo;\u00e9ventuelles violations de la loi. Aucun contenu ill\u00e9gal n&rsquo;a \u00e9t\u00e9 d\u00e9tect\u00e9 au moment de l&rsquo;\u00e9tablissement des liens. Toutefois, un contr\u00f4le permanent du contenu des pages li\u00e9es n&rsquo;est pas raisonnable en l&rsquo;absence de preuves concr\u00e8tes d&rsquo;une infraction. Si nous avons connaissance d&rsquo;une violation de la loi, nous supprimerons imm\u00e9diatement les liens en question.<\/p>\n<p>Droits d&rsquo;auteur<\/p>\n<p>Le contenu et les \u0153uvres cr\u00e9\u00e9s par les exploitants du site sur ces pages sont soumis \u00e0 la l\u00e9gislation europ\u00e9enne sur le droit d&rsquo;auteur. La reproduction, le traitement, la distribution et toute forme de commercialisation de ce mat\u00e9riel au-del\u00e0 du champ d&rsquo;application de la loi sur les droits d&rsquo;auteur requi\u00e8rent l&rsquo;accord \u00e9crit pr\u00e9alable de l&rsquo;auteur ou du cr\u00e9ateur respectif. Les t\u00e9l\u00e9chargements et les copies de ce site ne sont autoris\u00e9s que pour un usage priv\u00e9 et non commercial. Dans la mesure o\u00f9 le contenu de ce site n&rsquo;a pas \u00e9t\u00e9 cr\u00e9\u00e9 par l&rsquo;op\u00e9rateur, les droits d&rsquo;auteur de tiers sont respect\u00e9s. Les contenus de tiers sont notamment identifi\u00e9s comme tels. Si vous avez n\u00e9anmoins connaissance d&rsquo;une violation des droits d&rsquo;auteur, veuillez nous en informer. Si nous avons connaissance d&rsquo;une infraction, nous supprimerons imm\u00e9diatement le contenu en question.<\/p>\n<p>Protection des donn\u00e9es<\/p>\n<p>L&rsquo;utilisation de notre site web est g\u00e9n\u00e9ralement possible sans fournir de donn\u00e9es personnelles. Dans la mesure o\u00f9 des donn\u00e9es personnelles (par exemple le nom, l&rsquo;adresse ou l&rsquo;adresse \u00e9lectronique) sont collect\u00e9es sur nos pages, cela se fait toujours, dans la mesure du possible, sur une base volontaire. Ces donn\u00e9es ne seront pas transmises \u00e0 des tiers sans votre consentement explicite.<br \/>\nNous attirons l&rsquo;attention sur le fait que la transmission de donn\u00e9es sur Internet (par exemple lors de la communication par courrier \u00e9lectronique) peut pr\u00e9senter des failles de s\u00e9curit\u00e9. Une protection compl\u00e8te des donn\u00e9es contre l&rsquo;acc\u00e8s par des tiers n&rsquo;est pas possible.<br \/>\nPar la pr\u00e9sente, nous interdisons express\u00e9ment l&rsquo;utilisation par des tiers des donn\u00e9es de contact publi\u00e9es dans le cadre de l&rsquo;obligation de mentions l\u00e9gales pour l&rsquo;envoi de publicit\u00e9 et de mat\u00e9riel d&rsquo;information non sollicit\u00e9s. Les exploitants de ce site se r\u00e9servent express\u00e9ment le droit d&rsquo;engager des poursuites judiciaires en cas d&rsquo;envoi non sollicit\u00e9 d&rsquo;informations publicitaires, telles que des spams.[\/vc_column_text][\/vc_column][\/vc_row]<\/p>\n","protected":false},"excerpt":{"rendered":"<p>[vc_row][vc_column][vc_column_text bb_tab_container=\u00a0\u00bb\u00a0\u00bb]The Survey Scientists, l&rsquo;\u00e9diteur de Online Panel NET, est une marque de services d&rsquo;\u00e9tudes de march\u00e9 cr\u00e9\u00e9e par Alexander Raulfs, un pionnier allemand des \u00e9tudes de march\u00e9 en ligne, avec plus de 27 ans d&rsquo;exp\u00e9rience dans le domaine des \u00e9tudes internationales. The Survey Scientists Alexander Raulfs, M.A. Carrer Esglesia 4, 08712 Sant Marti de Tous &#8211; Barcelone, Espagne T\u00e9l\u00e9phone : 0034-938096331 Courriel : in**@**************ts.com Web : www.surveyscientists.com Num\u00e9ro d&rsquo;identification TVA : ESZ0748764G Responsabilit\u00e9 du contenu Le contenu de nos pages a \u00e9t\u00e9 \u00e9labor\u00e9 avec le plus grand soin. Toutefois, nous ne pouvons \u00eatre tenus responsables de l&rsquo;exactitude, de l&rsquo;exhaustivit\u00e9 et de l&rsquo;actualit\u00e9 du contenu. En tant que prestataire de services, nous sommes responsables de nos propres contenus sur ces pages, conform\u00e9ment \u00e0 l&rsquo;article 7, paragraphe 1, de la loi allemande sur la protection des donn\u00e9es (DDG) et \u00e0 la l\u00e9gislation g\u00e9n\u00e9rale. Conform\u00e9ment aux articles 8 \u00e0 10 de la loi sur la protection des donn\u00e9es, nous ne sommes toutefois pas tenus, en tant que prestataire de services, de surveiller les informations transmises ou enregistr\u00e9es par des tiers, ni d&rsquo;enqu\u00eater sur des circonstances indiquant une activit\u00e9 ill\u00e9gale. Les obligations de supprimer ou de bloquer l&rsquo;utilisation des informations conform\u00e9ment \u00e0 la l\u00e9gislation g\u00e9n\u00e9rale n&rsquo;en sont pas affect\u00e9es. Toutefois, la responsabilit\u00e9 \u00e0 cet \u00e9gard n&rsquo;est possible qu&rsquo;\u00e0 partir du moment o\u00f9 l&rsquo;on a connaissance d&rsquo;une infraction sp\u00e9cifique. D\u00e8s que nous aurons connaissance d&rsquo;une telle infraction, nous retirerons imm\u00e9diatement ce contenu. Responsabilit\u00e9 pour les liens Notre site web contient des liens vers des sites web externes de tiers sur le contenu desquels nous n&rsquo;avons aucune influence. Nous ne pouvons donc pas \u00eatre tenus responsables du contenu de ces sites tiers. Le fournisseur ou l&rsquo;exploitant des pages est toujours responsable du contenu des pages li\u00e9es. Les pages li\u00e9es ont \u00e9t\u00e9 contr\u00f4l\u00e9es au moment de la mise en place des liens afin de d\u00e9tecter d&rsquo;\u00e9ventuelles violations de la loi. Aucun contenu ill\u00e9gal n&rsquo;a \u00e9t\u00e9 d\u00e9tect\u00e9 au moment de l&rsquo;\u00e9tablissement des liens. Toutefois, un contr\u00f4le permanent du contenu des pages li\u00e9es n&rsquo;est pas raisonnable en l&rsquo;absence de preuves concr\u00e8tes d&rsquo;une infraction. Si nous avons connaissance d&rsquo;une violation de la loi, nous supprimerons imm\u00e9diatement les liens en question. Droits d&rsquo;auteur Le contenu et les \u0153uvres cr\u00e9\u00e9s par les exploitants du site sur ces pages sont soumis \u00e0 la l\u00e9gislation europ\u00e9enne sur le droit d&rsquo;auteur. La reproduction, le traitement, la distribution et toute forme de commercialisation de ce mat\u00e9riel au-del\u00e0 du champ d&rsquo;application de la loi sur les droits d&rsquo;auteur requi\u00e8rent l&rsquo;accord \u00e9crit pr\u00e9alable de l&rsquo;auteur ou du cr\u00e9ateur respectif. Les t\u00e9l\u00e9chargements et les copies de ce site ne sont autoris\u00e9s que pour un usage priv\u00e9 et non commercial. Dans la mesure o\u00f9 le contenu de ce site n&rsquo;a pas \u00e9t\u00e9 cr\u00e9\u00e9 par l&rsquo;op\u00e9rateur, les droits d&rsquo;auteur de tiers sont respect\u00e9s. Les contenus de tiers sont notamment identifi\u00e9s comme tels. Si vous avez n\u00e9anmoins connaissance d&rsquo;une violation des droits d&rsquo;auteur, veuillez nous en informer. Si nous avons connaissance d&rsquo;une infraction, nous supprimerons imm\u00e9diatement le contenu en question. Protection des donn\u00e9es L&rsquo;utilisation de notre site web est g\u00e9n\u00e9ralement possible sans fournir de donn\u00e9es personnelles. Dans la mesure o\u00f9 des donn\u00e9es personnelles (par exemple le nom, l&rsquo;adresse ou l&rsquo;adresse \u00e9lectronique) sont collect\u00e9es sur nos pages, cela se fait toujours, dans la mesure du possible, sur une base volontaire. Ces donn\u00e9es ne seront pas transmises \u00e0 des tiers sans votre consentement explicite. Nous attirons l&rsquo;attention sur le fait que la transmission de donn\u00e9es sur Internet (par exemple lors de la communication par courrier \u00e9lectronique) peut pr\u00e9senter des failles de s\u00e9curit\u00e9. Une protection compl\u00e8te des donn\u00e9es contre l&rsquo;acc\u00e8s par des tiers n&rsquo;est pas possible. Par la pr\u00e9sente, nous interdisons express\u00e9ment l&rsquo;utilisation par des tiers des donn\u00e9es de contact publi\u00e9es dans le cadre de l&rsquo;obligation de mentions l\u00e9gales pour l&rsquo;envoi de publicit\u00e9 et de mat\u00e9riel d&rsquo;information non sollicit\u00e9s. Les exploitants de ce site se r\u00e9servent express\u00e9ment le droit d&rsquo;engager des poursuites judiciaires en cas d&rsquo;envoi non sollicit\u00e9 d&rsquo;informations publicitaires, telles que des spams.[\/vc_column_text][\/vc_column][\/vc_row]<\/p>\n","protected":false},"author":1,"featured_media":0,"parent":0,"menu_order":0,"comment_status":"closed","ping_status":"closed","template":"","meta":{"_bbp_topic_count":0,"_bbp_reply_count":0,"_bbp_total_topic_count":0,"_bbp_total_reply_count":0,"_bbp_voice_count":0,"_bbp_anonymous_reply_count":0,"_bbp_topic_count_hidden":0,"_bbp_reply_count_hidden":0,"_bbp_forum_subforum_count":0},"_links":{"self":[{"href":"https:\/\/www.onlinepanel.net\/fr\/wp-json\/wp\/v2\/pages\/100027368"}],"collection":[{"href":"https:\/\/www.onlinepanel.net\/fr\/wp-json\/wp\/v2\/pages"}],"about":[{"href":"https:\/\/www.onlinepanel.net\/fr\/wp-json\/wp\/v2\/types\/page"}],"author":[{"embeddable":true,"href":"https:\/\/www.onlinepanel.net\/fr\/wp-json\/wp\/v2\/users\/1"}],"replies":[{"embeddable":true,"href":"https:\/\/www.onlinepanel.net\/fr\/wp-json\/wp\/v2\/comments?post=100027368"}],"version-history":[{"count":2,"href":"https:\/\/www.onlinepanel.net\/fr\/wp-json\/wp\/v2\/pages\/100027368\/revisions"}],"predecessor-version":[{"id":100027370,"href":"https:\/\/www.onlinepanel.net\/fr\/wp-json\/wp\/v2\/pages\/100027368\/revisions\/100027370"}],"wp:attachment":[{"href":"https:\/\/www.onlinepanel.net\/fr\/wp-json\/wp\/v2\/media?parent=100027368"}],"curies":[{"name":"wp","href":"https:\/\/api.w.org\/{rel}","templated":true}]}}