{"id":100020416,"date":"2021-09-22T11:23:36","date_gmt":"2021-09-22T11:23:36","guid":{"rendered":"https:\/\/www.onlinepanel.net\/sondages-mobiles\/"},"modified":"2022-01-01T11:28:02","modified_gmt":"2022-01-01T11:28:02","slug":"sondages-mobiles","status":"publish","type":"page","link":"https:\/\/www.onlinepanel.net\/fr\/sondages-mobiles\/","title":{"rendered":"Sondages mobiles"},"content":{"rendered":"<p>[vc_row equal_height=\u00a0\u00bbyes\u00a0\u00bb content_placement=\u00a0\u00bbmiddle\u00a0\u00bb][vc_column width=\u00a0\u00bb5\/6&Prime;][vc_message message_box_color=\u00a0\u00bbwhite\u00a0\u00bb icon_fontawesome=\u00a0\u00bbfas fa-chart-bar\u00a0\u00bb bb_tab_container=\u00a0\u00bb\u00a0\u00bb]<\/p>\n<h3><a href=\"https:\/\/rewardtk.com\/click.php?aff=6180&amp;camp=3019134&amp;sub1=0\" target=\"_blank\" rel=\"noopener\">Research on Mobile France<\/a><\/h3>\n<p><span style=\"color: #808080;\">Participez \u00e0 des sondages avec Research on Mobile France. Avec chaque sondage compl\u00e9t\u00e9, vous collectez toujours 375 points, avec jusqu\u2019\u00e0 3 sondages par jour. Ces sondages sont destin\u00e9s aux utilisateurs de t\u00e9l\u00e9phones mobiles \u00e9quip\u00e9s. Ouvrez, remplissez une sondage et obtenez une r\u00e9compense avec toujours 375 points. Pour les utilisateurs en France et sur mobile uniquement. <\/span>[\/vc_message][\/vc_column][vc_column width=\u00a0\u00bb1\/6&Prime;][vc_message message_box_color=\u00a0\u00bbwhite\u00a0\u00bb icon_fontawesome=\u00a0\u00bbfas fa-edit\u00a0\u00bb bb_tab_container=\u00a0\u00bb\u00a0\u00bb]<\/p>\n<p>&nbsp;<\/p>\n<h1><span style=\"color: #ffffff;\"><a href=\"https:\/\/rewardtk.com\/click.php?aff=6180&amp;camp=3019134&amp;sub1=0\" target=\"_blank\" rel=\"noopener\">375<\/a><\/span><\/h1>\n<p>&nbsp;<\/p>\n<p>[\/vc_message][\/vc_column][\/vc_row][vc_row equal_height=\u00a0\u00bbyes\u00a0\u00bb content_placement=\u00a0\u00bbmiddle\u00a0\u00bb][vc_column width=\u00a0\u00bb5\/6&Prime;][vc_message message_box_color=\u00a0\u00bbgrey\u00a0\u00bb icon_fontawesome=\u00a0\u00bbfas fa-chart-pie\u00a0\u00bb bb_tab_container=\u00a0\u00bb\u00a0\u00bb]<\/p>\n<h3><a href=\"https:\/\/rewardtk.com\/click.php?aff=6180&amp;camp=5038708&amp;sub1=0\" target=\"_blank\" rel=\"noopener\">Research XL on Mobile France<\/a><\/h3>\n<p><span style=\"color: #808080;\">Participez \u00e0 des sondages avec Research on Mobile France. Avec chaque sondage compl\u00e9t\u00e9, vous collectez toujours 900 points, avec jusqu\u2019\u00e0 3 sondages par jour. Ces sondages sont destin\u00e9s aux utilisateurs de t\u00e9l\u00e9phones mobiles \u00e9quip\u00e9s. Ouvrez, remplissez une sondage et obtenez une r\u00e9compense avec toujours 900 points. Pour les utilisateurs en France et sur mobile uniquement. <\/span>[\/vc_message][\/vc_column][vc_column width=\u00a0\u00bb1\/6&Prime;][vc_message message_box_color=\u00a0\u00bbgrey\u00a0\u00bb icon_fontawesome=\u00a0\u00bbfas fa-edit\u00a0\u00bb bb_tab_container=\u00a0\u00bb\u00a0\u00bb]<\/p>\n<p>&nbsp;<\/p>\n<h1><span style=\"color: #ffffff;\"><a href=\"https:\/\/rewardtk.com\/click.php?aff=6180&amp;camp=5038708&amp;sub1=0\" target=\"_blank\" rel=\"noopener\">900<\/a><\/span><\/h1>\n<p>&nbsp;<\/p>\n<p>[\/vc_message][\/vc_column][\/vc_row][vc_row equal_height=\u00a0\u00bbyes\u00a0\u00bb content_placement=\u00a0\u00bbmiddle\u00a0\u00bb][vc_column width=\u00a0\u00bb5\/6&Prime;][vc_message message_box_color=\u00a0\u00bbwhite\u00a0\u00bb icon_fontawesome=\u00a0\u00bbfas fa-chart-bar\u00a0\u00bb]<\/p>\n<h3><a href=\"https:\/\/rewardtk.com\/click.php?aff=6180&amp;camp=3019106&amp;sub1=0\" target=\"_blank\" rel=\"noopener\">Research on Mobile Belgique<\/a><\/h3>\n<p><span style=\"color: #808080;\">Participez \u00e0 des sondages avec Research on Mobile Belgique. Avec chaque sondage compl\u00e9t\u00e9, vous collectez toujours 450 points, avec jusqu\u2019\u00e0 3 sondages par jour. Ces sondages sont destin\u00e9s aux utilisateurs de t\u00e9l\u00e9phones mobiles \u00e9quip\u00e9s. Ouvrez, remplissez une sondage et obtenez une r\u00e9compense avec toujours 450 points. Pour les utilisateurs en Belgique et sur mobile uniquement. <\/span>[\/vc_message][\/vc_column][vc_column width=\u00a0\u00bb1\/6&Prime;][vc_message message_box_color=\u00a0\u00bbgrey\u00a0\u00bb icon_fontawesome=\u00a0\u00bbfas fa-edit\u00a0\u00bb]<\/p>\n<p>&nbsp;<\/p>\n<h1><span style=\"color: #ffffff;\"><a href=\"https:\/\/rewardtk.com\/click.php?aff=6180&amp;camp=3019106&amp;sub1=0\" target=\"_blank\" rel=\"noopener\">450<\/a><\/span><\/h1>\n<p>&nbsp;<\/p>\n<p>[\/vc_message][\/vc_column][\/vc_row][vc_row equal_height=\u00a0\u00bbyes\u00a0\u00bb content_placement=\u00a0\u00bbmiddle\u00a0\u00bb][vc_column width=\u00a0\u00bb5\/6&Prime;][vc_message message_box_color=\u00a0\u00bbwhite\u00a0\u00bb icon_fontawesome=\u00a0\u00bbfas fa-chart-bar\u00a0\u00bb]<\/p>\n<h3><a href=\"https:\/\/rewardtk.com\/click.php?aff=6180&amp;camp=4970928&amp;sub1=0\" target=\"_blank\" rel=\"noopener\">Research on Mobile Suisse<\/a><\/h3>\n<p><span style=\"color: #808080;\">Participez \u00e0 des sondages avec Research on Mobile Suisse. Avec chaque sondage compl\u00e9t\u00e9, vous collectez toujours 500 points, avec jusqu\u2019\u00e0 3 sondages par jour. Ces sondages sont destin\u00e9s aux utilisateurs de t\u00e9l\u00e9phones mobiles \u00e9quip\u00e9s. Ouvrez, remplissez une sondage et obtenez une r\u00e9compense avec toujours 500 points. Pour les utilisateurs en Suisse et sur mobile uniquement. <\/span>[\/vc_message][\/vc_column][vc_column width=\u00a0\u00bb1\/6&Prime;][vc_message message_box_color=\u00a0\u00bbblack\u00a0\u00bb icon_fontawesome=\u00a0\u00bbfas fa-edit\u00a0\u00bb]<\/p>\n<p>&nbsp;<\/p>\n<h1><span style=\"color: #ffffff;\"><a href=\"https:\/\/rewardtk.com\/click.php?aff=6180&amp;camp=4970928&amp;sub1=0\" target=\"_blank\" rel=\"noopener\">500<\/a><\/span><\/h1>\n<p>&nbsp;<\/p>\n<p>[\/vc_message][\/vc_column][\/vc_row]<br \/>\n<\/p>\n","protected":false},"excerpt":{"rendered":"<p>[vc_row equal_height=\u00a0\u00bbyes\u00a0\u00bb content_placement=\u00a0\u00bbmiddle\u00a0\u00bb][vc_column width=\u00a0\u00bb5\/6&Prime;][vc_message message_box_color=\u00a0\u00bbwhite\u00a0\u00bb icon_fontawesome=\u00a0\u00bbfas fa-chart-bar\u00a0\u00bb bb_tab_container=\u00a0\u00bb\u00a0\u00bb] Research on Mobile France Participez \u00e0 des sondages avec Research on Mobile France. Avec chaque sondage compl\u00e9t\u00e9, vous collectez toujours 375 points, avec jusqu\u2019\u00e0 3 sondages par jour. Ces sondages sont destin\u00e9s aux utilisateurs de t\u00e9l\u00e9phones mobiles \u00e9quip\u00e9s. Ouvrez, remplissez une sondage et obtenez une r\u00e9compense avec toujours 375 points. Pour les utilisateurs en France et sur mobile uniquement. [\/vc_message][\/vc_column][vc_column width=\u00a0\u00bb1\/6&Prime;][vc_message message_box_color=\u00a0\u00bbwhite\u00a0\u00bb icon_fontawesome=\u00a0\u00bbfas fa-edit\u00a0\u00bb bb_tab_container=\u00a0\u00bb\u00a0\u00bb] &nbsp; 375 &nbsp; [\/vc_message][\/vc_column][\/vc_row][vc_row equal_height=\u00a0\u00bbyes\u00a0\u00bb content_placement=\u00a0\u00bbmiddle\u00a0\u00bb][vc_column width=\u00a0\u00bb5\/6&Prime;][vc_message message_box_color=\u00a0\u00bbgrey\u00a0\u00bb icon_fontawesome=\u00a0\u00bbfas fa-chart-pie\u00a0\u00bb bb_tab_container=\u00a0\u00bb\u00a0\u00bb] Research XL on Mobile France Participez \u00e0 des sondages avec Research on Mobile France. Avec chaque sondage compl\u00e9t\u00e9, vous collectez toujours 900 points, avec jusqu\u2019\u00e0 3 sondages par jour. Ces sondages sont destin\u00e9s aux utilisateurs de t\u00e9l\u00e9phones mobiles \u00e9quip\u00e9s. Ouvrez, remplissez une sondage et obtenez une r\u00e9compense avec toujours 900 points. Pour les utilisateurs en France et sur mobile uniquement. [\/vc_message][\/vc_column][vc_column width=\u00a0\u00bb1\/6&Prime;][vc_message message_box_color=\u00a0\u00bbgrey\u00a0\u00bb icon_fontawesome=\u00a0\u00bbfas fa-edit\u00a0\u00bb bb_tab_container=\u00a0\u00bb\u00a0\u00bb] &nbsp; 900 &nbsp; [\/vc_message][\/vc_column][\/vc_row][vc_row equal_height=\u00a0\u00bbyes\u00a0\u00bb content_placement=\u00a0\u00bbmiddle\u00a0\u00bb][vc_column width=\u00a0\u00bb5\/6&Prime;][vc_message message_box_color=\u00a0\u00bbwhite\u00a0\u00bb icon_fontawesome=\u00a0\u00bbfas fa-chart-bar\u00a0\u00bb] Research on Mobile Belgique Participez \u00e0 des sondages avec Research on Mobile Belgique. Avec chaque sondage compl\u00e9t\u00e9, vous collectez toujours 450 points, avec jusqu\u2019\u00e0 3 sondages par jour. Ces sondages sont destin\u00e9s aux utilisateurs de t\u00e9l\u00e9phones mobiles \u00e9quip\u00e9s. Ouvrez, remplissez une sondage et obtenez une r\u00e9compense avec toujours 450 points. Pour les utilisateurs en Belgique et sur mobile uniquement. [\/vc_message][\/vc_column][vc_column width=\u00a0\u00bb1\/6&Prime;][vc_message message_box_color=\u00a0\u00bbgrey\u00a0\u00bb icon_fontawesome=\u00a0\u00bbfas fa-edit\u00a0\u00bb] &nbsp; 450 &nbsp; [\/vc_message][\/vc_column][\/vc_row][vc_row equal_height=\u00a0\u00bbyes\u00a0\u00bb content_placement=\u00a0\u00bbmiddle\u00a0\u00bb][vc_column width=\u00a0\u00bb5\/6&Prime;][vc_message message_box_color=\u00a0\u00bbwhite\u00a0\u00bb icon_fontawesome=\u00a0\u00bbfas fa-chart-bar\u00a0\u00bb] Research on Mobile Suisse Participez \u00e0 des sondages avec Research on Mobile Suisse. Avec chaque sondage compl\u00e9t\u00e9, vous collectez toujours 500 points, avec jusqu\u2019\u00e0 3 sondages par jour. Ces sondages sont destin\u00e9s aux utilisateurs de t\u00e9l\u00e9phones mobiles \u00e9quip\u00e9s. Ouvrez, remplissez une sondage et obtenez une r\u00e9compense avec toujours 500 points. Pour les utilisateurs en Suisse et sur mobile uniquement. [\/vc_message][\/vc_column][vc_column width=\u00a0\u00bb1\/6&Prime;][vc_message message_box_color=\u00a0\u00bbblack\u00a0\u00bb icon_fontawesome=\u00a0\u00bbfas fa-edit\u00a0\u00bb] &nbsp; 500 &nbsp; [\/vc_message][\/vc_column][\/vc_row]<\/p>\n","protected":false},"author":1,"featured_media":0,"parent":0,"menu_order":0,"comment_status":"closed","ping_status":"closed","template":"","meta":{"_bbp_topic_count":0,"_bbp_reply_count":0,"_bbp_total_topic_count":0,"_bbp_total_reply_count":0,"_bbp_voice_count":0,"_bbp_anonymous_reply_count":0,"_bbp_topic_count_hidden":0,"_bbp_reply_count_hidden":0,"_bbp_forum_subforum_count":0},"_links":{"self":[{"href":"https:\/\/www.onlinepanel.net\/fr\/wp-json\/wp\/v2\/pages\/100020416"}],"collection":[{"href":"https:\/\/www.onlinepanel.net\/fr\/wp-json\/wp\/v2\/pages"}],"about":[{"href":"https:\/\/www.onlinepanel.net\/fr\/wp-json\/wp\/v2\/types\/page"}],"author":[{"embeddable":true,"href":"https:\/\/www.onlinepanel.net\/fr\/wp-json\/wp\/v2\/users\/1"}],"replies":[{"embeddable":true,"href":"https:\/\/www.onlinepanel.net\/fr\/wp-json\/wp\/v2\/comments?post=100020416"}],"version-history":[{"count":9,"href":"https:\/\/www.onlinepanel.net\/fr\/wp-json\/wp\/v2\/pages\/100020416\/revisions"}],"predecessor-version":[{"id":100020889,"href":"https:\/\/www.onlinepanel.net\/fr\/wp-json\/wp\/v2\/pages\/100020416\/revisions\/100020889"}],"wp:attachment":[{"href":"https:\/\/www.onlinepanel.net\/fr\/wp-json\/wp\/v2\/media?parent=100020416"}],"curies":[{"name":"wp","href":"https:\/\/api.w.org\/{rel}","templated":true}]}}