{"id":100019970,"date":"2021-03-23T12:44:37","date_gmt":"2021-03-23T12:44:37","guid":{"rendered":"https:\/\/www.onlinepanel.net\/paiements\/"},"modified":"2021-10-20T10:30:50","modified_gmt":"2021-10-20T10:30:50","slug":"paiements","status":"publish","type":"page","link":"https:\/\/www.onlinepanel.net\/fr\/paiements\/","title":{"rendered":"Paiements"},"content":{"rendered":"<p><strong>Une fois que vous avez collect\u00e9 10 000 points<\/strong>, vous pouvez demander un retrait de 10 USD. <strong>Tout d&rsquo;abord<\/strong>, veuillez cliquer sur \u00ab\u00a0Votre compte Paypal\u00a0\u00bb pour entrer l&rsquo;adresse \u00e9lectronique correcte de votre compte PayPal. <strong>Ensuite<\/strong>, veuillez entrer 10000 en chiffres dans le champ ci-dessous et cliquer sur le bouton ci-apr\u00e8s pour nous envoyer votre demande. Les points restants seront d\u00e9pos\u00e9s sur votre compte. Nous vous transf\u00e9rerons l&rsquo;argent <strong>apr\u00e8s le 15 du mois<\/strong> suivant, car nous devons attendre la confirmation finale de vos points par nos partenaires. Ainsi, un paiement peut prendre <strong>entre 3 et 6 semaines<\/strong>, en fonction du moment o\u00f9 vous demandez votre paiement. <\/p>\n\n","protected":false},"excerpt":{"rendered":"<p>Une fois que vous avez collect\u00e9 10 000 points, vous pouvez demander un retrait de 10 USD. Tout d&rsquo;abord, veuillez cliquer sur \u00ab\u00a0Votre compte Paypal\u00a0\u00bb pour entrer l&rsquo;adresse \u00e9lectronique correcte de votre compte PayPal. Ensuite, veuillez entrer 10000 en chiffres dans le champ ci-dessous et cliquer sur le bouton ci-apr\u00e8s pour nous envoyer votre demande. Les points restants seront d\u00e9pos\u00e9s sur votre compte. Nous vous transf\u00e9rerons l&rsquo;argent apr\u00e8s le 15 du mois suivant, car nous devons attendre la confirmation finale de vos points par nos partenaires. Ainsi, un paiement peut prendre entre 3 et 6 semaines, en fonction du moment o\u00f9 vous demandez votre paiement.<\/p>\n","protected":false},"author":1,"featured_media":0,"parent":0,"menu_order":0,"comment_status":"closed","ping_status":"closed","template":"","meta":{"_bbp_topic_count":0,"_bbp_reply_count":0,"_bbp_total_topic_count":0,"_bbp_total_reply_count":0,"_bbp_voice_count":0,"_bbp_anonymous_reply_count":0,"_bbp_topic_count_hidden":0,"_bbp_reply_count_hidden":0,"_bbp_forum_subforum_count":0},"_links":{"self":[{"href":"https:\/\/www.onlinepanel.net\/fr\/wp-json\/wp\/v2\/pages\/100019970"}],"collection":[{"href":"https:\/\/www.onlinepanel.net\/fr\/wp-json\/wp\/v2\/pages"}],"about":[{"href":"https:\/\/www.onlinepanel.net\/fr\/wp-json\/wp\/v2\/types\/page"}],"author":[{"embeddable":true,"href":"https:\/\/www.onlinepanel.net\/fr\/wp-json\/wp\/v2\/users\/1"}],"replies":[{"embeddable":true,"href":"https:\/\/www.onlinepanel.net\/fr\/wp-json\/wp\/v2\/comments?post=100019970"}],"version-history":[{"count":1,"href":"https:\/\/www.onlinepanel.net\/fr\/wp-json\/wp\/v2\/pages\/100019970\/revisions"}],"predecessor-version":[{"id":100020666,"href":"https:\/\/www.onlinepanel.net\/fr\/wp-json\/wp\/v2\/pages\/100019970\/revisions\/100020666"}],"wp:attachment":[{"href":"https:\/\/www.onlinepanel.net\/fr\/wp-json\/wp\/v2\/media?parent=100019970"}],"curies":[{"name":"wp","href":"https:\/\/api.w.org\/{rel}","templated":true}]}}