{"id":100027365,"date":"2024-10-27T11:08:19","date_gmt":"2024-10-27T11:08:19","guid":{"rendered":"https:\/\/www.onlinepanel.net\/pie-de-imprenta\/"},"modified":"2024-10-27T11:08:19","modified_gmt":"2024-10-27T11:08:19","slug":"pie-de-imprenta","status":"publish","type":"page","link":"https:\/\/www.onlinepanel.net\/es\/pie-de-imprenta\/","title":{"rendered":"Pie de imprenta"},"content":{"rendered":"<p>[vc_row][vc_column][vc_column_text bb_tab_container=\u00bb\u00bb]The Survey Scientists, el editor de Online Panel NET es una marca de servicios de investigaci\u00f3n de mercado de Alexander Raulfs, pionero l\u00edder en investigaci\u00f3n de mercado online de Alemania, con m\u00e1s de 27 a\u00f1os de experiencia en investigaci\u00f3n internacional.<\/p>\n<p>The Survey Scientists<br \/>\nAlexander Raulfs, M.A.<br \/>\nCarrer Esglesia 4, 08712 Sant Marti de Tous &#8211; Barcelona, Espa\u00f1a<\/p>\n<p>Tel: 0034-938096331<br \/>\nCorreo electr\u00f3nico: <span \n                data-original-string='KNlxsXBWgWltdVhedPWjgw==a79pdJatB4ntnFzbl1OzU7C7Ku\/k3W6Bv67FKLiaeuGnj0='\n                class='apbct-email-encoder'\n                title='Este contacto ha sido codificado por Anti-Spam by CleanTalk. Haz clic para decodificar. Para finalizar la decodificaci\u00f3n, aseg\u00farate de que JavaScript est\u00e1 activado en tu navegador.'>in<span class=\"apbct-blur\">**<\/span>@<span class=\"apbct-blur\">**************<\/span>ts.com<\/span><br \/>\nWeb: www.surveyscientists.com<br \/>\nN\u00famero de Identificaci\u00f3n Fiscal: ESZ0748764G<\/p>\n<p>Responsabilidad por el contenido<\/p>\n<p>Los contenidos de nuestras p\u00e1ginas han sido elaborados con el mayor esmero. Sin embargo, no podemos asumir ninguna responsabilidad por la exactitud, integridad y actualidad de los contenidos. Como proveedor de servicios, somos responsables de nuestros propios contenidos en estas p\u00e1ginas de acuerdo con el \u00a7 7 (1) DDG y la legislaci\u00f3n general. Sin embargo, de acuerdo con los \u00a7\u00a7 8 a 10 DDG, como proveedor de servicios no estamos obligados a controlar la informaci\u00f3n ajena transmitida o almacenada ni a investigar circunstancias que indiquen una actividad ilegal. Esto no afecta a las obligaciones de eliminar o bloquear el uso de informaci\u00f3n de conformidad con la legislaci\u00f3n general. Sin embargo, la responsabilidad a este respecto s\u00f3lo es posible a partir del momento en que se tiene conocimiento de una infracci\u00f3n concreta. En cuanto tengamos conocimiento de tales infracciones, eliminaremos inmediatamente estos contenidos.<\/p>\n<p>Responsabilidad de los enlaces<\/p>\n<p>Nuestro sitio web contiene enlaces a sitios web externos de terceros sobre cuyo contenido no tenemos ninguna influencia. Por lo tanto, no podemos aceptar ninguna responsabilidad por este contenido de terceros. El respectivo proveedor u operador de las p\u00e1ginas es siempre responsable del contenido de las p\u00e1ginas enlazadas. Las p\u00e1ginas enlazadas fueron revisadas en el momento de su vinculaci\u00f3n para detectar posibles infracciones legales. En el momento de establecer el enlace no se detectaron contenidos ilegales. Sin embargo, no es razonable un control permanente del contenido de las p\u00e1ginas enlazadas sin pruebas concretas de una infracci\u00f3n. Si tenemos conocimiento de alguna infracci\u00f3n legal, eliminaremos dichos enlaces inmediatamente.<\/p>\n<p>Derechos de autor<\/p>\n<p>Los contenidos y obras creados por los operadores del sitio en estas p\u00e1ginas est\u00e1n sujetos a la legislaci\u00f3n europea sobre derechos de autor. La reproducci\u00f3n, el procesamiento, la distribuci\u00f3n y cualquier forma de comercializaci\u00f3n de dicho material m\u00e1s all\u00e1 del alcance de la ley de derechos de autor requerir\u00e1 el consentimiento previo por escrito de su respectivo autor o creador. Las descargas y copias de este sitio s\u00f3lo est\u00e1n permitidas para uso privado y no comercial. En la medida en que el contenido de este sitio no haya sido creado por el operador, se respetar\u00e1n los derechos de autor de terceros. En particular, los contenidos de terceros est\u00e1n identificados como tales. No obstante, si tiene conocimiento de una infracci\u00f3n de los derechos de autor, le rogamos que nos lo comunique. Si tenemos conocimiento de alguna infracci\u00f3n, eliminaremos inmediatamente dicho contenido.<\/p>\n<p>Protecci\u00f3n de datos<\/p>\n<p>Por lo general, es posible utilizar nuestro sitio web sin necesidad de facilitar datos personales. En la medida en que en nuestras p\u00e1ginas se recaben datos personales (por ejemplo, nombre, direcci\u00f3n o direcciones de correo electr\u00f3nico), siempre se har\u00e1, en la medida de lo posible, de forma voluntaria. Estos datos no se transmitir\u00e1n a terceros sin su consentimiento expreso.<br \/>\nAdvertimos que la transmisi\u00f3n de datos a trav\u00e9s de Internet (por ejemplo, en la comunicaci\u00f3n por correo electr\u00f3nico) puede estar sujeta a vulnerabilidades de seguridad. No es posible una protecci\u00f3n completa de los datos contra el acceso de terceros.<br \/>\nPor la presente, prohibimos expresamente el uso de los datos de contacto publicados en el marco de la obligaci\u00f3n del pie de imprenta por parte de terceros para el env\u00edo de publicidad y material informativo no solicitados. Los operadores de este sitio web se reservan expresamente el derecho a emprender acciones legales en caso de env\u00edo no solicitado de informaci\u00f3n publicitaria, como correos electr\u00f3nicos spam.[\/vc_column_text][\/vc_column][\/vc_row]<\/p>\n","protected":false},"excerpt":{"rendered":"<p>[vc_row][vc_column][vc_column_text bb_tab_container=\u00bb\u00bb]The Survey Scientists, el editor de Online Panel NET es una marca de servicios de investigaci\u00f3n de mercado de Alexander Raulfs, pionero l\u00edder en investigaci\u00f3n de mercado online de Alemania, con m\u00e1s de 27 a\u00f1os de experiencia en investigaci\u00f3n internacional. The Survey Scientists Alexander Raulfs, M.A. Carrer Esglesia 4, 08712 Sant Marti de Tous &#8211; Barcelona, Espa\u00f1a Tel: 0034-938096331 Correo electr\u00f3nico: in**@**************ts.com Web: www.surveyscientists.com N\u00famero de Identificaci\u00f3n Fiscal: ESZ0748764G Responsabilidad por el contenido Los contenidos de nuestras p\u00e1ginas han sido elaborados con el mayor esmero. Sin embargo, no podemos asumir ninguna responsabilidad por la exactitud, integridad y actualidad de los contenidos. Como proveedor de servicios, somos responsables de nuestros propios contenidos en estas p\u00e1ginas de acuerdo con el \u00a7 7 (1) DDG y la legislaci\u00f3n general. Sin embargo, de acuerdo con los \u00a7\u00a7 8 a 10 DDG, como proveedor de servicios no estamos obligados a controlar la informaci\u00f3n ajena transmitida o almacenada ni a investigar circunstancias que indiquen una actividad ilegal. Esto no afecta a las obligaciones de eliminar o bloquear el uso de informaci\u00f3n de conformidad con la legislaci\u00f3n general. Sin embargo, la responsabilidad a este respecto s\u00f3lo es posible a partir del momento en que se tiene conocimiento de una infracci\u00f3n concreta. En cuanto tengamos conocimiento de tales infracciones, eliminaremos inmediatamente estos contenidos. Responsabilidad de los enlaces Nuestro sitio web contiene enlaces a sitios web externos de terceros sobre cuyo contenido no tenemos ninguna influencia. Por lo tanto, no podemos aceptar ninguna responsabilidad por este contenido de terceros. El respectivo proveedor u operador de las p\u00e1ginas es siempre responsable del contenido de las p\u00e1ginas enlazadas. Las p\u00e1ginas enlazadas fueron revisadas en el momento de su vinculaci\u00f3n para detectar posibles infracciones legales. En el momento de establecer el enlace no se detectaron contenidos ilegales. Sin embargo, no es razonable un control permanente del contenido de las p\u00e1ginas enlazadas sin pruebas concretas de una infracci\u00f3n. Si tenemos conocimiento de alguna infracci\u00f3n legal, eliminaremos dichos enlaces inmediatamente. Derechos de autor Los contenidos y obras creados por los operadores del sitio en estas p\u00e1ginas est\u00e1n sujetos a la legislaci\u00f3n europea sobre derechos de autor. La reproducci\u00f3n, el procesamiento, la distribuci\u00f3n y cualquier forma de comercializaci\u00f3n de dicho material m\u00e1s all\u00e1 del alcance de la ley de derechos de autor requerir\u00e1 el consentimiento previo por escrito de su respectivo autor o creador. Las descargas y copias de este sitio s\u00f3lo est\u00e1n permitidas para uso privado y no comercial. En la medida en que el contenido de este sitio no haya sido creado por el operador, se respetar\u00e1n los derechos de autor de terceros. En particular, los contenidos de terceros est\u00e1n identificados como tales. No obstante, si tiene conocimiento de una infracci\u00f3n de los derechos de autor, le rogamos que nos lo comunique. Si tenemos conocimiento de alguna infracci\u00f3n, eliminaremos inmediatamente dicho contenido. Protecci\u00f3n de datos Por lo general, es posible utilizar nuestro sitio web sin necesidad de facilitar datos personales. En la medida en que en nuestras p\u00e1ginas se recaben datos personales (por ejemplo, nombre, direcci\u00f3n o direcciones de correo electr\u00f3nico), siempre se har\u00e1, en la medida de lo posible, de forma voluntaria. Estos datos no se transmitir\u00e1n a terceros sin su consentimiento expreso. Advertimos que la transmisi\u00f3n de datos a trav\u00e9s de Internet (por ejemplo, en la comunicaci\u00f3n por correo electr\u00f3nico) puede estar sujeta a vulnerabilidades de seguridad. No es posible una protecci\u00f3n completa de los datos contra el acceso de terceros. Por la presente, prohibimos expresamente el uso de los datos de contacto publicados en el marco de la obligaci\u00f3n del pie de imprenta por parte de terceros para el env\u00edo de publicidad y material informativo no solicitados. Los operadores de este sitio web se reservan expresamente el derecho a emprender acciones legales en caso de env\u00edo no solicitado de informaci\u00f3n publicitaria, como correos electr\u00f3nicos spam.[\/vc_column_text][\/vc_column][\/vc_row]<\/p>\n","protected":false},"author":1,"featured_media":0,"parent":0,"menu_order":0,"comment_status":"closed","ping_status":"closed","template":"","meta":{"_bbp_topic_count":0,"_bbp_reply_count":0,"_bbp_total_topic_count":0,"_bbp_total_reply_count":0,"_bbp_voice_count":0,"_bbp_anonymous_reply_count":0,"_bbp_topic_count_hidden":0,"_bbp_reply_count_hidden":0,"_bbp_forum_subforum_count":0},"_links":{"self":[{"href":"https:\/\/www.onlinepanel.net\/es\/wp-json\/wp\/v2\/pages\/100027365"}],"collection":[{"href":"https:\/\/www.onlinepanel.net\/es\/wp-json\/wp\/v2\/pages"}],"about":[{"href":"https:\/\/www.onlinepanel.net\/es\/wp-json\/wp\/v2\/types\/page"}],"author":[{"embeddable":true,"href":"https:\/\/www.onlinepanel.net\/es\/wp-json\/wp\/v2\/users\/1"}],"replies":[{"embeddable":true,"href":"https:\/\/www.onlinepanel.net\/es\/wp-json\/wp\/v2\/comments?post=100027365"}],"version-history":[{"count":2,"href":"https:\/\/www.onlinepanel.net\/es\/wp-json\/wp\/v2\/pages\/100027365\/revisions"}],"predecessor-version":[{"id":100027367,"href":"https:\/\/www.onlinepanel.net\/es\/wp-json\/wp\/v2\/pages\/100027365\/revisions\/100027367"}],"wp:attachment":[{"href":"https:\/\/www.onlinepanel.net\/es\/wp-json\/wp\/v2\/media?parent=100027365"}],"curies":[{"name":"wp","href":"https:\/\/api.w.org\/{rel}","templated":true}]}}