{"id":100020409,"date":"2021-09-22T10:43:05","date_gmt":"2021-09-22T10:43:05","guid":{"rendered":"https:\/\/www.onlinepanel.net\/encuestas-moviles\/"},"modified":"2022-01-01T11:29:10","modified_gmt":"2022-01-01T11:29:10","slug":"encuestas-moviles","status":"publish","type":"page","link":"https:\/\/www.onlinepanel.net\/es\/encuestas-moviles\/","title":{"rendered":"Encuestas moviles"},"content":{"rendered":"<p>[vc_row equal_height=\u00bbyes\u00bb content_placement=\u00bbmiddle\u00bb][vc_column width=\u00bb5\/6&#8243;][vc_message message_box_color=\u00bbwhite\u00bb icon_fontawesome=\u00bbfas fa-chart-bar\u00bb]<\/p>\n<h3><a href=\"https:\/\/rewardtk.com\/click.php?aff=6180&amp;camp=3019130&amp;sub1=0\" target=\"_blank\" rel=\"noopener\">Research on Mobile Espa\u00f1a<\/a><\/h3>\n<p><span style=\"color: #808080;\">Realice encuestas con Research on Mobile en Espa\u00f1a. Con cada encuesta completada, siempre se recogen 375 puntos, con hasta 3 encuestas por d\u00eda. Estas encuestas son s\u00f3lo para usuarios de m\u00f3viles con Smartphone o Tablet. Abra, complete una encuesta y obtenga una recompensa con siempre 375 puntos. S\u00f3lo para usuarios de Espa\u00f1a y m\u00f3viles. <\/span>[\/vc_message][\/vc_column][vc_column width=\u00bb1\/6&#8243;][vc_message message_box_color=\u00bbblack\u00bb icon_fontawesome=\u00bbfas fa-edit\u00bb]<\/p>\n<p>&nbsp;<\/p>\n<h1><span style=\"color: #ffffff;\"><a href=\"https:\/\/rewardtk.com\/click.php?aff=6180&amp;camp=3019130&amp;sub1=0\" target=\"_blank\" rel=\"noopener\">375<\/a><\/span><\/h1>\n<p>&nbsp;<\/p>\n<p>[\/vc_message][\/vc_column][\/vc_row][vc_row equal_height=\u00bbyes\u00bb content_placement=\u00bbmiddle\u00bb][vc_column width=\u00bb5\/6&#8243;][vc_message message_box_color=\u00bbgrey\u00bb icon_fontawesome=\u00bbfas fa-chart-pie\u00bb]<\/p>\n<h3><a href=\"https:\/\/rewardtk.com\/click.php?aff=6180&amp;camp=5038706&amp;sub1=0\" target=\"_blank\" rel=\"noopener\">Research XL on Mobile Espa\u00f1a<\/a><\/h3>\n<p><span style=\"color: #808080;\">Realice encuestas con Research on Mobile en Espa\u00f1a. Con cada encuesta completada, siempre se recogen 900 puntos en la versi\u00f3n m\u00e1s larga, con hasta 3 encuestas por d\u00eda. Estas encuestas son s\u00f3lo para usuarios de m\u00f3viles con Smartphone o Tablet. Abra, complete una encuesta y obtenga una recompensa con siempre 900 puntos. S\u00f3lo para usuarios de Espa\u00f1a y m\u00f3viles. <\/span>[\/vc_message][\/vc_column][vc_column width=\u00bb1\/6&#8243;][vc_message message_box_color=\u00bbgrey\u00bb icon_fontawesome=\u00bbfas fa-edit\u00bb]<\/p>\n<p>&nbsp;<\/p>\n<h1><span style=\"color: #ffffff;\"><a href=\"https:\/\/rewardtk.com\/click.php?aff=6180&amp;camp=5038706&amp;sub1=0\" target=\"_blank\" rel=\"noopener\">900<\/a><\/span><\/h1>\n<p>&nbsp;<\/p>\n<p>[\/vc_message][\/vc_column][\/vc_row][vc_row equal_height=\u00bbyes\u00bb content_placement=\u00bbmiddle\u00bb][vc_column width=\u00bb5\/6&#8243;][vc_message message_box_color=\u00bbwhite\u00bb icon_fontawesome=\u00bbfas fa-chart-bar\u00bb]<\/p>\n<h3><a href=\"https:\/\/rewardtk.com\/click.php?aff=6180&amp;camp=4971492&amp;sub1=0\" target=\"_blank\" rel=\"noopener\">Research on Mobile Mexico<\/a><\/h3>\n<p><span style=\"color: #808080;\">Realice encuestas con Research on Mobile en Mexico. Con cada encuesta completada, siempre se recogen 165 puntos, con hasta 3 encuestas por d\u00eda. Estas encuestas son s\u00f3lo para usuarios de m\u00f3viles con Smartphone o Tablet. Abra, complete una encuesta y obtenga una recompensa con siempre 165 puntos. S\u00f3lo para usuarios de Mexico y m\u00f3viles. <\/span>[\/vc_message][\/vc_column][vc_column width=\u00bb1\/6&#8243;][vc_message message_box_color=\u00bbwhite\u00bb icon_fontawesome=\u00bbfas fa-edit\u00bb]<\/p>\n<p>&nbsp;<\/p>\n<h1><span style=\"color: #ffffff;\"><a href=\"https:\/\/rewardtk.com\/click.php?aff=6180&amp;camp=4971492&amp;sub1=0\" target=\"_blank\" rel=\"noopener\">165<\/a><\/span><\/h1>\n<p>&nbsp;<\/p>\n<p>[\/vc_message][\/vc_column][\/vc_row][vc_row equal_height=\u00bbyes\u00bb content_placement=\u00bbmiddle\u00bb][vc_column width=\u00bb5\/6&#8243;][vc_message message_box_color=\u00bbgrey\u00bb icon_fontawesome=\u00bbfas fa-chart-pie\u00bb]<\/p>\n<h3><a href=\"https:\/\/rewardtk.com\/click.php?aff=6180&amp;camp=5038710&amp;sub1=0\" target=\"_blank\" rel=\"noopener\">Research XL on Mobile Mexico<\/a><\/h3>\n<p><span style=\"color: #808080;\">Realice encuestas con Research on Mobile en Mexico. Con cada encuesta completada, siempre se recogen 500 puntos en la versi\u00f3n m\u00e1s larga, con hasta 3 encuestas por d\u00eda. Estas encuestas son s\u00f3lo para usuarios de m\u00f3viles con Smartphone o Tablet. Abra, complete una encuesta y obtenga una recompensa con siempre 500 puntos. S\u00f3lo para usuarios de Mexico y m\u00f3viles. <\/span>[\/vc_message][\/vc_column][vc_column width=\u00bb1\/6&#8243;][vc_message message_box_color=\u00bbgrey\u00bb icon_fontawesome=\u00bbfas fa-edit\u00bb]<\/p>\n<p>&nbsp;<\/p>\n<h1><span style=\"color: #ffffff;\"><a href=\"https:\/\/rewardtk.com\/click.php?aff=6180&amp;camp=5038710&amp;sub1=0\" target=\"_blank\" rel=\"noopener\">500<\/a><\/span><\/h1>\n<p>&nbsp;<\/p>\n<p>[\/vc_message][\/vc_column][\/vc_row][vc_row equal_height=\u00bbyes\u00bb content_placement=\u00bbmiddle\u00bb][vc_column width=\u00bb5\/6&#8243;][vc_message message_box_color=\u00bbwhite\u00bb icon_fontawesome=\u00bbfas fa-chart-bar\u00bb bb_tab_container=\u00bb\u00bb]<\/p>\n<h3><a href=\"https:\/\/rewardtk.com\/click.php?aff=6180&amp;camp=4970884&amp;sub1=0\" target=\"_blank\" rel=\"noopener\">Research on Mobile Argentina<\/a><\/h3>\n<p><span style=\"color: #808080;\">Realice encuestas con Research on Mobile en Argentina. Con cada encuesta completada, siempre se recogen 165 puntos, con hasta 3 encuestas por d\u00eda. Estas encuestas son s\u00f3lo para usuarios de m\u00f3viles con Smartphone o Tablet. Abra, complete una encuesta y obtenga una recompensa con siempre 165 puntos. S\u00f3lo para usuarios de Argentina y m\u00f3viles. <\/span>[\/vc_message][\/vc_column][vc_column width=\u00bb1\/6&#8243;][vc_message message_box_color=\u00bbwhite\u00bb icon_fontawesome=\u00bbfas fa-edit\u00bb bb_tab_container=\u00bb\u00bb]<\/p>\n<p>&nbsp;<\/p>\n<h1><span style=\"color: #ffffff;\"><a href=\"https:\/\/rewardtk.com\/click.php?aff=6180&amp;camp=4970884&amp;sub1=0\" target=\"_blank\" rel=\"noopener\">165<\/a><\/span><\/h1>\n<p>&nbsp;<\/p>\n<p>[\/vc_message][\/vc_column][\/vc_row][vc_row equal_height=\u00bbyes\u00bb content_placement=\u00bbmiddle\u00bb][vc_column width=\u00bb5\/6&#8243;][vc_message message_box_color=\u00bbwhite\u00bb icon_fontawesome=\u00bbfas fa-chart-bar\u00bb bb_tab_container=\u00bb\u00bb]<\/p>\n<h3><a href=\"https:\/\/rewardtk.com\/click.php?aff=6180&amp;camp=4970941&amp;sub1=0\" target=\"_blank\" rel=\"noopener\">Research on Mobile Chile<\/a><\/h3>\n<p><span style=\"color: #808080;\">Realice encuestas con Research on Mobile en Chile. Con cada encuesta completada, siempre se recogen 165 puntos, con hasta 3 encuestas por d\u00eda. Estas encuestas son s\u00f3lo para usuarios de m\u00f3viles con Smartphone o Tablet. Abra, complete una encuesta y obtenga una recompensa con siempre 165 puntos. S\u00f3lo para usuarios de Chile y m\u00f3viles. <\/span>[\/vc_message][\/vc_column][vc_column width=\u00bb1\/6&#8243;][vc_message message_box_color=\u00bbwhite\u00bb icon_fontawesome=\u00bbfas fa-edit\u00bb bb_tab_container=\u00bb\u00bb]<\/p>\n<p>&nbsp;<\/p>\n<h1><span style=\"color: #ffffff;\"><a href=\"https:\/\/rewardtk.com\/click.php?aff=6180&amp;camp=4970941&amp;sub1=0\" target=\"_blank\" rel=\"noopener\">165<\/a><\/span><\/h1>\n<p>&nbsp;<\/p>\n<p>[\/vc_message][\/vc_column][\/vc_row][vc_row equal_height=\u00bbyes\u00bb content_placement=\u00bbmiddle\u00bb][vc_column width=\u00bb5\/6&#8243;][vc_message message_box_color=\u00bbwhite\u00bb icon_fontawesome=\u00bbfas fa-chart-bar\u00bb bb_tab_container=\u00bb\u00bb]<\/p>\n<h3><a href=\"https:\/\/rewardtk.com\/click.php?aff=6180&amp;camp=4970944&amp;sub1=0\" target=\"_blank\" rel=\"noopener\">Research on Mobile Colombia<\/a><\/h3>\n<p><span style=\"color: #808080;\">Realice encuestas con Research on Mobile en Colombia. Con cada encuesta completada, siempre se recogen 150 puntos, con hasta 3 encuestas por d\u00eda. Estas encuestas son s\u00f3lo para usuarios de m\u00f3viles con Smartphone o Tablet. Abra, complete una encuesta y obtenga una recompensa con siempre 150 puntos. S\u00f3lo para usuarios de Colombia y m\u00f3viles. <\/span>[\/vc_message][\/vc_column][vc_column width=\u00bb1\/6&#8243;][vc_message message_box_color=\u00bbwhite\u00bb icon_fontawesome=\u00bbfas fa-edit\u00bb bb_tab_container=\u00bb\u00bb]<\/p>\n<p>&nbsp;<\/p>\n<h1><span style=\"color: #ffffff;\"><a href=\"https:\/\/rewardtk.com\/click.php?aff=6180&amp;camp=4970944&amp;sub1=0\" target=\"_blank\" rel=\"noopener\">150<\/a><\/span><\/h1>\n<p>&nbsp;<\/p>\n<p>[\/vc_message][\/vc_column][\/vc_row][vc_row equal_height=\u00bbyes\u00bb content_placement=\u00bbmiddle\u00bb][vc_column width=\u00bb5\/6&#8243;][vc_message message_box_color=\u00bbwhite\u00bb icon_fontawesome=\u00bbfas fa-chart-bar\u00bb bb_tab_container=\u00bb\u00bb]<\/p>\n<h3><a href=\"https:\/\/rewardtk.com\/click.php?aff=6180&amp;camp=4971501&amp;sub1=0\" target=\"_blank\" rel=\"noopener\">Research on Mobile Peru<\/a><\/h3>\n<p><span style=\"color: #808080;\">Realice encuestas con Research on Mobile en Peru. Con cada encuesta completada, siempre se recogen 150 puntos, con hasta 3 encuestas por d\u00eda. Estas encuestas son s\u00f3lo para usuarios de m\u00f3viles con Smartphone o Tablet. Abra, complete una encuesta y obtenga una recompensa con siempre 150 puntos. S\u00f3lo para usuarios de Peru y m\u00f3viles. <\/span>[\/vc_message][\/vc_column][vc_column width=\u00bb1\/6&#8243;][vc_message message_box_color=\u00bbwhite\u00bb icon_fontawesome=\u00bbfas fa-edit\u00bb bb_tab_container=\u00bb\u00bb]<\/p>\n<p>&nbsp;<\/p>\n<h1><span style=\"color: #ffffff;\"><a href=\"https:\/\/rewardtk.com\/click.php?aff=6180&amp;camp=4971501&amp;sub1=0\" target=\"_blank\" rel=\"noopener\">150<\/a><\/span><\/h1>\n<p>&nbsp;<\/p>\n<p>[\/vc_message][\/vc_column][\/vc_row]<br \/>\n<\/p>\n","protected":false},"excerpt":{"rendered":"<p>[vc_row equal_height=\u00bbyes\u00bb content_placement=\u00bbmiddle\u00bb][vc_column width=\u00bb5\/6&#8243;][vc_message message_box_color=\u00bbwhite\u00bb icon_fontawesome=\u00bbfas fa-chart-bar\u00bb] Research on Mobile Espa\u00f1a Realice encuestas con Research on Mobile en Espa\u00f1a. Con cada encuesta completada, siempre se recogen 375 puntos, con hasta 3 encuestas por d\u00eda. Estas encuestas son s\u00f3lo para usuarios de m\u00f3viles con Smartphone o Tablet. Abra, complete una encuesta y obtenga una recompensa con siempre 375 puntos. S\u00f3lo para usuarios de Espa\u00f1a y m\u00f3viles. [\/vc_message][\/vc_column][vc_column width=\u00bb1\/6&#8243;][vc_message message_box_color=\u00bbblack\u00bb icon_fontawesome=\u00bbfas fa-edit\u00bb] &nbsp; 375 &nbsp; [\/vc_message][\/vc_column][\/vc_row][vc_row equal_height=\u00bbyes\u00bb content_placement=\u00bbmiddle\u00bb][vc_column width=\u00bb5\/6&#8243;][vc_message message_box_color=\u00bbgrey\u00bb icon_fontawesome=\u00bbfas fa-chart-pie\u00bb] Research XL on Mobile Espa\u00f1a Realice encuestas con Research on Mobile en Espa\u00f1a. Con cada encuesta completada, siempre se recogen 900 puntos en la versi\u00f3n m\u00e1s larga, con hasta 3 encuestas por d\u00eda. Estas encuestas son s\u00f3lo para usuarios de m\u00f3viles con Smartphone o Tablet. Abra, complete una encuesta y obtenga una recompensa con siempre 900 puntos. S\u00f3lo para usuarios de Espa\u00f1a y m\u00f3viles. [\/vc_message][\/vc_column][vc_column width=\u00bb1\/6&#8243;][vc_message message_box_color=\u00bbgrey\u00bb icon_fontawesome=\u00bbfas fa-edit\u00bb] &nbsp; 900 &nbsp; [\/vc_message][\/vc_column][\/vc_row][vc_row equal_height=\u00bbyes\u00bb content_placement=\u00bbmiddle\u00bb][vc_column width=\u00bb5\/6&#8243;][vc_message message_box_color=\u00bbwhite\u00bb icon_fontawesome=\u00bbfas fa-chart-bar\u00bb] Research on Mobile Mexico Realice encuestas con Research on Mobile en Mexico. Con cada encuesta completada, siempre se recogen 165 puntos, con hasta 3 encuestas por d\u00eda. Estas encuestas son s\u00f3lo para usuarios de m\u00f3viles con Smartphone o Tablet. Abra, complete una encuesta y obtenga una recompensa con siempre 165 puntos. S\u00f3lo para usuarios de Mexico y m\u00f3viles. [\/vc_message][\/vc_column][vc_column width=\u00bb1\/6&#8243;][vc_message message_box_color=\u00bbwhite\u00bb icon_fontawesome=\u00bbfas fa-edit\u00bb] &nbsp; 165 &nbsp; [\/vc_message][\/vc_column][\/vc_row][vc_row equal_height=\u00bbyes\u00bb content_placement=\u00bbmiddle\u00bb][vc_column width=\u00bb5\/6&#8243;][vc_message message_box_color=\u00bbgrey\u00bb icon_fontawesome=\u00bbfas fa-chart-pie\u00bb] Research XL on Mobile Mexico Realice encuestas con Research on Mobile en Mexico. Con cada encuesta completada, siempre se recogen 500 puntos en la versi\u00f3n m\u00e1s larga, con hasta 3 encuestas por d\u00eda. Estas encuestas son s\u00f3lo para usuarios de m\u00f3viles con Smartphone o Tablet. Abra, complete una encuesta y obtenga una recompensa con siempre 500 puntos. S\u00f3lo para usuarios de Mexico y m\u00f3viles. [\/vc_message][\/vc_column][vc_column width=\u00bb1\/6&#8243;][vc_message message_box_color=\u00bbgrey\u00bb icon_fontawesome=\u00bbfas fa-edit\u00bb] &nbsp; 500 &nbsp; [\/vc_message][\/vc_column][\/vc_row][vc_row equal_height=\u00bbyes\u00bb content_placement=\u00bbmiddle\u00bb][vc_column width=\u00bb5\/6&#8243;][vc_message message_box_color=\u00bbwhite\u00bb icon_fontawesome=\u00bbfas fa-chart-bar\u00bb bb_tab_container=\u00bb\u00bb] Research on Mobile Argentina Realice encuestas con Research on Mobile en Argentina. Con cada encuesta completada, siempre se recogen 165 puntos, con hasta 3 encuestas por d\u00eda. Estas encuestas son s\u00f3lo para usuarios de m\u00f3viles con Smartphone o Tablet. Abra, complete una encuesta y obtenga una recompensa con siempre 165 puntos. S\u00f3lo para usuarios de Argentina y m\u00f3viles. [\/vc_message][\/vc_column][vc_column width=\u00bb1\/6&#8243;][vc_message message_box_color=\u00bbwhite\u00bb icon_fontawesome=\u00bbfas fa-edit\u00bb bb_tab_container=\u00bb\u00bb] &nbsp; 165 &nbsp; [\/vc_message][\/vc_column][\/vc_row][vc_row equal_height=\u00bbyes\u00bb content_placement=\u00bbmiddle\u00bb][vc_column width=\u00bb5\/6&#8243;][vc_message message_box_color=\u00bbwhite\u00bb icon_fontawesome=\u00bbfas fa-chart-bar\u00bb bb_tab_container=\u00bb\u00bb] Research on Mobile Chile Realice encuestas con Research on Mobile en Chile. Con cada encuesta completada, siempre se recogen 165 puntos, con hasta 3 encuestas por d\u00eda. Estas encuestas son s\u00f3lo para usuarios de m\u00f3viles con Smartphone o Tablet. Abra, complete una encuesta y obtenga una recompensa con siempre 165 puntos. S\u00f3lo para usuarios de Chile y m\u00f3viles. [\/vc_message][\/vc_column][vc_column width=\u00bb1\/6&#8243;][vc_message message_box_color=\u00bbwhite\u00bb icon_fontawesome=\u00bbfas fa-edit\u00bb bb_tab_container=\u00bb\u00bb] &nbsp; 165 &nbsp; [\/vc_message][\/vc_column][\/vc_row][vc_row equal_height=\u00bbyes\u00bb content_placement=\u00bbmiddle\u00bb][vc_column width=\u00bb5\/6&#8243;][vc_message message_box_color=\u00bbwhite\u00bb icon_fontawesome=\u00bbfas fa-chart-bar\u00bb bb_tab_container=\u00bb\u00bb] Research on Mobile Colombia Realice encuestas con Research on Mobile en Colombia. Con cada encuesta completada, siempre se recogen 150 puntos, con hasta 3 encuestas por d\u00eda. Estas encuestas son s\u00f3lo para usuarios de m\u00f3viles con Smartphone o Tablet. Abra, complete una encuesta y obtenga una recompensa con siempre 150 puntos. S\u00f3lo para usuarios de Colombia y m\u00f3viles. [\/vc_message][\/vc_column][vc_column width=\u00bb1\/6&#8243;][vc_message message_box_color=\u00bbwhite\u00bb icon_fontawesome=\u00bbfas fa-edit\u00bb bb_tab_container=\u00bb\u00bb] &nbsp; 150 &nbsp; [\/vc_message][\/vc_column][\/vc_row][vc_row equal_height=\u00bbyes\u00bb content_placement=\u00bbmiddle\u00bb][vc_column width=\u00bb5\/6&#8243;][vc_message message_box_color=\u00bbwhite\u00bb icon_fontawesome=\u00bbfas fa-chart-bar\u00bb bb_tab_container=\u00bb\u00bb] Research on Mobile Peru Realice encuestas con Research on Mobile en Peru. Con cada encuesta completada, siempre se recogen 150 puntos, con hasta 3 encuestas por d\u00eda. Estas encuestas son s\u00f3lo para usuarios de m\u00f3viles con Smartphone o Tablet. Abra, complete una encuesta y obtenga una recompensa con siempre 150 puntos. S\u00f3lo para usuarios de Peru y m\u00f3viles. [\/vc_message][\/vc_column][vc_column width=\u00bb1\/6&#8243;][vc_message message_box_color=\u00bbwhite\u00bb icon_fontawesome=\u00bbfas fa-edit\u00bb bb_tab_container=\u00bb\u00bb] &nbsp; 150 &nbsp; [\/vc_message][\/vc_column][\/vc_row]<\/p>\n","protected":false},"author":1,"featured_media":0,"parent":0,"menu_order":0,"comment_status":"closed","ping_status":"closed","template":"","meta":{"_bbp_topic_count":0,"_bbp_reply_count":0,"_bbp_total_topic_count":0,"_bbp_total_reply_count":0,"_bbp_voice_count":0,"_bbp_anonymous_reply_count":0,"_bbp_topic_count_hidden":0,"_bbp_reply_count_hidden":0,"_bbp_forum_subforum_count":0},"_links":{"self":[{"href":"https:\/\/www.onlinepanel.net\/es\/wp-json\/wp\/v2\/pages\/100020409"}],"collection":[{"href":"https:\/\/www.onlinepanel.net\/es\/wp-json\/wp\/v2\/pages"}],"about":[{"href":"https:\/\/www.onlinepanel.net\/es\/wp-json\/wp\/v2\/types\/page"}],"author":[{"embeddable":true,"href":"https:\/\/www.onlinepanel.net\/es\/wp-json\/wp\/v2\/users\/1"}],"replies":[{"embeddable":true,"href":"https:\/\/www.onlinepanel.net\/es\/wp-json\/wp\/v2\/comments?post=100020409"}],"version-history":[{"count":12,"href":"https:\/\/www.onlinepanel.net\/es\/wp-json\/wp\/v2\/pages\/100020409\/revisions"}],"predecessor-version":[{"id":100020891,"href":"https:\/\/www.onlinepanel.net\/es\/wp-json\/wp\/v2\/pages\/100020409\/revisions\/100020891"}],"wp:attachment":[{"href":"https:\/\/www.onlinepanel.net\/es\/wp-json\/wp\/v2\/media?parent=100020409"}],"curies":[{"name":"wp","href":"https:\/\/api.w.org\/{rel}","templated":true}]}}