{"id":100019974,"date":"2021-03-23T12:53:54","date_gmt":"2021-03-23T12:53:54","guid":{"rendered":"https:\/\/www.onlinepanel.net\/pagamentos\/"},"modified":"2021-10-20T10:44:13","modified_gmt":"2021-10-20T10:44:13","slug":"pagamentos","status":"publish","type":"page","link":"https:\/\/www.onlinepanel.net\/es\/pagamentos\/","title":{"rendered":"Pagamentos"},"content":{"rendered":"<p><strong>Una vez que haya acumulado 10.000 puntos<\/strong>, podr\u00e1 solicitar un retiro de 10 USD. <strong>Primero<\/strong>, por favor, haga clic en \u00abSu cuenta Paypal\u00bb para introducir la direcci\u00f3n de correo electr\u00f3nico correcta a su cuenta de PayPal. <strong>A continuaci\u00f3n<\/strong>, introduzca 10000 como n\u00fameros en el campo de abajo y haga clic en el bot\u00f3n de m\u00e1s abajo para enviarnos su solicitud. Los puntos restantes quedar\u00e1n depositados en su cuenta. Le transferiremos el dinero <strong>despu\u00e9s del d\u00eda 15 del mes<\/strong> siguiente, ya que tenemos que esperar la confirmaci\u00f3n final de sus puntos por parte de nuestros socios. Por lo tanto, el pago puede tardar <strong>entre 3 y 6 semanas<\/strong>, dependiendo de cu\u00e1ndo solicite el pago.<\/p>\n\n","protected":false},"excerpt":{"rendered":"<p>Una vez que haya acumulado 10.000 puntos, podr\u00e1 solicitar un retiro de 10 USD. Primero, por favor, haga clic en \u00abSu cuenta Paypal\u00bb para introducir la direcci\u00f3n de correo electr\u00f3nico correcta a su cuenta de PayPal. A continuaci\u00f3n, introduzca 10000 como n\u00fameros en el campo de abajo y haga clic en el bot\u00f3n de m\u00e1s abajo para enviarnos su solicitud. Los puntos restantes quedar\u00e1n depositados en su cuenta. Le transferiremos el dinero despu\u00e9s del d\u00eda 15 del mes siguiente, ya que tenemos que esperar la confirmaci\u00f3n final de sus puntos por parte de nuestros socios. Por lo tanto, el pago puede tardar entre 3 y 6 semanas, dependiendo de cu\u00e1ndo solicite el pago.<\/p>\n","protected":false},"author":1,"featured_media":0,"parent":0,"menu_order":0,"comment_status":"closed","ping_status":"closed","template":"","meta":{"_bbp_topic_count":0,"_bbp_reply_count":0,"_bbp_total_topic_count":0,"_bbp_total_reply_count":0,"_bbp_voice_count":0,"_bbp_anonymous_reply_count":0,"_bbp_topic_count_hidden":0,"_bbp_reply_count_hidden":0,"_bbp_forum_subforum_count":0},"_links":{"self":[{"href":"https:\/\/www.onlinepanel.net\/es\/wp-json\/wp\/v2\/pages\/100019974"}],"collection":[{"href":"https:\/\/www.onlinepanel.net\/es\/wp-json\/wp\/v2\/pages"}],"about":[{"href":"https:\/\/www.onlinepanel.net\/es\/wp-json\/wp\/v2\/types\/page"}],"author":[{"embeddable":true,"href":"https:\/\/www.onlinepanel.net\/es\/wp-json\/wp\/v2\/users\/1"}],"replies":[{"embeddable":true,"href":"https:\/\/www.onlinepanel.net\/es\/wp-json\/wp\/v2\/comments?post=100019974"}],"version-history":[{"count":1,"href":"https:\/\/www.onlinepanel.net\/es\/wp-json\/wp\/v2\/pages\/100019974\/revisions"}],"predecessor-version":[{"id":100020667,"href":"https:\/\/www.onlinepanel.net\/es\/wp-json\/wp\/v2\/pages\/100019974\/revisions\/100020667"}],"wp:attachment":[{"href":"https:\/\/www.onlinepanel.net\/es\/wp-json\/wp\/v2\/media?parent=100019974"}],"curies":[{"name":"wp","href":"https:\/\/api.w.org\/{rel}","templated":true}]}}