{"id":100000691,"date":"2018-03-31T09:39:11","date_gmt":"2018-03-31T09:39:11","guid":{"rendered":"https:\/\/onlinepanel.net\/encuestas\/"},"modified":"2025-04-02T15:17:39","modified_gmt":"2025-04-02T15:17:39","slug":"encuestas","status":"publish","type":"page","link":"https:\/\/www.onlinepanel.net\/es\/encuestas\/","title":{"rendered":"Encuestas"},"content":{"rendered":"<p>[vc_row equal_height=\u00bbyes\u00bb content_placement=\u00bbmiddle\u00bb][vc_column width=\u00bb5\/6&#8243;][vc_message message_box_color=\u00bbgrey\u00bb icon_fontawesome=\u00bbfas fa-globe\u00bb]<\/p>\n<h3><a href=\"https:\/\/www.bigcattracks.com\/aff_c?offer_id=15821&amp;aff_id=22764&amp;aff_sub5=0\" target=\"_blank\" rel=\"noopener\">Dynata Encuestas en todo el mundo<\/a><\/h3>\n<p><span style=\"color: #808080;\">Reciba pagos por encuestas con Dynata Surveys todo el mundo. Con cada encuesta completa, siempre obtiene 400 puntos, con hasta 3 encuestas por d\u00eda. De hecho, puede participar en nuevas encuestas todos los d\u00edas. Los usuarios de todos los pa\u00edses pueden unirse a las encuestas en su idioma. Abra, complete una encuesta y obtenga recompensa con siempre 400 puntos.<\/span>[\/vc_message][\/vc_column][vc_column width=\u00bb1\/6&#8243;][vc_message message_box_color=\u00bbgrey\u00bb icon_fontawesome=\u00bbfas fa-edit\u00bb]<\/p>\n<p>&nbsp;<\/p>\n<h1><span style=\"color: #ffffff;\"><a href=\"https:\/\/www.bigcattracks.com\/aff_c?offer_id=15821&amp;aff_id=22764&amp;aff_sub5=0\" target=\"_blank\" rel=\"noopener\">400<\/a><\/span><\/h1>\n<p>&nbsp;<\/p>\n<p>[\/vc_message][\/vc_column][\/vc_row][vc_row][vc_column][vc_cta h2=\u00bbNielsen Computer &amp; Mobile Panel US Hispanic\u00bb style=\u00bbcustom\u00bb add_button=\u00bbright\u00bb btn_title=\u00bbGana 9999 puntos hoy\u00bb btn_style=\u00bboutline\u00bb btn_color=\u00bbinverse\u00bb btn_align=\u00bbcenter\u00bb add_icon=\u00bbleft\u00bb i_icon_fontawesome=\u00bbfas fa-chart-pie\u00bb custom_background=\u00bb#f8f8f8&#8243; custom_text=\u00bb#232323&#8243;]<a href=\"https:\/\/www.bigcattracks.com\/aff_c?offer_id=12464&amp;aff_id=22764&amp;aff_sub=op0\" target=\"_blank\" rel=\"noopener\"><u>Comience la tarea aqu\u00ed<\/u>: Registre sus dispositivos y gane recompensas con el Panel de Computadoras o M\u00f3viles Nielsen. TAREA: Reg\u00edstrese, instale la aplicaci\u00f3n\/metro y utilice Internet durante 14 d\u00edas normalmente, s\u00f3lo en los Estados Unidos y solo Hispanic (usuarios de habla espa\u00f1ol). <\/a>[\/vc_cta][\/vc_column][\/vc_row]<\/p>\n","protected":false},"excerpt":{"rendered":"<p>[vc_row equal_height=\u00bbyes\u00bb content_placement=\u00bbmiddle\u00bb][vc_column width=\u00bb5\/6&#8243;][vc_message message_box_color=\u00bbgrey\u00bb icon_fontawesome=\u00bbfas fa-globe\u00bb] Dynata Encuestas en todo el mundo Reciba pagos por encuestas con Dynata Surveys todo el mundo. Con cada encuesta completa, siempre obtiene 400 puntos, con hasta 3 encuestas por d\u00eda. De hecho, puede participar en nuevas encuestas todos los d\u00edas. Los usuarios de todos los pa\u00edses pueden unirse a las encuestas en su idioma. Abra, complete una encuesta y obtenga recompensa con siempre 400 puntos.[\/vc_message][\/vc_column][vc_column width=\u00bb1\/6&#8243;][vc_message message_box_color=\u00bbgrey\u00bb icon_fontawesome=\u00bbfas fa-edit\u00bb] &nbsp; 400 &nbsp; [\/vc_message][\/vc_column][\/vc_row][vc_row][vc_column][vc_cta h2=\u00bbNielsen Computer &amp; Mobile Panel US Hispanic\u00bb style=\u00bbcustom\u00bb add_button=\u00bbright\u00bb btn_title=\u00bbGana 9999 puntos hoy\u00bb btn_style=\u00bboutline\u00bb btn_color=\u00bbinverse\u00bb btn_align=\u00bbcenter\u00bb add_icon=\u00bbleft\u00bb i_icon_fontawesome=\u00bbfas fa-chart-pie\u00bb custom_background=\u00bb#f8f8f8&#8243; custom_text=\u00bb#232323&#8243;]Comience la tarea aqu\u00ed: Registre sus dispositivos y gane recompensas con el Panel de Computadoras o M\u00f3viles Nielsen. TAREA: Reg\u00edstrese, instale la aplicaci\u00f3n\/metro y utilice Internet durante 14 d\u00edas normalmente, s\u00f3lo en los Estados Unidos y solo Hispanic (usuarios de habla espa\u00f1ol). [\/vc_cta][\/vc_column][\/vc_row]<\/p>\n","protected":false},"author":1,"featured_media":0,"parent":0,"menu_order":0,"comment_status":"closed","ping_status":"closed","template":"","meta":{"_bbp_topic_count":0,"_bbp_reply_count":0,"_bbp_total_topic_count":0,"_bbp_total_reply_count":0,"_bbp_voice_count":0,"_bbp_anonymous_reply_count":0,"_bbp_topic_count_hidden":0,"_bbp_reply_count_hidden":0,"_bbp_forum_subforum_count":0},"_links":{"self":[{"href":"https:\/\/www.onlinepanel.net\/es\/wp-json\/wp\/v2\/pages\/100000691"}],"collection":[{"href":"https:\/\/www.onlinepanel.net\/es\/wp-json\/wp\/v2\/pages"}],"about":[{"href":"https:\/\/www.onlinepanel.net\/es\/wp-json\/wp\/v2\/types\/page"}],"author":[{"embeddable":true,"href":"https:\/\/www.onlinepanel.net\/es\/wp-json\/wp\/v2\/users\/1"}],"replies":[{"embeddable":true,"href":"https:\/\/www.onlinepanel.net\/es\/wp-json\/wp\/v2\/comments?post=100000691"}],"version-history":[{"count":46,"href":"https:\/\/www.onlinepanel.net\/es\/wp-json\/wp\/v2\/pages\/100000691\/revisions"}],"predecessor-version":[{"id":100028617,"href":"https:\/\/www.onlinepanel.net\/es\/wp-json\/wp\/v2\/pages\/100000691\/revisions\/100028617"}],"wp:attachment":[{"href":"https:\/\/www.onlinepanel.net\/es\/wp-json\/wp\/v2\/media?parent=100000691"}],"curies":[{"name":"wp","href":"https:\/\/api.w.org\/{rel}","templated":true}]}}