{"id":100000415,"date":"2018-03-25T11:44:42","date_gmt":"2018-03-25T11:44:42","guid":{"rendered":"https:\/\/onlinepanel.net\/home-es\/"},"modified":"2024-09-22T09:10:47","modified_gmt":"2024-09-22T09:10:47","slug":"home-es","status":"publish","type":"page","link":"https:\/\/www.onlinepanel.net\/es\/","title":{"rendered":"Home ES"},"content":{"rendered":"<p>[vc_row full_width=\u00bbstretch_row\u00bb equal_height=\u00bbyes\u00bb css_animation=\u00bbfadeIn\u00bb animated_bg=\u00bbtrue\u00bb animated_bg_type=\u00bbgp-scrolling-image\u00bb gradient_style=\u00bbcustom-gradient\u00bb custom_gradient_css=\u00bbbackground: -moz-linear-gradient(45deg, rgba(0,0,0,1) 0%, rgba(0,0,0,0.82) 41%, rgba(54,149,156,0.47) 67%, rgba(0,220,255,0.36) 75%, rgba(195,195,195,0.6) 100%);background: -webkit-linear-gradient(45deg, rgba(0,0,0,1) 0%,rgba(0,0,0,0.82) 41%,rgba(54,149,156,0.47) 67%,rgba(0,220,255,0.36) 75%,rgba(195,195,195,0.6) 100%);background: linear-gradient(45deg, rgba(0,0,0,1) 0%,rgba(0,0,0,0.82) 41%,rgba(54,149,156,0.47) 67%,rgba(0,220,255,0.36) 75%,rgba(195,195,195,0.6) 100%);\u00bb gradient_bg=\u00bbtrue\u00bb css=\u00bb.vc_custom_1726996243650{background-image: url(https:\/\/www.onlinepanel.net\/wp-content\/uploads\/2021\/03\/surveysworldwide.jpg?id=100019881) !important;background-position: center !important;background-repeat: no-repeat !important;background-size: cover !important;}\u00bb bbvcedo_small_css=\u00bb.vc_custom_1514739063126{padding-right: 50px !important;padding-left: 50px !important;}\u00bb bbvcedo_x_small_css=\u00bb.vc_custom_1514739063127{padding-right: 1px !important;padding-left: 1px !important;}\u00bb bb_tab_container=\u00bb\u00bb][vc_column css_animation=\u00bbnone\u00bb background_position=\u00bbright center\u00bb css=\u00bb.vc_custom_1514801972051{padding-top: 0px !important;background-position: center !important;background-repeat: no-repeat !important;background-size: contain !important;}\u00bb bbvcedo_x_large_csstypo=\u00bb.bb_custom_1514801968618{background-image:url(&#8216;https:\/\/onlinepanel.net\/wp-content\/uploads\/2018\/03\/paid-surveys-members.png&#8217;)!important;}\u00bb bbvcedo_small_csstypo=\u00bb.bb_custom_1514801968618{background-image:url(&#8216;https:\/\/onlinepanel.net\/wp-content\/uploads\/2017\/12\/blank.gif&#8217;)!important;}\u00bb bbvcedo_small_css=\u00bb.vc_custom_1514801972055{padding-top: 40px !important;padding-bottom: 40px !important;}\u00bb bbvcedo_x_large_css=\u00bb.vc_custom_1514801972053{padding-top: 80px !important;padding-bottom: 80px !important;}\u00bb][vc_custom_heading text=\u00bbDa tu opini\u00f3n&#8230;\u00bb font_container=\u00bbtag:div|font_size:40px|text_align:left|color:%23ffffff|line_height:60px\u00bb google_fonts=\u00bbfont_family:Roboto%3A100%2C100italic%2C300%2C300italic%2Cregular%2Citalic%2C500%2C500italic%2C700%2C700italic%2C900%2C900italic|font_style:300%20light%20regular%3A300%3Anormal\u00bb css_animation=\u00bbnone\u00bb bbvcedo_x_large_csstypo=\u00bb.bb_custom_1518353660203{line-height:40px!important;letter-spacing:-1px!important;font-size:40px!important;}\u00bb bbvcedo_x_large_css=\u00bb.vc_custom_1518353671340{margin-bottom: 5px !important;}\u00bb][vc_custom_heading text=\u00bb\u00danete al club encuestas\u00bb font_container=\u00bbtag:div|font_size:50px|text_align:left|color:%2339c8df|line_height:75px\u00bb google_fonts=\u00bbfont_family:Roboto%3A100%2C100italic%2C300%2C300italic%2Cregular%2Citalic%2C500%2C500italic%2C700%2C700italic%2C900%2C900italic|font_style:300%20light%20regular%3A300%3Anormal\u00bb css_animation=\u00bbnone\u00bb bbvcedo_x_large_csstypo=\u00bb.bb_custom_1518349424446{letter-spacing:-3.0px!important;}\u00bb bbvcedo_small_csstypo=\u00bb.bb_custom_1518349424448{color:#ffffff!important;line-height:42px!important;font-size:42px!important;}\u00bb bbvcedo_x_large_css=\u00bb.vc_custom_1518349432555{margin-bottom: 30px !important;margin-left: 20px !important;}\u00bb][vc_custom_heading text=\u00bbEncuestas hasta 3 Euros en efectivo\u00bb font_container=\u00bbtag:p|font_size:20px|text_align:left|color:%23ffffff|line_height:30px\u00bb use_theme_fonts=\u00bbyes\u00bb css_animation=\u00bbnone\u00bb el_class=\u00bbfa-circle-o gp-green\u00bb bbvcedo_x_large_csstypo=\u00bb.bb_custom_1523183301732{font-weight:400!important;}\u00bb][vc_custom_heading text=\u00bbDinero de 8 Euros a trav\u00e9s de PayPal\u00bb font_container=\u00bbtag:p|font_size:20px|text_align:left|color:%23ffffff|line_height:30px\u00bb use_theme_fonts=\u00bbyes\u00bb el_class=\u00bbfa-circle-o gp-green\u00bb bbvcedo_x_large_csstypo=\u00bb.bb_custom_1518349465084{font-weight:400!important;}\u00bb][vc_custom_heading text=\u00bbAcceso mundial a encuestas diarias\u00bb font_container=\u00bbtag:p|font_size:20px|text_align:left|color:%23ffffff|line_height:30px\u00bb use_theme_fonts=\u00bbyes\u00bb el_class=\u00bbfa-circle-o gp-green\u00bb bbvcedo_x_large_csstypo=\u00bb.bb_custom_1518349479922{font-weight:400!important;}\u00bb][vc_custom_heading text=\u00bbTareas, micro empleos y mucho m\u00e1s\u00bb font_container=\u00bbtag:p|font_size:20px|text_align:left|color:%23ffffff|line_height:30px\u00bb use_theme_fonts=\u00bbyes\u00bb el_class=\u00bbfa-circle-o gp-green\u00bb bbvcedo_x_large_csstypo=\u00bb.bb_custom_1518349494460{font-weight:400!important;}\u00bb][vc_btn title=\u00bbReg\u00edstrate gratis ahora\u00bb style=\u00bbgradient-custom\u00bb gradient_custom_color_1=\u00bb#00a0e3&#8243; gradient_custom_color_2=\u00bb#39c8df\u00bb size=\u00bblg\u00bb align=\u00bbleft\u00bb css=\u00bb.vc_custom_1614864322272{margin-top: 30px !important;margin-bottom: 0px !important;}\u00bb bbvcedo_x_large_csstypo=\u00bb.bb_custom_1614250898034{line-height:1!important;font-size:18px!important;}\u00bb link=\u00bburl:https%3A%2F%2Fwww.onlinepanel.net%2Fes%2Fregister%2F\u00bb bbvcedo_small_csstypo=\u00bb.bb_custom_1614250898036{text-align:center!important;}\u00bb][\/vc_column][\/vc_row][vc_row full_width=\u00bbstretch_row\u00bb css=\u00bb.vc_custom_1506940850543{padding-top: 80px !important;padding-bottom: 80px !important;background-color: #ffffff !important;}\u00bb bbvcedo_x_large_css=\u00bb.vc_custom_1506940850545{background-color: #ffffff !important;}\u00bb][vc_column css=\u00bb.vc_custom_1506938780687{padding-top: 0px !important;padding-bottom: 0px !important;}\u00bb][vc_custom_heading text=\u00bbGana dinero para encuestas\u00bb font_container=\u00bbtag:div|font_size:36px|text_align:center|color:%23232323|line_height:36px\u00bb google_fonts=\u00bbfont_family:Roboto%3A100%2C100italic%2C300%2C300italic%2Cregular%2Citalic%2C500%2C500italic%2C700%2C700italic%2C900%2C900italic|font_style:700%20bold%20regular%3A700%3Anormal\u00bb bbvcedo_x_large_csstypo=\u00bb.bb_custom_1518349856405{letter-spacing:-1px!important;}\u00bb css=\u00bb.vc_custom_1518349862043{margin-bottom: 10px !important;}\u00bb][vc_custom_heading text=\u00bbAmplia gama de ofertas para aprovechar sus ganancias, todo a su alcance\u00bb font_container=\u00bbtag:div|text_align:center|color:%23999999&#8243; use_theme_fonts=\u00bbyes\u00bb href=\u00bb\u00abhttps:\/\/www.paidmembershipspro.com\/\u00ab\u00bb bbvcedo_x_large_csstypo=\u00bb.bb_custom_1521113317446{line-height:30px!important;font-size:20px!important;font-weight:400!important;}\u00bb css=\u00bb.vc_custom_1521113328730{margin-bottom: 40px !important;}\u00bb bbvcedo_x_large_css=\u00bb.vc_custom_1521113328735{padding-right: 140px !important;padding-left: 140px !important;}\u00bb bbvcedo_medium_css=\u00bb.vc_custom_1521113328743{padding-right: 0px !important;padding-left: 0px !important;}\u00bb][vc_row_inner equal_height=\u00bbyes\u00bb gap=\u00bb5&#8243;][vc_column_inner el_class=\u00bbgp-flex-column\u00bb width=\u00bb1\/3&#8243;][vc_icon type=\u00bbmaterial\u00bb icon_material=\u00bbvc-material vc-material-lock_outline\u00bb color=\u00bbcustom\u00bb size=\u00bblg\u00bb custom_color=\u00bb#39c8df\u00bb css=\u00bb.vc_custom_1511093525775{margin-top: 0px !important;margin-right: 0px !important;margin-bottom: 0px !important;margin-left: 0px !important;padding-top: 0px !important;padding-right: 0px !important;padding-bottom: 0px !important;padding-left: 0px !important;}\u00bb][vc_column_text]<span style=\"color: #232323; font-size: 20px; line-height: 20px;\"><strong>100% gratis, seguro y justo<\/strong><\/span><\/p>\n<p><span style=\"color: #999999; font-size: 16px; line-height: 24px;\">\u00a1El uso de este club de encuestas es 100% gratis! Nunca le cobramos una tarifa. Su informaci\u00f3n personal nunca ser\u00e1 revelada a otros y se almacena de manera segura. Puede darse de baja f\u00e1cilmente en cualquier momento con un clic. Adem\u00e1s, tenemos una pr\u00e1ctica de pago justo.<\/span>[\/vc_column_text][\/vc_column_inner][vc_column_inner el_class=\u00bbgp-flex-column\u00bb width=\u00bb1\/3&#8243;][vc_icon icon_fontawesome=\u00bbfa fa-pie-chart\u00bb color=\u00bbcustom\u00bb size=\u00bblg\u00bb custom_color=\u00bb#39c8df\u00bb][vc_column_text]<span style=\"color: #232323; font-size: 20px; line-height: 20px;\"><strong>Toma encuestas diariamente<\/strong><\/span><\/p>\n<p><span style=\"color: #999999; font-size: 16px; line-height: 24px;\">Usted es un miembro del Club, que comparte su opini\u00f3n en encuestas en l\u00ednea diariamente. Para cada una de sus participaciones en una encuesta, le pagaremos en consecuencia. Cada tarea completada ser\u00e1 recompensada con dinero en efectivo. Usted consigue hasta 3 Euros por encuesta o tarea completada.<\/span>[\/vc_column_text][\/vc_column_inner][vc_column_inner el_class=\u00bbgp-flex-column\u00bb width=\u00bb1\/3&#8243;][vc_icon icon_fontawesome=\u00bbfa fa-credit-card\u00bb color=\u00bbcustom\u00bb size=\u00bblg\u00bb custom_color=\u00bb#39c8df\u00bb css=\u00bb.vc_custom_1511093541053{margin-top: 0px !important;margin-right: 0px !important;margin-bottom: 0px !important;margin-left: 0px !important;padding-top: 0px !important;padding-right: 0px !important;padding-bottom: 0px !important;padding-left: 0px !important;}\u00bb][vc_column_text]<span style=\"color: #232323; font-size: 20px; line-height: 20px;\"><strong>Retirar dinero desde 8 Euros<\/strong><\/span><\/p>\n<p><span style=\"color: #999999; font-size: 16px; line-height: 24px;\">\u00a1Puedes ganar dinero! Una vez que haya alcanzado el l\u00edmite de pago de 10,000 puntos, equivalente a 10 US$ \/ 8 Euros o convertido en la moneda de su pa\u00eds, p. MX$, recibe el pago de forma autom\u00e1tica. Necesita una cuenta de PayPal para obtener su pago.<\/span>[\/vc_column_text][\/vc_column_inner][\/vc_row_inner][vc_row_inner equal_height=\u00bbyes\u00bb gap=\u00bb5&#8243;][vc_column_inner el_class=\u00bbgp-flex-column\u00bb width=\u00bb1\/3&#8243;][vc_icon icon_fontawesome=\u00bbfa fa-globe\u00bb color=\u00bbcustom\u00bb size=\u00bblg\u00bb custom_color=\u00bb#39c8df\u00bb css=\u00bb.vc_custom_1518350018412{margin-top: 0px !important;margin-right: 0px !important;margin-bottom: 0px !important;margin-left: 0px !important;padding-top: 0px !important;padding-right: 0px !important;padding-bottom: 0px !important;padding-left: 0px !important;}\u00bb][vc_column_text]<span style=\"color: #232323; font-size: 20px; line-height: 20px;\"><strong>Hola a los usuarios del mundo<\/strong><\/span><\/p>\n<p><span style=\"color: #999999; font-size: 16px; line-height: 24px;\">Usted es parte del sitio web de recompensas m\u00e1s confiables para las ofertas de actividades pagadas en su idioma y pa\u00eds. Hemos creado encuestas multiling\u00fces, por ejemplo para Estados Unidos, Australia, Reino Unido, Alemania, Brasil, Canad\u00e1, Francia, Italia, M\u00e9xico, Espa\u00f1a, Pa\u00edses Bajos.<\/span>[\/vc_column_text][\/vc_column_inner][vc_column_inner el_class=\u00bbgp-flex-column\u00bb width=\u00bb1\/3&#8243;][vc_icon icon_fontawesome=\u00bbfa fa-laptop\u00bb color=\u00bbcustom\u00bb size=\u00bblg\u00bb custom_color=\u00bb#39c8df\u00bb css=\u00bb.vc_custom_1518350045002{margin-top: 0px !important;margin-right: 0px !important;margin-bottom: 0px !important;margin-left: 0px !important;padding-top: 0px !important;padding-right: 0px !important;padding-bottom: 0px !important;padding-left: 0px !important;}\u00bb][vc_column_text]<span style=\"color: #232323; font-size: 20px; line-height: 20px;\"><strong>Una cuenta, todas las encuestas <\/strong><\/span><\/p>\n<p><span style=\"color: #999999; font-size: 16px; line-height: 24px;\">\u00bfQuieres ganar m\u00e1s dinero con encuestas pagas? Aqu\u00ed tiene ambas, ya sea que complete nuestras encuestas de club y \/ o que se una a una serie de encuestas proporcionadas por paneles de encuestas bien conocidos. Con su cuenta, tiene acceso a la mayor\u00eda de las encuestas de todos los tiempos.<\/span>[\/vc_column_text][\/vc_column_inner][vc_column_inner el_class=\u00bbgp-flex-column\u00bb width=\u00bb1\/3&#8243;][vc_icon icon_fontawesome=\u00bbfa fa-plus-square-o\u00bb color=\u00bbcustom\u00bb size=\u00bblg\u00bb custom_color=\u00bb#39c8df\u00bb css=\u00bb.vc_custom_1511093557287{margin-top: 0px !important;margin-right: 0px !important;margin-bottom: 0px !important;margin-left: 0px !important;padding-top: 0px !important;padding-right: 0px !important;padding-bottom: 0px !important;padding-left: 0px !important;}\u00bb][vc_column_text]<span style=\"color: #232323; font-size: 20px; line-height: 20px;\"><strong>Micro empleos, tareas y m\u00e1s<\/strong><\/span><\/p>\n<p><span style=\"color: #999999; font-size: 16px; line-height: 24px;\">El club de encuestas ofrece numerosas actividades interesantes y desafiantes para su uso y para ser pagado en su idioma, tales como: completar tareas, probar aplicaciones, descubrir ofertas y mucho m\u00e1s. \u00a1Cada tarea y oferta completada ser\u00e1n recompensadas!<\/span>[\/vc_column_text][\/vc_column_inner][\/vc_row_inner][\/vc_column][\/vc_row]<\/p>\n","protected":false},"excerpt":{"rendered":"<p>[vc_row full_width=\u00bbstretch_row\u00bb equal_height=\u00bbyes\u00bb css_animation=\u00bbfadeIn\u00bb animated_bg=\u00bbtrue\u00bb animated_bg_type=\u00bbgp-scrolling-image\u00bb gradient_style=\u00bbcustom-gradient\u00bb custom_gradient_css=\u00bbbackground: -moz-linear-gradient(45deg, rgba(0,0,0,1) 0%, rgba(0,0,0,0.82) 41%, rgba(54,149,156,0.47) 67%, rgba(0,220,255,0.36) 75%, rgba(195,195,195,0.6) 100%);background: -webkit-linear-gradient(45deg, rgba(0,0,0,1) 0%,rgba(0,0,0,0.82) 41%,rgba(54,149,156,0.47) 67%,rgba(0,220,255,0.36) 75%,rgba(195,195,195,0.6) 100%);background: linear-gradient(45deg, rgba(0,0,0,1) 0%,rgba(0,0,0,0.82) 41%,rgba(54,149,156,0.47) 67%,rgba(0,220,255,0.36) 75%,rgba(195,195,195,0.6) 100%);\u00bb gradient_bg=\u00bbtrue\u00bb css=\u00bb.vc_custom_1726996243650{background-image: url(https:\/\/www.onlinepanel.net\/wp-content\/uploads\/2021\/03\/surveysworldwide.jpg?id=100019881) !important;background-position: center !important;background-repeat: no-repeat !important;background-size: cover !important;}\u00bb bbvcedo_small_css=\u00bb.vc_custom_1514739063126{padding-right: 50px !important;padding-left: 50px !important;}\u00bb bbvcedo_x_small_css=\u00bb.vc_custom_1514739063127{padding-right: 1px !important;padding-left: 1px !important;}\u00bb bb_tab_container=\u00bb\u00bb][vc_column css_animation=\u00bbnone\u00bb background_position=\u00bbright center\u00bb css=\u00bb.vc_custom_1514801972051{padding-top: 0px !important;background-position: center !important;background-repeat: no-repeat !important;background-size: contain !important;}\u00bb bbvcedo_x_large_csstypo=\u00bb.bb_custom_1514801968618{background-image:url(&#8216;https:\/\/onlinepanel.net\/wp-content\/uploads\/2018\/03\/paid-surveys-members.png&#8217;)!important;}\u00bb bbvcedo_small_csstypo=\u00bb.bb_custom_1514801968618{background-image:url(&#8216;https:\/\/onlinepanel.net\/wp-content\/uploads\/2017\/12\/blank.gif&#8217;)!important;}\u00bb bbvcedo_small_css=\u00bb.vc_custom_1514801972055{padding-top: 40px !important;padding-bottom: 40px !important;}\u00bb bbvcedo_x_large_css=\u00bb.vc_custom_1514801972053{padding-top: 80px !important;padding-bottom: 80px !important;}\u00bb][vc_custom_heading text=\u00bbDa tu opini\u00f3n&#8230;\u00bb font_container=\u00bbtag:div|font_size:40px|text_align:left|color:%23ffffff|line_height:60px\u00bb google_fonts=\u00bbfont_family:Roboto%3A100%2C100italic%2C300%2C300italic%2Cregular%2Citalic%2C500%2C500italic%2C700%2C700italic%2C900%2C900italic|font_style:300%20light%20regular%3A300%3Anormal\u00bb css_animation=\u00bbnone\u00bb bbvcedo_x_large_csstypo=\u00bb.bb_custom_1518353660203{line-height:40px!important;letter-spacing:-1px!important;font-size:40px!important;}\u00bb bbvcedo_x_large_css=\u00bb.vc_custom_1518353671340{margin-bottom: 5px !important;}\u00bb][vc_custom_heading text=\u00bb\u00danete al club encuestas\u00bb font_container=\u00bbtag:div|font_size:50px|text_align:left|color:%2339c8df|line_height:75px\u00bb google_fonts=\u00bbfont_family:Roboto%3A100%2C100italic%2C300%2C300italic%2Cregular%2Citalic%2C500%2C500italic%2C700%2C700italic%2C900%2C900italic|font_style:300%20light%20regular%3A300%3Anormal\u00bb css_animation=\u00bbnone\u00bb bbvcedo_x_large_csstypo=\u00bb.bb_custom_1518349424446{letter-spacing:-3.0px!important;}\u00bb bbvcedo_small_csstypo=\u00bb.bb_custom_1518349424448{color:#ffffff!important;line-height:42px!important;font-size:42px!important;}\u00bb bbvcedo_x_large_css=\u00bb.vc_custom_1518349432555{margin-bottom: 30px !important;margin-left: 20px !important;}\u00bb][vc_custom_heading text=\u00bbEncuestas hasta 3 Euros en efectivo\u00bb font_container=\u00bbtag:p|font_size:20px|text_align:left|color:%23ffffff|line_height:30px\u00bb use_theme_fonts=\u00bbyes\u00bb css_animation=\u00bbnone\u00bb el_class=\u00bbfa-circle-o gp-green\u00bb bbvcedo_x_large_csstypo=\u00bb.bb_custom_1523183301732{font-weight:400!important;}\u00bb][vc_custom_heading text=\u00bbDinero de 8 Euros a trav\u00e9s de PayPal\u00bb font_container=\u00bbtag:p|font_size:20px|text_align:left|color:%23ffffff|line_height:30px\u00bb use_theme_fonts=\u00bbyes\u00bb el_class=\u00bbfa-circle-o gp-green\u00bb bbvcedo_x_large_csstypo=\u00bb.bb_custom_1518349465084{font-weight:400!important;}\u00bb][vc_custom_heading text=\u00bbAcceso mundial a encuestas diarias\u00bb font_container=\u00bbtag:p|font_size:20px|text_align:left|color:%23ffffff|line_height:30px\u00bb use_theme_fonts=\u00bbyes\u00bb el_class=\u00bbfa-circle-o gp-green\u00bb bbvcedo_x_large_csstypo=\u00bb.bb_custom_1518349479922{font-weight:400!important;}\u00bb][vc_custom_heading text=\u00bbTareas, micro empleos y mucho m\u00e1s\u00bb font_container=\u00bbtag:p|font_size:20px|text_align:left|color:%23ffffff|line_height:30px\u00bb use_theme_fonts=\u00bbyes\u00bb el_class=\u00bbfa-circle-o gp-green\u00bb bbvcedo_x_large_csstypo=\u00bb.bb_custom_1518349494460{font-weight:400!important;}\u00bb][vc_btn title=\u00bbReg\u00edstrate gratis ahora\u00bb style=\u00bbgradient-custom\u00bb gradient_custom_color_1=\u00bb#00a0e3&#8243; gradient_custom_color_2=\u00bb#39c8df\u00bb size=\u00bblg\u00bb align=\u00bbleft\u00bb css=\u00bb.vc_custom_1614864322272{margin-top: 30px !important;margin-bottom: 0px !important;}\u00bb bbvcedo_x_large_csstypo=\u00bb.bb_custom_1614250898034{line-height:1!important;font-size:18px!important;}\u00bb link=\u00bburl:https%3A%2F%2Fwww.onlinepanel.net%2Fes%2Fregister%2F\u00bb bbvcedo_small_csstypo=\u00bb.bb_custom_1614250898036{text-align:center!important;}\u00bb][\/vc_column][\/vc_row][vc_row full_width=\u00bbstretch_row\u00bb css=\u00bb.vc_custom_1506940850543{padding-top: 80px !important;padding-bottom: 80px !important;background-color: #ffffff !important;}\u00bb bbvcedo_x_large_css=\u00bb.vc_custom_1506940850545{background-color: #ffffff !important;}\u00bb][vc_column css=\u00bb.vc_custom_1506938780687{padding-top: 0px !important;padding-bottom: 0px !important;}\u00bb][vc_custom_heading text=\u00bbGana dinero para encuestas\u00bb font_container=\u00bbtag:div|font_size:36px|text_align:center|color:%23232323|line_height:36px\u00bb google_fonts=\u00bbfont_family:Roboto%3A100%2C100italic%2C300%2C300italic%2Cregular%2Citalic%2C500%2C500italic%2C700%2C700italic%2C900%2C900italic|font_style:700%20bold%20regular%3A700%3Anormal\u00bb bbvcedo_x_large_csstypo=\u00bb.bb_custom_1518349856405{letter-spacing:-1px!important;}\u00bb css=\u00bb.vc_custom_1518349862043{margin-bottom: 10px !important;}\u00bb][vc_custom_heading text=\u00bbAmplia gama de ofertas para aprovechar sus ganancias, todo a su alcance\u00bb font_container=\u00bbtag:div|text_align:center|color:%23999999&#8243; use_theme_fonts=\u00bbyes\u00bb href=\u00bb\u00abhttps:\/\/www.paidmembershipspro.com\/\u00ab\u00bb bbvcedo_x_large_csstypo=\u00bb.bb_custom_1521113317446{line-height:30px!important;font-size:20px!important;font-weight:400!important;}\u00bb css=\u00bb.vc_custom_1521113328730{margin-bottom: 40px !important;}\u00bb bbvcedo_x_large_css=\u00bb.vc_custom_1521113328735{padding-right: 140px !important;padding-left: 140px !important;}\u00bb bbvcedo_medium_css=\u00bb.vc_custom_1521113328743{padding-right: 0px !important;padding-left: 0px !important;}\u00bb][vc_row_inner equal_height=\u00bbyes\u00bb gap=\u00bb5&#8243;][vc_column_inner el_class=\u00bbgp-flex-column\u00bb width=\u00bb1\/3&#8243;][vc_icon type=\u00bbmaterial\u00bb icon_material=\u00bbvc-material vc-material-lock_outline\u00bb color=\u00bbcustom\u00bb size=\u00bblg\u00bb custom_color=\u00bb#39c8df\u00bb css=\u00bb.vc_custom_1511093525775{margin-top: 0px !important;margin-right: 0px !important;margin-bottom: 0px !important;margin-left: 0px !important;padding-top: 0px !important;padding-right: 0px !important;padding-bottom: 0px !important;padding-left: 0px !important;}\u00bb][vc_column_text]100% gratis, seguro y justo \u00a1El uso de este club de encuestas es 100% gratis! Nunca le cobramos una tarifa. Su informaci\u00f3n personal nunca ser\u00e1 revelada a otros y se almacena de manera segura. Puede darse de baja f\u00e1cilmente en cualquier momento con un clic. Adem\u00e1s, tenemos una pr\u00e1ctica de pago justo.[\/vc_column_text][\/vc_column_inner][vc_column_inner el_class=\u00bbgp-flex-column\u00bb width=\u00bb1\/3&#8243;][vc_icon icon_fontawesome=\u00bbfa fa-pie-chart\u00bb color=\u00bbcustom\u00bb size=\u00bblg\u00bb custom_color=\u00bb#39c8df\u00bb][vc_column_text]Toma encuestas diariamente Usted es un miembro del Club, que comparte su opini\u00f3n en encuestas en l\u00ednea diariamente. Para cada una de sus participaciones en una encuesta, le pagaremos en consecuencia. Cada tarea completada ser\u00e1 recompensada con dinero en efectivo. Usted consigue hasta 3 Euros por encuesta o tarea completada.[\/vc_column_text][\/vc_column_inner][vc_column_inner el_class=\u00bbgp-flex-column\u00bb width=\u00bb1\/3&#8243;][vc_icon icon_fontawesome=\u00bbfa fa-credit-card\u00bb color=\u00bbcustom\u00bb size=\u00bblg\u00bb custom_color=\u00bb#39c8df\u00bb css=\u00bb.vc_custom_1511093541053{margin-top: 0px !important;margin-right: 0px !important;margin-bottom: 0px !important;margin-left: 0px !important;padding-top: 0px !important;padding-right: 0px !important;padding-bottom: 0px !important;padding-left: 0px !important;}\u00bb][vc_column_text]Retirar dinero desde 8 Euros \u00a1Puedes ganar dinero! Una vez que haya alcanzado el l\u00edmite de pago de 10,000 puntos, equivalente a 10 US$ \/ 8 Euros o convertido en la moneda de su pa\u00eds, p. MX$, recibe el pago de forma autom\u00e1tica. Necesita una cuenta de PayPal para obtener su pago.[\/vc_column_text][\/vc_column_inner][\/vc_row_inner][vc_row_inner equal_height=\u00bbyes\u00bb gap=\u00bb5&#8243;][vc_column_inner el_class=\u00bbgp-flex-column\u00bb width=\u00bb1\/3&#8243;][vc_icon icon_fontawesome=\u00bbfa fa-globe\u00bb color=\u00bbcustom\u00bb size=\u00bblg\u00bb custom_color=\u00bb#39c8df\u00bb css=\u00bb.vc_custom_1518350018412{margin-top: 0px !important;margin-right: 0px !important;margin-bottom: 0px !important;margin-left: 0px !important;padding-top: 0px !important;padding-right: 0px !important;padding-bottom: 0px !important;padding-left: 0px !important;}\u00bb][vc_column_text]Hola a los usuarios del mundo Usted es parte del sitio web de recompensas m\u00e1s confiables para las ofertas de actividades pagadas en su idioma y pa\u00eds. Hemos creado encuestas multiling\u00fces, por ejemplo para Estados Unidos, Australia, Reino Unido, Alemania, Brasil, Canad\u00e1, Francia, Italia, M\u00e9xico, Espa\u00f1a, Pa\u00edses Bajos.[\/vc_column_text][\/vc_column_inner][vc_column_inner el_class=\u00bbgp-flex-column\u00bb width=\u00bb1\/3&#8243;][vc_icon icon_fontawesome=\u00bbfa fa-laptop\u00bb color=\u00bbcustom\u00bb size=\u00bblg\u00bb custom_color=\u00bb#39c8df\u00bb css=\u00bb.vc_custom_1518350045002{margin-top: 0px !important;margin-right: 0px !important;margin-bottom: 0px !important;margin-left: 0px !important;padding-top: 0px !important;padding-right: 0px !important;padding-bottom: 0px !important;padding-left: 0px !important;}\u00bb][vc_column_text]Una cuenta, todas las encuestas \u00bfQuieres ganar m\u00e1s dinero con encuestas pagas? Aqu\u00ed tiene ambas, ya sea que complete nuestras encuestas de club y \/ o que se una a una serie de encuestas proporcionadas por paneles de encuestas bien conocidos. Con su cuenta, tiene acceso a la mayor\u00eda de las encuestas de todos los tiempos.[\/vc_column_text][\/vc_column_inner][vc_column_inner el_class=\u00bbgp-flex-column\u00bb width=\u00bb1\/3&#8243;][vc_icon icon_fontawesome=\u00bbfa fa-plus-square-o\u00bb color=\u00bbcustom\u00bb size=\u00bblg\u00bb custom_color=\u00bb#39c8df\u00bb css=\u00bb.vc_custom_1511093557287{margin-top: 0px !important;margin-right: 0px !important;margin-bottom: 0px !important;margin-left: 0px !important;padding-top: 0px !important;padding-right: 0px !important;padding-bottom: 0px !important;padding-left: 0px !important;}\u00bb][vc_column_text]Micro empleos, tareas y m\u00e1s El club de encuestas ofrece numerosas actividades interesantes y desafiantes para su uso y para ser pagado en su idioma, tales como: completar tareas, probar aplicaciones, descubrir ofertas y mucho m\u00e1s. \u00a1Cada tarea y oferta completada ser\u00e1n recompensadas![\/vc_column_text][\/vc_column_inner][\/vc_row_inner][\/vc_column][\/vc_row]<\/p>\n","protected":false},"author":1,"featured_media":0,"parent":0,"menu_order":0,"comment_status":"closed","ping_status":"closed","template":"homepage-template.php","meta":{"_bbp_topic_count":0,"_bbp_reply_count":0,"_bbp_total_topic_count":0,"_bbp_total_reply_count":0,"_bbp_voice_count":0,"_bbp_anonymous_reply_count":0,"_bbp_topic_count_hidden":0,"_bbp_reply_count_hidden":0,"_bbp_forum_subforum_count":0},"_links":{"self":[{"href":"https:\/\/www.onlinepanel.net\/es\/wp-json\/wp\/v2\/pages\/100000415"}],"collection":[{"href":"https:\/\/www.onlinepanel.net\/es\/wp-json\/wp\/v2\/pages"}],"about":[{"href":"https:\/\/www.onlinepanel.net\/es\/wp-json\/wp\/v2\/types\/page"}],"author":[{"embeddable":true,"href":"https:\/\/www.onlinepanel.net\/es\/wp-json\/wp\/v2\/users\/1"}],"replies":[{"embeddable":true,"href":"https:\/\/www.onlinepanel.net\/es\/wp-json\/wp\/v2\/comments?post=100000415"}],"version-history":[{"count":11,"href":"https:\/\/www.onlinepanel.net\/es\/wp-json\/wp\/v2\/pages\/100000415\/revisions"}],"predecessor-version":[{"id":100027143,"href":"https:\/\/www.onlinepanel.net\/es\/wp-json\/wp\/v2\/pages\/100000415\/revisions\/100027143"}],"wp:attachment":[{"href":"https:\/\/www.onlinepanel.net\/es\/wp-json\/wp\/v2\/media?parent=100000415"}],"curies":[{"name":"wp","href":"https:\/\/api.w.org\/{rel}","templated":true}]}}