{"id":100020401,"date":"2021-09-22T09:32:58","date_gmt":"2021-09-22T09:32:58","guid":{"rendered":"https:\/\/www.onlinepanel.net\/mobile-umfragen\/"},"modified":"2022-01-01T11:27:32","modified_gmt":"2022-01-01T11:27:32","slug":"mobile-umfragen","status":"publish","type":"page","link":"https:\/\/www.onlinepanel.net\/de\/mobile-umfragen\/","title":{"rendered":"Mobile Umfragen"},"content":{"rendered":"<p>[vc_row equal_height=&#8220;yes&#8220; content_placement=&#8220;middle&#8220;][vc_column width=&#8220;5\/6&#8243;][vc_message message_box_color=&#8220;white&#8220; icon_fontawesome=&#8220;fas fa-chart-bar&#8220; bb_tab_container=&#8220;&#8220;]<\/p>\n<h3><a href=\"https:\/\/rewardtk.com\/click.php?aff=6180&amp;camp=3019124&amp;sub1=0\" target=\"_blank\" rel=\"noopener\">Research on Mobile Deutschland<\/a><\/h3>\n<p><span style=\"color: #808080;\">Nehmen Sie t\u00e4glich an einer Umfragen bei Research on Mobile in Deutschland teil. Jede ausgef\u00fcllte Umfrage wird mit 375 Punkten honoriert, mit bis zu 3 Umfragen pro Tag. Diese Umfragen sind nur f\u00fcr mobile Nutzer mit Smartphone oder Tablet gedacht. Klicken und starten Sie, f\u00fcllen Sie eine Umfrage aus und erhalten Sie eine Belohnung von immer 375 Punkten. Die Umfragen sind nur f\u00fcr mobile Nutzer aus Deutschland. <\/span>[\/vc_message][\/vc_column][vc_column width=&#8220;1\/6&#8243;][vc_message message_box_color=&#8220;white&#8220; icon_fontawesome=&#8220;fas fa-edit&#8220; bb_tab_container=&#8220;&#8220;]<\/p>\n<p>&nbsp;<\/p>\n<h1><span style=\"color: #ffffff;\"><a href=\"https:\/\/rewardtk.com\/click.php?aff=6180&amp;camp=3019124&amp;sub1=0\" target=\"_blank\" rel=\"noopener\">375<\/a><\/span><\/h1>\n<p>&nbsp;<\/p>\n<p>[\/vc_message][\/vc_column][\/vc_row][vc_row equal_height=&#8220;yes&#8220; content_placement=&#8220;middle&#8220;][vc_column width=&#8220;5\/6&#8243;][vc_message message_box_color=&#8220;grey&#8220; icon_fontawesome=&#8220;fas fa-chart-pie&#8220; bb_tab_container=&#8220;&#8220;]<\/p>\n<h3><a href=\"https:\/\/rewardtk.com\/click.php?aff=6180&amp;camp=5029499&amp;sub1=0\" target=\"_blank\" rel=\"noopener\">Research XL on Mobile Deutschland<\/a><\/h3>\n<p><span style=\"color: #808080;\">Nehmen Sie t\u00e4glich an einer Umfragen bei Research on Mobile in Deutschland teil. Jede ausgef\u00fcllte Umfrage wird mit 900 Punkten honoriert, mit bis zu 3 Umfragen pro Tag. Diese Umfragen sind nur f\u00fcr mobile Nutzer mit Smartphone oder Tablet gedacht. Klicken und starten Sie, f\u00fcllen Sie eine Umfrage aus und erhalten Sie eine Belohnung von immer 900 Punkten. Die Umfragen sind nur f\u00fcr mobile Nutzer aus Deutschland. <\/span>[\/vc_message][\/vc_column][vc_column width=&#8220;1\/6&#8243;][vc_message message_box_color=&#8220;grey&#8220; icon_fontawesome=&#8220;fas fa-edit&#8220; bb_tab_container=&#8220;&#8220;]<\/p>\n<p>&nbsp;<\/p>\n<h1><span style=\"color: #ffffff;\"><a href=\"https:\/\/rewardtk.com\/click.php?aff=6180&amp;camp=5029499&amp;sub1=0\" target=\"_blank\" rel=\"noopener\">900<\/a><\/span><\/h1>\n<p>&nbsp;<\/p>\n<p>[\/vc_message][\/vc_column][\/vc_row][vc_row equal_height=&#8220;yes&#8220; content_placement=&#8220;middle&#8220;][vc_column width=&#8220;5\/6&#8243;][vc_message message_box_color=&#8220;white&#8220; icon_fontawesome=&#8220;fas fa-chart-bar&#8220;]<\/p>\n<h3><a href=\"https:\/\/rewardtk.com\/click.php?aff=6180&amp;camp=4970928&amp;sub1=0\" target=\"_blank\" rel=\"noopener\">Research on Mobile Schweiz<\/a><\/h3>\n<p><span style=\"color: #808080;\">Nehmen Sie t\u00e4glich an einer Umfragen bei Research on Mobile in der Schweiz teil. Jede ausgef\u00fcllte Umfrage wird mit 500 Punkten honoriert, mit bis zu 3 Umfragen pro Tag. Diese Umfragen sind nur f\u00fcr mobile Nutzer mit Smartphone oder Tablet gedacht. Klicken und starten Sie, f\u00fcllen Sie eine Umfrage aus und erhalten Sie eine Belohnung von immer 500 Punkten. Die Umfragen sind nur f\u00fcr mobile Nutzer aus der Schweiz. <\/span>[\/vc_message][\/vc_column][vc_column width=&#8220;1\/6&#8243;][vc_message message_box_color=&#8220;black&#8220; icon_fontawesome=&#8220;fas fa-edit&#8220;]<\/p>\n<p>&nbsp;<\/p>\n<h1><span style=\"color: #ffffff;\"><a href=\"https:\/\/rewardtk.com\/click.php?aff=6180&amp;camp=4970928&amp;sub1=0\" target=\"_blank\" rel=\"noopener\">500<\/a><\/span><\/h1>\n<p>&nbsp;<\/p>\n<p>[\/vc_message][\/vc_column][\/vc_row][vc_row equal_height=&#8220;yes&#8220; content_placement=&#8220;middle&#8220;][vc_column width=&#8220;5\/6&#8243;][vc_message message_box_color=&#8220;white&#8220; icon_fontawesome=&#8220;fas fa-chart-bar&#8220;]<\/p>\n<h3><a href=\"https:\/\/rewardtk.com\/click.php?aff=6180&amp;camp=3019100&amp;sub1=0\" target=\"_blank\" rel=\"noopener\">Research on Mobile \u00d6sterreich<\/a><\/h3>\n<p><span style=\"color: #808080;\">Nehmen Sie t\u00e4glich an einer Umfragen bei Research on Mobile in \u00d6sterreich teil. Jede ausgef\u00fcllte Umfrage wird mit 400 Punkten honoriert, mit bis zu 3 Umfragen pro Tag. Diese Umfragen sind nur f\u00fcr mobile Nutzer mit Smartphone oder Tablet gedacht. Klicken und starten Sie, f\u00fcllen Sie eine Umfrage aus und erhalten Sie eine Belohnung von immer 400 Punkten. Die Umfragen sind nur f\u00fcr mobile Nutzer aus \u00d6sterreich. <\/span>[\/vc_message][\/vc_column][vc_column width=&#8220;1\/6&#8243;][vc_message message_box_color=&#8220;grey&#8220; icon_fontawesome=&#8220;fas fa-edit&#8220;]<\/p>\n<p>&nbsp;<\/p>\n<h1><span style=\"color: #ffffff;\"><a href=\"https:\/\/rewardtk.com\/click.php?aff=6180&amp;camp=3019100&amp;sub1=0\" target=\"_blank\" rel=\"noopener\">400<\/a><\/span><\/h1>\n<p>&nbsp;<\/p>\n<p>[\/vc_message][\/vc_column][\/vc_row]<br \/>\n<\/p>\n","protected":false},"excerpt":{"rendered":"<p>[vc_row equal_height=&#8220;yes&#8220; content_placement=&#8220;middle&#8220;][vc_column width=&#8220;5\/6&#8243;][vc_message message_box_color=&#8220;white&#8220; icon_fontawesome=&#8220;fas fa-chart-bar&#8220; bb_tab_container=&#8220;&#8220;] Research on Mobile Deutschland Nehmen Sie t\u00e4glich an einer Umfragen bei Research on Mobile in Deutschland teil. Jede ausgef\u00fcllte Umfrage wird mit 375 Punkten honoriert, mit bis zu 3 Umfragen pro Tag. Diese Umfragen sind nur f\u00fcr mobile Nutzer mit Smartphone oder Tablet gedacht. Klicken und starten Sie, f\u00fcllen Sie eine Umfrage aus und erhalten Sie eine Belohnung von immer 375 Punkten. Die Umfragen sind nur f\u00fcr mobile Nutzer aus Deutschland. [\/vc_message][\/vc_column][vc_column width=&#8220;1\/6&#8243;][vc_message message_box_color=&#8220;white&#8220; icon_fontawesome=&#8220;fas fa-edit&#8220; bb_tab_container=&#8220;&#8220;] &nbsp; 375 &nbsp; [\/vc_message][\/vc_column][\/vc_row][vc_row equal_height=&#8220;yes&#8220; content_placement=&#8220;middle&#8220;][vc_column width=&#8220;5\/6&#8243;][vc_message message_box_color=&#8220;grey&#8220; icon_fontawesome=&#8220;fas fa-chart-pie&#8220; bb_tab_container=&#8220;&#8220;] Research XL on Mobile Deutschland Nehmen Sie t\u00e4glich an einer Umfragen bei Research on Mobile in Deutschland teil. Jede ausgef\u00fcllte Umfrage wird mit 900 Punkten honoriert, mit bis zu 3 Umfragen pro Tag. Diese Umfragen sind nur f\u00fcr mobile Nutzer mit Smartphone oder Tablet gedacht. Klicken und starten Sie, f\u00fcllen Sie eine Umfrage aus und erhalten Sie eine Belohnung von immer 900 Punkten. Die Umfragen sind nur f\u00fcr mobile Nutzer aus Deutschland. [\/vc_message][\/vc_column][vc_column width=&#8220;1\/6&#8243;][vc_message message_box_color=&#8220;grey&#8220; icon_fontawesome=&#8220;fas fa-edit&#8220; bb_tab_container=&#8220;&#8220;] &nbsp; 900 &nbsp; [\/vc_message][\/vc_column][\/vc_row][vc_row equal_height=&#8220;yes&#8220; content_placement=&#8220;middle&#8220;][vc_column width=&#8220;5\/6&#8243;][vc_message message_box_color=&#8220;white&#8220; icon_fontawesome=&#8220;fas fa-chart-bar&#8220;] Research on Mobile Schweiz Nehmen Sie t\u00e4glich an einer Umfragen bei Research on Mobile in der Schweiz teil. Jede ausgef\u00fcllte Umfrage wird mit 500 Punkten honoriert, mit bis zu 3 Umfragen pro Tag. Diese Umfragen sind nur f\u00fcr mobile Nutzer mit Smartphone oder Tablet gedacht. Klicken und starten Sie, f\u00fcllen Sie eine Umfrage aus und erhalten Sie eine Belohnung von immer 500 Punkten. Die Umfragen sind nur f\u00fcr mobile Nutzer aus der Schweiz. [\/vc_message][\/vc_column][vc_column width=&#8220;1\/6&#8243;][vc_message message_box_color=&#8220;black&#8220; icon_fontawesome=&#8220;fas fa-edit&#8220;] &nbsp; 500 &nbsp; [\/vc_message][\/vc_column][\/vc_row][vc_row equal_height=&#8220;yes&#8220; content_placement=&#8220;middle&#8220;][vc_column width=&#8220;5\/6&#8243;][vc_message message_box_color=&#8220;white&#8220; icon_fontawesome=&#8220;fas fa-chart-bar&#8220;] Research on Mobile \u00d6sterreich Nehmen Sie t\u00e4glich an einer Umfragen bei Research on Mobile in \u00d6sterreich teil. Jede ausgef\u00fcllte Umfrage wird mit 400 Punkten honoriert, mit bis zu 3 Umfragen pro Tag. Diese Umfragen sind nur f\u00fcr mobile Nutzer mit Smartphone oder Tablet gedacht. Klicken und starten Sie, f\u00fcllen Sie eine Umfrage aus und erhalten Sie eine Belohnung von immer 400 Punkten. Die Umfragen sind nur f\u00fcr mobile Nutzer aus \u00d6sterreich. [\/vc_message][\/vc_column][vc_column width=&#8220;1\/6&#8243;][vc_message message_box_color=&#8220;grey&#8220; icon_fontawesome=&#8220;fas fa-edit&#8220;] &nbsp; 400 &nbsp; [\/vc_message][\/vc_column][\/vc_row]<\/p>\n","protected":false},"author":1,"featured_media":0,"parent":0,"menu_order":0,"comment_status":"closed","ping_status":"closed","template":"","meta":{"_bbp_topic_count":0,"_bbp_reply_count":0,"_bbp_total_topic_count":0,"_bbp_total_reply_count":0,"_bbp_voice_count":0,"_bbp_anonymous_reply_count":0,"_bbp_topic_count_hidden":0,"_bbp_reply_count_hidden":0,"_bbp_forum_subforum_count":0},"_links":{"self":[{"href":"https:\/\/www.onlinepanel.net\/de\/wp-json\/wp\/v2\/pages\/100020401"}],"collection":[{"href":"https:\/\/www.onlinepanel.net\/de\/wp-json\/wp\/v2\/pages"}],"about":[{"href":"https:\/\/www.onlinepanel.net\/de\/wp-json\/wp\/v2\/types\/page"}],"author":[{"embeddable":true,"href":"https:\/\/www.onlinepanel.net\/de\/wp-json\/wp\/v2\/users\/1"}],"replies":[{"embeddable":true,"href":"https:\/\/www.onlinepanel.net\/de\/wp-json\/wp\/v2\/comments?post=100020401"}],"version-history":[{"count":6,"href":"https:\/\/www.onlinepanel.net\/de\/wp-json\/wp\/v2\/pages\/100020401\/revisions"}],"predecessor-version":[{"id":100020888,"href":"https:\/\/www.onlinepanel.net\/de\/wp-json\/wp\/v2\/pages\/100020401\/revisions\/100020888"}],"wp:attachment":[{"href":"https:\/\/www.onlinepanel.net\/de\/wp-json\/wp\/v2\/media?parent=100020401"}],"curies":[{"name":"wp","href":"https:\/\/api.w.org\/{rel}","templated":true}]}}