{"id":100019967,"date":"2021-03-23T12:21:34","date_gmt":"2021-03-23T12:21:34","guid":{"rendered":"https:\/\/www.onlinepanel.net\/auszahlungen\/"},"modified":"2021-10-20T09:21:05","modified_gmt":"2021-10-20T09:21:05","slug":"auszahlungen","status":"publish","type":"page","link":"https:\/\/www.onlinepanel.net\/de\/auszahlungen\/","title":{"rendered":"Auszahlungen"},"content":{"rendered":"<p><strong>Wenn Sie 10.000 Punkte gesammelt haben<\/strong>, k\u00f6nnen Sie eine Auszahlung \u00fcber 10 USD anfordern. Klicken Sie bitte zuerst auf \u201eIhr PayPal Konto\u201c, um dort eine korrekte E-Mail Adresse zu Ihrem PayPal Kontos anzugeben. Nun tragen Sie bitte in das Feld unten 10000 als Zahl ein, und klicken auf den Button darunter, um Ihre Anforderung an uns zu \u00fcbersenden. Der Rest an Punkten bleibt auf Ihrem Konto stehen. Eine \u00dcberweisung an Sie wird von uns <strong>nach dem 15. des folgenden Monats<\/strong> vorgenommen, weil wir die endg\u00fcltige Best\u00e4tigung Ihrer Punkte durch unsere Partner abwarten m\u00fcssen. Somit kann eine Auszahlung <strong>zwischen 3 bis 6 Wochen<\/strong> dauern, je nachdem wann Sie Ihre Auszahlung beantragen. <\/p>\n\n","protected":false},"excerpt":{"rendered":"<p>Wenn Sie 10.000 Punkte gesammelt haben, k\u00f6nnen Sie eine Auszahlung \u00fcber 10 USD anfordern. Klicken Sie bitte zuerst auf \u201eIhr PayPal Konto\u201c, um dort eine korrekte E-Mail Adresse zu Ihrem PayPal Kontos anzugeben. Nun tragen Sie bitte in das Feld unten 10000 als Zahl ein, und klicken auf den Button darunter, um Ihre Anforderung an uns zu \u00fcbersenden. Der Rest an Punkten bleibt auf Ihrem Konto stehen. Eine \u00dcberweisung an Sie wird von uns nach dem 15. des folgenden Monats vorgenommen, weil wir die endg\u00fcltige Best\u00e4tigung Ihrer Punkte durch unsere Partner abwarten m\u00fcssen. Somit kann eine Auszahlung zwischen 3 bis 6 Wochen dauern, je nachdem wann Sie Ihre Auszahlung beantragen.<\/p>\n","protected":false},"author":1,"featured_media":0,"parent":0,"menu_order":0,"comment_status":"closed","ping_status":"closed","template":"","meta":{"_bbp_topic_count":0,"_bbp_reply_count":0,"_bbp_total_topic_count":0,"_bbp_total_reply_count":0,"_bbp_voice_count":0,"_bbp_anonymous_reply_count":0,"_bbp_topic_count_hidden":0,"_bbp_reply_count_hidden":0,"_bbp_forum_subforum_count":0},"_links":{"self":[{"href":"https:\/\/www.onlinepanel.net\/de\/wp-json\/wp\/v2\/pages\/100019967"}],"collection":[{"href":"https:\/\/www.onlinepanel.net\/de\/wp-json\/wp\/v2\/pages"}],"about":[{"href":"https:\/\/www.onlinepanel.net\/de\/wp-json\/wp\/v2\/types\/page"}],"author":[{"embeddable":true,"href":"https:\/\/www.onlinepanel.net\/de\/wp-json\/wp\/v2\/users\/1"}],"replies":[{"embeddable":true,"href":"https:\/\/www.onlinepanel.net\/de\/wp-json\/wp\/v2\/comments?post=100019967"}],"version-history":[{"count":2,"href":"https:\/\/www.onlinepanel.net\/de\/wp-json\/wp\/v2\/pages\/100019967\/revisions"}],"predecessor-version":[{"id":100019969,"href":"https:\/\/www.onlinepanel.net\/de\/wp-json\/wp\/v2\/pages\/100019967\/revisions\/100019969"}],"wp:attachment":[{"href":"https:\/\/www.onlinepanel.net\/de\/wp-json\/wp\/v2\/media?parent=100019967"}],"curies":[{"name":"wp","href":"https:\/\/api.w.org\/{rel}","templated":true}]}}