{"id":100006452,"date":"2019-05-09T09:44:15","date_gmt":"2019-05-09T09:44:15","guid":{"rendered":"https:\/\/onlinepanel.net\/faq-fragen-und-antworten\/"},"modified":"2021-05-16T10:55:25","modified_gmt":"2021-05-16T10:55:25","slug":"faq-fragen-und-antworten","status":"publish","type":"page","link":"https:\/\/www.onlinepanel.net\/de\/faq-fragen-und-antworten\/","title":{"rendered":"FAQ: Fragen und Antworten"},"content":{"rendered":"<p>Ist das Angebot kostenlos?<br \/>\nAbsolut 100% kostenlos! Es wird niemals eine Geb\u00fchr erhoben und niemals ein Abo abgeschlossen. Es entstehen Ihnen keinerlei Kosten, und es gibt auch keine anderen Vertragsbedingungen.<\/p>\n<p>Wie kann ich mich abmelden?<br \/>\nSie k\u00f6nnen sich jederzeit ganz einfach mit einem Mausklick abmelden. Gehen Sie dazu auf Ihr Konto, wo Sie unter &#8222;Einstellungen&#8220; die Option &#8222;Benutzerkonto l\u00f6schen&#8220; finden. W\u00e4hlen Sie dabei den Punkt &#8222;Ich verstehe die Konsequenzen&#8220; aus, und best\u00e4tigen Sie Ihre Abmeldung per Mausklick auf den Button. Ihre Daten sind damit unwiderbringlich gel\u00f6scht. Senden Sie uns f\u00fcr eine Abmeldung bitte keine E-Mail, sondern nutzen Sie diese Option selbst.<\/p>\n<p>Wie lassen sich meine Punkte einl\u00f6sen?<br \/>\nWenn Sie 10.000 Punkte gesammelt haben, k\u00f6nnen Sie eine Auszahlung \u00fcber 10 USD anfordern. Klicken Sie bitte zuerst auf \u201eIhr PayPal Konto\u201c, um dort eine korrekte E-Mail Adresse zu Ihrem PayPal Kontos anzugeben. Nun tragen Sie bitte in das Feld unten 10000 als Zahl ein, und klicken auf den Button darunter, um Ihre Anforderung an uns zu \u00fcbersenden. Der Rest an Punkten bleibt auf Ihrem Konto stehen. Eine \u00dcberweisung an Sie wird von uns nach dem 15. des folgenden Monats vorgenommen, weil wir die endg\u00fcltige Best\u00e4tigung Ihrer Punkte durch unsere Partner abwarten m\u00fcssen. Somit kann eine Auszahlung zwischen 3 bis 6 Wochen dauern, je nachdem wann Sie Ihre Auszahlung beantragen. Dabei entspricht der Wert immer genau 10.000 Punkte, also genau 10 US$ bzw. in Ihrer jeweiligen W\u00e4hrung ausgezahlt. Der Rest an Punkten bleibt auf Ihrem Konto stehen. Achten Sie bitte darauf, die richtige E-Mail Adresse zu Ihrem PayPal Account anzugeben, eine fehlerhafte \u00dcberweisung k\u00f6nnen wir leider nicht r\u00fcckg\u00e4ngig machen.<\/p>\n<p>Wie viel Geld kann ich mit dem Ausf\u00fcllen von Umfragen verdienen?<br \/>\nDas ist sehr unterschiedlich, aber grunds\u00e4tzlich erhalten Sie bis zu 3 Euro pro Umfrage. Wenn Ihr Konto den Mindestbetrag von 10 US$ (ca. 8,50 Euro) erreicht hat, erhalten Sie automatisch eine \u00dcberweisung von ca. 8,50 Euro auf Ihr PayPal Konto.<\/p>\n<p>Welche Art der Bezahlung erhalte ich?<br \/>\nSie erhalten Geld als Honorar, das Ihnen auf Ihr PayPal Konto \u00fcberwiesen wird. Manchmal nimmt man auch an Gewinnauslosungen teil, wo man Gutscheine oder sogar Bargeld gewinnen kann. Sie m\u00fcssen ein Guthaben von 10000 Punkten (gleich bedeutend mit 10 US$) erreichen, um sich den Verdienst auszahlen zu lassen. 10 Punkt sind somit genau 1 Cent $, wobei 1 US Dollar umgerechnet ca. 0,85 Euro entspricht.<\/p>\n<p>Wie gebe ich mein PayPal Konto bei Ihnen an?<br \/>\nSie m\u00fcssen eine korrekte E-Mail Adresse zu Ihrem PayPal Konto bei uns hinterlegen, damit wir eine Auszahlung an Sie durchf\u00fchren k\u00f6nnen. Klicken Sie bitte auf unserer Seite oben im Men\u00fc auf den skizzierten Kopf (oder Ihr Profilbild), wo Sie einen Men\u00fcpunkt &#8222;Auszahlungen&#8220; finden. Dort k\u00f6nnen Sie Ihre E-Mail Adresse zum PayPal Konto angeben, und Ihre Auszahlung anfordern. Eine automatische Auszahlung wird von uns nicht mehr angeboten.<\/p>\n<p>Wo finde ich mein Konto, z.B. mit meiner Punktehistorie?<br \/>\nGanz einfach oben im Men\u00fc auf den skizzierten Kopf klicken, oder auf Ihr Bild, falls Sie bereits ein Profilbild hoch geladen haben. Sie finden dort mehrere Optionen zu Ihrem Profil sowie Einstellungen, und unter &#8222;My History&#8220; eine ausf\u00fchrliche Aufstellung der bisher verdienten Punkte. Unter &#8222;Profil &#8211; Bearbeiten&#8220; m\u00fcssen Sie auch Ihr PayPal Konto angeben.<\/p>\n<p>Wer kann eigentlich an Umfragen teilnehmen?<br \/>\nAlle ab 16 Jahren, die \u00fcber einen Internetzugang verf\u00fcgen. Es darf sich jeweils nur 1 Person pro Haushalt in unserem Umfragen Panel registrieren. F\u00fcr die Auszahlung Ihrer Honorare ab 10 US$ (ca. 8,50 Euro) ben\u00f6tigen Sie ein PayPal Konto.<\/p>\n<p>Kann ich auch aus meinem Land an Ihren Angeboten teilnehmen?<br \/>\nBitte schauen Sie bei der Anmeldung nach Ihrem Land aus unserer Liste, sollte dies als eines von den 45 m\u00f6glichen L\u00e4ndern aufgef\u00fchrt sein, lohnt sich eine Anmeldung f\u00fcr Sie.<\/p>\n<p>Wie oft werde ich generell zur Teilnahme an Umfragen eingeladen?<br \/>\nSie werden nicht zu den Online-Umfragen von uns per E-Mail eingeladen. In Ihrem Nutzerbereich finden Sie eine Auswahl m\u00f6glicher Umfragen und anderer Angebote, an denen Sie t\u00e4glich teilnehmen k\u00f6nnen. Kommen Sie daher jeden Tag wieder und verdienen Sie Punkte. Einmal pro Woche k\u00f6nnen Sie auch ohne Vorbedingungen, Punkte bei unserem Gl\u00fccksrad gewinnen.<\/p>\n<p>Ich w\u00fcrde mich gerne bei Ihnen auf der Website anmelden, um Ihre interessanten Angebote zu Promoten. Wie?<br \/>\nWir haben ein Partnerprogramm nur f\u00fcr Webmaster, nicht f\u00fcr Empfehlungen von Panel-Teilnehmern. Haben Sie eine Website oder \u00c4hnliches, auf der Sie einen Referal Link zu uns integrieren m\u00f6chten, nutzen Sie bitte unser Partnerprogramm \u2013 schauen Sie unten auf unserer Homepage nach \u201eAffiliate Program\u201c.<\/p>\n<p>Warum sollte ich an Umfragen teilnehmen, was habe ich davon?<br \/>\nEinerseits werden Sie f\u00fcr jede ausgef\u00fcllte Online-Umfrage bezahlt, andererseits wirken Sie an der Verbesserung von Produkten und Ideen mit sowie lernen die neuesten Innovationen als Erster kennen. Pers\u00f6nlich lernt man unserer Meinung nach auch immer etwas \u00fcber sich selbst, \u00fcber seine Vorlieben und auch Abneigungen gegen\u00fcber bestimmten Produkte und Entwicklungen.<\/p>\n<p>Warum bekomme ich keinen Zugriff, wenn ich mich anmelden m\u00f6chte?<br \/>\nWir behalten uns das Recht vor, unseren Service ohne vorherige Ank\u00fcndigung zu beenden, wenn Sie nach unserem Ermessen unsere Nutzungsbedingungen nicht eingehalten haben oder eine betr\u00fcgerische, strafrechtliche oder sonstige unbefugte T\u00e4tigkeit aus\u00fcben. Es gibt einige Regeln, die Sie befolgen m\u00fcssen, um h\u00e4ufige Fehler und Probleme zu vermeiden, die teilweise zum L\u00f6schen Ihres Kontos f\u00fchren k\u00f6nnen: Verwenden Sie keine VPNs oder Proxy-Server, um Ihre IP-Adresse oder Ihren Standort zu \u00e4ndern; erstellen Sie nicht mehrere und\/oder gef\u00e4lschte Konten.<\/p>\n<p>Warum zeigt mein Konto kein Guthaben an?<br \/>\nWir k\u00f6nnen jegliches Guthaben, das Ihrem Konto zugewiesen wurde, aufgrund einer inaktiven Nutzerschaft innerhalb von 90 Tagen l\u00f6schen. Diese Inaktivit\u00e4t beinhaltet (ist aber nicht nur beschr\u00e4nkt darauf): A) keine Punkteaktivit\u00e4t, also keine Gutschrift an Punkten; B) kein Aufrufen unserer Website und dessen Angebote.<\/p>\n<p>Was kann ich machen, wenn ich Gutschriften an Umfragebeteiligungen nicht erhalte?<br \/>\nSie erhalten Ihre Gutschriften, nachdem Sie die Umfragen von unseren Partnern vollst\u00e4ndig ausgef\u00fcllt haben sowie bis zum Ende abschlie\u00dfen konnten. Bitte achten Sie darauf, alle Regeln zu befolgen, um Ihre Gutschrift zu erhalten: Sie m\u00fcssen bei Umfragen wahrheitsgem\u00e4\u00df und spontan auf die gestellten Fragen antworten. Die Gutschrift f\u00fcr eine Umfrage erfolgt zumeist nicht sofort. Dies kann manchmal sogar bis zu 24 Stunden an Zeit ben\u00f6tigen, um Ihre erfolgreiche Teilnahme zu best\u00e4tigen. Manchmal k\u00f6nnen technische Gr\u00fcnde die Punktegutschrift verz\u00f6gern.<\/p>\n<p>Was kann ich tun, wenn ich die Gutschriften f\u00fcr die Apps nicht erhalte?<br \/>\nJede App hat ihre eigenen Regeln nach denen bezahlt wird. Sie m\u00fcssen die Beschreibungen der Apps sorgf\u00e4ltig vor dem Download lesen. Grunds\u00e4tzlich erhalten Sie Ihre Punkte erst nach dem Download und der abschlie\u00dfenden Nutzung der App f\u00fcr wenigstens einige Minuten. Sie erhalten Gutschriften nur f\u00fcr den ersten Download, also stellen Sie sicher, dass Sie die Apps zum ersten Mal herunterladen.<\/p>\n<p>Wie lange dauern die Umfragen?<br \/>\nDas ist sehr unterschiedlich, es gibt sehr kurze Umfragen von wenigen Minuten bis welche, die bis zu 1 Stunde dauern k\u00f6nnen. Aber in den meisten F\u00e4llen ben\u00f6tigen Sie ca. 15 Minuten f\u00fcr das Ausf\u00fcllen eines Fragebogens. Ihre Bezahlung ist zumeist von der Dauer der Umfrage abh\u00e4ngig, so dass Sie f\u00fcr die l\u00e4ngere Befragungszeit auch ein h\u00f6heres Honorar f\u00fcr Ihre Teilnahme erhalten.<\/p>\n<p>Warum muss ich bei der Anmeldung Daten zur Person angeben?<br \/>\nDie Angabe von pers\u00f6nlichen Daten dient der Einordnung Ihrer Person zu f\u00fcr Sie relevanten Umfragen. H\u00e4ufig gibt es Umfragen nur f\u00fcr einen bestimmten Personenkreis, z.B. f\u00fcr Frauen. Dies dient Ihrer Sicherheit und vor allem garantiert es eine korrekte Auszahlung der Honorare f\u00fcr Ihre Teilnahme.<\/p>\n<p>Werden meine pers\u00f6nlichen Angaben an andere weitergegeben?<br \/>\nIhre E-Mail Adresse wird nur f\u00fcr die Einladungen zu den Online-Umfragen genutzt, und NICHT an andere weitergegeben. Es gibt auch keine Werbung, denn Ihre Anmeldung und Teilnahme dient nur dem Zweck, dass Sie die Fragen der Institute zu verschiedenen Themen beantworten.<\/p>\n<p>Gibt es Garantien?<br \/>\nWir k\u00f6nnen leider keine Garantien f\u00fcr die Nutzung unseres Dienstes und die Services unserer Partner \u00fcbernehmen. Dessen Nutzung ist ohne jegliche Gew\u00e4hrleistung unsererseits, weder ausdr\u00fccklich noch stillschweigend. Die Nutzung der von uns zur Verf\u00fcgung gestellten, jeweiligen Dienstleistungen erfolgt nach eigenem Ermessen und Risiko. Sie sind allein verantwortlich f\u00fcr Sch\u00e4den an Ihrem Ger\u00e4t oder Datenverlust, die daraus resultieren.<\/p>\n<p>Was ist \u00fcberhaupt ein Online-Panel?<br \/>\nEin Online-Panel besteht aus einer festen Anzahl an registrierten Personen, die wiederholt zu den verschiedensten Themen per Internet befragt werden. Auf diese Art und Weise k\u00f6nnen sowohl langfristige Ver\u00e4nderungen und Trends untersucht werden, als auch punktuelle Analysen in der Forschung realisiert werden. Mit Ihrer Teilnahme verbessern Sie damit wesentlich die Entwicklung von Produkten, aber auch gesellschaftliche Aspekte unseres Lebens.<\/p>\n","protected":false},"excerpt":{"rendered":"<p>Ist das Angebot kostenlos? Absolut 100% kostenlos! Es wird niemals eine Geb\u00fchr erhoben und niemals ein Abo abgeschlossen. Es entstehen Ihnen keinerlei Kosten, und es gibt auch keine anderen Vertragsbedingungen. Wie kann ich mich abmelden? Sie k\u00f6nnen sich jederzeit ganz einfach mit einem Mausklick abmelden. Gehen Sie dazu auf Ihr Konto, wo Sie unter &#8222;Einstellungen&#8220; die Option &#8222;Benutzerkonto l\u00f6schen&#8220; finden. W\u00e4hlen Sie dabei den Punkt &#8222;Ich verstehe die Konsequenzen&#8220; aus, und best\u00e4tigen Sie Ihre Abmeldung per Mausklick auf den Button. Ihre Daten sind damit unwiderbringlich gel\u00f6scht. Senden Sie uns f\u00fcr eine Abmeldung bitte keine E-Mail, sondern nutzen Sie diese Option selbst. Wie lassen sich meine Punkte einl\u00f6sen? Wenn Sie 10.000 Punkte gesammelt haben, k\u00f6nnen Sie eine Auszahlung \u00fcber 10 USD anfordern. Klicken Sie bitte zuerst auf \u201eIhr PayPal Konto\u201c, um dort eine korrekte E-Mail Adresse zu Ihrem PayPal Kontos anzugeben. Nun tragen Sie bitte in das Feld unten 10000 als Zahl ein, und klicken auf den Button darunter, um Ihre Anforderung an uns zu \u00fcbersenden. Der Rest an Punkten bleibt auf Ihrem Konto stehen. Eine \u00dcberweisung an Sie wird von uns nach dem 15. des folgenden Monats vorgenommen, weil wir die endg\u00fcltige Best\u00e4tigung Ihrer Punkte durch unsere Partner abwarten m\u00fcssen. Somit kann eine Auszahlung zwischen 3 bis 6 Wochen dauern, je nachdem wann Sie Ihre Auszahlung beantragen. Dabei entspricht der Wert immer genau 10.000 Punkte, also genau 10 US$ bzw. in Ihrer jeweiligen W\u00e4hrung ausgezahlt. Der Rest an Punkten bleibt auf Ihrem Konto stehen. Achten Sie bitte darauf, die richtige E-Mail Adresse zu Ihrem PayPal Account anzugeben, eine fehlerhafte \u00dcberweisung k\u00f6nnen wir leider nicht r\u00fcckg\u00e4ngig machen. Wie viel Geld kann ich mit dem Ausf\u00fcllen von Umfragen verdienen? Das ist sehr unterschiedlich, aber grunds\u00e4tzlich erhalten Sie bis zu 3 Euro pro Umfrage. Wenn Ihr Konto den Mindestbetrag von 10 US$ (ca. 8,50 Euro) erreicht hat, erhalten Sie automatisch eine \u00dcberweisung von ca. 8,50 Euro auf Ihr PayPal Konto. Welche Art der Bezahlung erhalte ich? Sie erhalten Geld als Honorar, das Ihnen auf Ihr PayPal Konto \u00fcberwiesen wird. Manchmal nimmt man auch an Gewinnauslosungen teil, wo man Gutscheine oder sogar Bargeld gewinnen kann. Sie m\u00fcssen ein Guthaben von 10000 Punkten (gleich bedeutend mit 10 US$) erreichen, um sich den Verdienst auszahlen zu lassen. 10 Punkt sind somit genau 1 Cent $, wobei 1 US Dollar umgerechnet ca. 0,85 Euro entspricht. Wie gebe ich mein PayPal Konto bei Ihnen an? Sie m\u00fcssen eine korrekte E-Mail Adresse zu Ihrem PayPal Konto bei uns hinterlegen, damit wir eine Auszahlung an Sie durchf\u00fchren k\u00f6nnen. Klicken Sie bitte auf unserer Seite oben im Men\u00fc auf den skizzierten Kopf (oder Ihr Profilbild), wo Sie einen Men\u00fcpunkt &#8222;Auszahlungen&#8220; finden. Dort k\u00f6nnen Sie Ihre E-Mail Adresse zum PayPal Konto angeben, und Ihre Auszahlung anfordern. Eine automatische Auszahlung wird von uns nicht mehr angeboten. Wo finde ich mein Konto, z.B. mit meiner Punktehistorie? Ganz einfach oben im Men\u00fc auf den skizzierten Kopf klicken, oder auf Ihr Bild, falls Sie bereits ein Profilbild hoch geladen haben. Sie finden dort mehrere Optionen zu Ihrem Profil sowie Einstellungen, und unter &#8222;My History&#8220; eine ausf\u00fchrliche Aufstellung der bisher verdienten Punkte. Unter &#8222;Profil &#8211; Bearbeiten&#8220; m\u00fcssen Sie auch Ihr PayPal Konto angeben. Wer kann eigentlich an Umfragen teilnehmen? Alle ab 16 Jahren, die \u00fcber einen Internetzugang verf\u00fcgen. Es darf sich jeweils nur 1 Person pro Haushalt in unserem Umfragen Panel registrieren. F\u00fcr die Auszahlung Ihrer Honorare ab 10 US$ (ca. 8,50 Euro) ben\u00f6tigen Sie ein PayPal Konto. Kann ich auch aus meinem Land an Ihren Angeboten teilnehmen? Bitte schauen Sie bei der Anmeldung nach Ihrem Land aus unserer Liste, sollte dies als eines von den 45 m\u00f6glichen L\u00e4ndern aufgef\u00fchrt sein, lohnt sich eine Anmeldung f\u00fcr Sie. Wie oft werde ich generell zur Teilnahme an Umfragen eingeladen? Sie werden nicht zu den Online-Umfragen von uns per E-Mail eingeladen. In Ihrem Nutzerbereich finden Sie eine Auswahl m\u00f6glicher Umfragen und anderer Angebote, an denen Sie t\u00e4glich teilnehmen k\u00f6nnen. Kommen Sie daher jeden Tag wieder und verdienen Sie Punkte. Einmal pro Woche k\u00f6nnen Sie auch ohne Vorbedingungen, Punkte bei unserem Gl\u00fccksrad gewinnen. Ich w\u00fcrde mich gerne bei Ihnen auf der Website anmelden, um Ihre interessanten Angebote zu Promoten. Wie? Wir haben ein Partnerprogramm nur f\u00fcr Webmaster, nicht f\u00fcr Empfehlungen von Panel-Teilnehmern. Haben Sie eine Website oder \u00c4hnliches, auf der Sie einen Referal Link zu uns integrieren m\u00f6chten, nutzen Sie bitte unser Partnerprogramm \u2013 schauen Sie unten auf unserer Homepage nach \u201eAffiliate Program\u201c. Warum sollte ich an Umfragen teilnehmen, was habe ich davon? Einerseits werden Sie f\u00fcr jede ausgef\u00fcllte Online-Umfrage bezahlt, andererseits wirken Sie an der Verbesserung von Produkten und Ideen mit sowie lernen die neuesten Innovationen als Erster kennen. Pers\u00f6nlich lernt man unserer Meinung nach auch immer etwas \u00fcber sich selbst, \u00fcber seine Vorlieben und auch Abneigungen gegen\u00fcber bestimmten Produkte und Entwicklungen. Warum bekomme ich keinen Zugriff, wenn ich mich anmelden m\u00f6chte? Wir behalten uns das Recht vor, unseren Service ohne vorherige Ank\u00fcndigung zu beenden, wenn Sie nach unserem Ermessen unsere Nutzungsbedingungen nicht eingehalten haben oder eine betr\u00fcgerische, strafrechtliche oder sonstige unbefugte T\u00e4tigkeit aus\u00fcben. Es gibt einige Regeln, die Sie befolgen m\u00fcssen, um h\u00e4ufige Fehler und Probleme zu vermeiden, die teilweise zum L\u00f6schen Ihres Kontos f\u00fchren k\u00f6nnen: Verwenden Sie keine VPNs oder Proxy-Server, um Ihre IP-Adresse oder Ihren Standort zu \u00e4ndern; erstellen Sie nicht mehrere und\/oder gef\u00e4lschte Konten. Warum zeigt mein Konto kein Guthaben an? Wir k\u00f6nnen jegliches Guthaben, das Ihrem Konto zugewiesen wurde, aufgrund einer inaktiven Nutzerschaft innerhalb von 90 Tagen l\u00f6schen. Diese Inaktivit\u00e4t beinhaltet (ist aber nicht nur beschr\u00e4nkt darauf): A) keine Punkteaktivit\u00e4t, also keine Gutschrift an Punkten; B) kein Aufrufen unserer Website und dessen Angebote. Was kann ich machen, wenn ich Gutschriften an Umfragebeteiligungen nicht erhalte? Sie erhalten Ihre Gutschriften, nachdem Sie die Umfragen von unseren Partnern vollst\u00e4ndig ausgef\u00fcllt haben sowie bis zum Ende abschlie\u00dfen konnten. Bitte achten Sie darauf, alle Regeln zu befolgen, um Ihre Gutschrift zu erhalten: Sie m\u00fcssen bei Umfragen wahrheitsgem\u00e4\u00df und spontan auf die gestellten Fragen antworten. Die Gutschrift f\u00fcr eine Umfrage erfolgt zumeist nicht sofort. Dies kann manchmal sogar bis zu 24 Stunden an Zeit ben\u00f6tigen, um Ihre erfolgreiche Teilnahme zu best\u00e4tigen. Manchmal k\u00f6nnen technische Gr\u00fcnde die Punktegutschrift verz\u00f6gern. Was kann ich tun, wenn ich die Gutschriften f\u00fcr die Apps nicht erhalte? Jede App hat ihre eigenen Regeln nach denen bezahlt wird. Sie m\u00fcssen die Beschreibungen der Apps sorgf\u00e4ltig vor dem Download lesen. Grunds\u00e4tzlich erhalten Sie Ihre Punkte erst nach dem Download und der abschlie\u00dfenden Nutzung der App f\u00fcr wenigstens einige Minuten. Sie erhalten Gutschriften nur f\u00fcr den ersten Download, also stellen Sie sicher, dass Sie die Apps zum ersten Mal herunterladen. Wie lange dauern die Umfragen? Das ist sehr unterschiedlich, es gibt sehr kurze Umfragen von wenigen Minuten bis welche, die bis zu 1 Stunde dauern k\u00f6nnen. Aber in den meisten F\u00e4llen ben\u00f6tigen Sie ca. 15 Minuten f\u00fcr das Ausf\u00fcllen eines Fragebogens. Ihre Bezahlung ist zumeist von der Dauer der Umfrage abh\u00e4ngig, so dass Sie f\u00fcr die l\u00e4ngere Befragungszeit auch ein h\u00f6heres Honorar f\u00fcr Ihre Teilnahme erhalten. Warum muss ich bei der Anmeldung Daten zur Person angeben? Die Angabe von pers\u00f6nlichen Daten dient der Einordnung Ihrer Person zu f\u00fcr Sie relevanten Umfragen. H\u00e4ufig gibt es Umfragen nur f\u00fcr einen bestimmten Personenkreis, z.B. f\u00fcr Frauen. Dies dient Ihrer Sicherheit und vor allem garantiert es eine korrekte Auszahlung der Honorare f\u00fcr Ihre Teilnahme. Werden meine pers\u00f6nlichen Angaben an andere weitergegeben? Ihre E-Mail Adresse wird nur f\u00fcr die Einladungen zu den Online-Umfragen genutzt, und NICHT an andere weitergegeben. Es gibt auch keine Werbung, denn Ihre Anmeldung und Teilnahme dient nur dem Zweck, dass Sie die Fragen der Institute zu verschiedenen Themen beantworten. Gibt es Garantien? Wir k\u00f6nnen leider keine Garantien f\u00fcr die Nutzung unseres Dienstes und die Services unserer Partner \u00fcbernehmen. Dessen Nutzung ist ohne jegliche Gew\u00e4hrleistung unsererseits, weder ausdr\u00fccklich noch stillschweigend. Die Nutzung der von uns zur Verf\u00fcgung gestellten, jeweiligen Dienstleistungen erfolgt nach eigenem Ermessen und Risiko. Sie sind allein verantwortlich f\u00fcr Sch\u00e4den an Ihrem Ger\u00e4t oder Datenverlust, die daraus resultieren. Was ist \u00fcberhaupt ein Online-Panel? Ein Online-Panel besteht aus einer festen Anzahl an registrierten Personen, die wiederholt zu den verschiedensten Themen per Internet befragt werden. Auf diese Art und Weise k\u00f6nnen sowohl langfristige Ver\u00e4nderungen und Trends untersucht werden, als auch punktuelle Analysen in der Forschung realisiert werden. Mit Ihrer Teilnahme verbessern Sie damit wesentlich die Entwicklung von Produkten, aber auch gesellschaftliche Aspekte unseres Lebens.<\/p>\n","protected":false},"author":1,"featured_media":0,"parent":0,"menu_order":0,"comment_status":"closed","ping_status":"closed","template":"","meta":{"_bbp_topic_count":0,"_bbp_reply_count":0,"_bbp_total_topic_count":0,"_bbp_total_reply_count":0,"_bbp_voice_count":0,"_bbp_anonymous_reply_count":0,"_bbp_topic_count_hidden":0,"_bbp_reply_count_hidden":0,"_bbp_forum_subforum_count":0},"_links":{"self":[{"href":"https:\/\/www.onlinepanel.net\/de\/wp-json\/wp\/v2\/pages\/100006452"}],"collection":[{"href":"https:\/\/www.onlinepanel.net\/de\/wp-json\/wp\/v2\/pages"}],"about":[{"href":"https:\/\/www.onlinepanel.net\/de\/wp-json\/wp\/v2\/types\/page"}],"author":[{"embeddable":true,"href":"https:\/\/www.onlinepanel.net\/de\/wp-json\/wp\/v2\/users\/1"}],"replies":[{"embeddable":true,"href":"https:\/\/www.onlinepanel.net\/de\/wp-json\/wp\/v2\/comments?post=100006452"}],"version-history":[{"count":2,"href":"https:\/\/www.onlinepanel.net\/de\/wp-json\/wp\/v2\/pages\/100006452\/revisions"}],"predecessor-version":[{"id":100020024,"href":"https:\/\/www.onlinepanel.net\/de\/wp-json\/wp\/v2\/pages\/100006452\/revisions\/100020024"}],"wp:attachment":[{"href":"https:\/\/www.onlinepanel.net\/de\/wp-json\/wp\/v2\/media?parent=100006452"}],"curies":[{"name":"wp","href":"https:\/\/api.w.org\/{rel}","templated":true}]}}